
{"id":951,"date":"2017-05-01T10:38:36","date_gmt":"2017-05-01T07:38:36","guid":{"rendered":"http:\/\/fecha.gr\/kentriki\/"},"modified":"2018-05-08T20:32:04","modified_gmt":"2018-05-08T17:32:04","slug":"inicio","status":"publish","type":"page","link":"https:\/\/fecha.gr\/es\/inicio\/","title":{"rendered":"inicio"},"content":{"rendered":"[vc_section][vc_row][vc_column][rev_slider_vc alias=\u00bbnews\u00bb][vc_empty_space][\/vc_column][\/vc_row][vc_row equal_height=\u00bbyes\u00bb content_placement=\u00bbtop\u00bb bg_type=\u00bbimage\u00bb parallax_style=\u00bbvcpb-hz-jquery\u00bb bg_image_new=\u00bbid^1017|url^https:\/\/fecha.gr\/wp-content\/uploads\/2017\/05\/cinema-audience-whiter.jpg|caption^null|alt^null|title^cinema-audience-whiter|description^null\u00bb bg_override=\u00bb2&#8243; enable_overlay=\u00bbenable_overlay_value\u00bb overlay_color=\u00bb#ffffff\u00bb overlay_pattern=\u00bbtransperant\u00bb overlay_pattern_opacity=\u00bb100&#8243;][vc_column width=\u00bb1\/3&#8243;][dt_sc_iconbox type=\u00bbtype7&#8243; icon_type=\u00bbimage\u00bb title=\u00bbPrograma\u00bb iconurl=\u00bb995&#8243; class=\u00bblowercase\u00bb]<a href=\"https:\/\/fecha.gr\/es\/programa-2018\/\" target=\"_blank\" rel=\"noopener noreferrer\">Aqu\u00ed<\/a> se encuentra el programa del festival FeCHA 2018<\/p>\n<p><a href=\"https:\/\/fecha.gr\/es\/programa-2017\/\" target=\"_blank\" rel=\"noopener noreferrer\"><img loading=\"lazy\" decoding=\"async\" class=\"aligncenter size-medium wp-image-579\" src=\"https:\/\/fecha.gr\/wp-content\/uploads\/2016\/04\/3d-300x188.jpg\" alt=\"cinema\" width=\"300\" height=\"188\" srcset=\"https:\/\/fecha.gr\/wp-content\/uploads\/2016\/04\/3d-300x188.jpg 300w, https:\/\/fecha.gr\/wp-content\/uploads\/2016\/04\/3d.jpg 1000w\" sizes=\"auto, (max-width: 300px) 100vw, 300px\" \/><\/a>[\/dt_sc_iconbox][\/vc_column][vc_column width=\u00bb1\/3&#8243;][dt_sc_iconbox type=\u00bbtype7&#8243; icon_type=\u00bbimage\u00bb title=\u00bbFeCHA\u00bb iconurl=\u00bb995&#8243; class=\u00bblowercase\u00bb]El FeCHA (Festival de Cine Hispan\u00f3fono de Atenas) se centra en la promoci\u00f3n de estrenos en lengua espa\u00f1ola producidos por pa\u00edses como Espa\u00f1a, Argentina, M\u00e9xico, Cuba, Chile, Colombia, etc., enfatizando en la riqueza cinematogr\u00e1fica de estos pa\u00edses.[\/dt_sc_iconbox][\/vc_column][vc_column width=\u00bb1\/3&#8243;][dt_sc_iconbox type=\u00bbtype7&#8243; icon_type=\u00bbimage\u00bb title=\u00bbInformaci\u00f3n &#8211; Entradas\u00bb iconurl=\u00bb995&#8243; class=\u00bblowercase\u00bb]Usted puede encontrar <a href=\"https:\/\/fecha.gr\/es\/informacion-entradas\/\" target=\"_blank\" rel=\"noopener noreferrer\">aqu\u00ed<\/a> toda la informaci\u00f3n sobre el festival de este a\u00f1o.<\/p>\n<p><a href=\"https:\/\/fecha.gr\/es\/informacion-entradas\/\" target=\"_blank\" rel=\"noopener noreferrer\"><img loading=\"lazy\" decoding=\"async\" class=\"aligncenter size-medium wp-image-1005\" src=\"https:\/\/fecha.gr\/wp-content\/uploads\/2017\/05\/concert-ticket-300x188.jpg\" alt=\"\" width=\"300\" height=\"188\" srcset=\"https:\/\/fecha.gr\/wp-content\/uploads\/2017\/05\/concert-ticket-300x188.jpg 300w, https:\/\/fecha.gr\/wp-content\/uploads\/2017\/05\/concert-ticket.jpg 598w\" sizes=\"auto, (max-width: 300px) 100vw, 300px\" \/><\/a>[\/dt_sc_iconbox][\/vc_column][\/vc_row][vc_row][vc_column][dt_sc_recent_cat_post style=\u00bbblog-medium-style dt-blog-medium-highlight dt-sc-skin-highlight\u00bb excerpt_length=\u00bb40&#8243; show_post_format=\u00bbno\u00bb show_author=\u00bbno\u00bb show_date=\u00bbno\u00bb show_comment=\u00bbno\u00bb show_category=\u00bbno\u00bb show_tag=\u00bbno\u00bb category=\u00bb43, 45&#8243; count=\u00bb15&#8243;][dt_sc_button size=\u00bbsmall\u00bb iconclass=\u00bbfa fa-long-arrow-right\u00bb iconalign=\u00bbicon-right with-icon\u00bb style=\u00bbfilled\u00bb class=\u00bbtype1&#8243; title=\u00bbleer m\u00e1s\u00bb icon_type=\u00bbfontawesome\u00bb target=\u00bb_blank\u00bb \/][\/dt_sc_recent_cat_post][\/vc_column][\/vc_row][\/vc_section]\n","protected":false},"excerpt":{"rendered":"<p>[vc_section][vc_row][vc_column][rev_slider_vc alias=\u00bbnews\u00bb][vc_empty_space][\/vc_column][\/vc_row][vc_row equal_height=\u00bbyes\u00bb content_placement=\u00bbtop\u00bb bg_type=\u00bbimage\u00bb parallax_style=\u00bbvcpb-hz-jquery\u00bb bg_image_new=\u00bbid^1017|url^https:\/\/fecha.gr\/wp-content\/uploads\/2017\/05\/cinema-audience-whiter.jpg|caption^null|alt^null|title^cinema-audience-whiter|description^null\u00bb bg_override=\u00bb2&#8243; enable_overlay=\u00bbenable_overlay_value\u00bb overlay_color=\u00bb#ffffff\u00bb overlay_pattern=\u00bbtransperant\u00bb overlay_pattern_opacity=\u00bb100&#8243;][vc_column width=\u00bb1\/3&#8243;][dt_sc_iconbox type=\u00bbtype7&#8243; icon_type=\u00bbimage\u00bb title=\u00bbPrograma\u00bb iconurl=\u00bb995&#8243; class=\u00bblowercase\u00bb]Aqu\u00ed se encuentra el programa del festival FeCHA 2018 [\/dt_sc_iconbox][\/vc_column][vc_column width=\u00bb1\/3&#8243;][dt_sc_iconbox type=\u00bbtype7&#8243; icon_type=\u00bbimage\u00bb title=\u00bbFeCHA\u00bb iconurl=\u00bb995&#8243; class=\u00bblowercase\u00bb]El FeCHA (Festival de Cine Hispan\u00f3fono de Atenas) se centra en la promoci\u00f3n de estrenos en lengua espa\u00f1ola producidos por pa\u00edses como Espa\u00f1a, Argentina, M\u00e9xico, Cuba, Chile, Colombia,&hellip;<\/p>\n","protected":false},"author":1,"featured_media":721,"parent":0,"menu_order":0,"comment_status":"closed","ping_status":"closed","template":"","meta":{"powered_cache_disable_cache":false,"footnotes":""},"class_list":["post-951","page","type-page","status-publish","has-post-thumbnail","hentry"],"yoast_head":"<!-- This site is optimized with the Yoast SEO plugin v27.3 - https:\/\/yoast.com\/product\/yoast-seo-wordpress\/ -->\n<title>inicio - FeCHA - Festival de Cine Hispan\u00f3fono de Atenas \/ Hispanic Film Festival of Athens<\/title>\n<meta name=\"description\" content=\"FeCHA Festival de Cine Hispan\u00f3fono de Atenas 2018 31 de mayo - 6 de junio 2018 Cine al aire libre Elinis Cinemax\" \/>\n<meta name=\"robots\" content=\"index, follow, max-snippet:-1, max-image-preview:large, max-video-preview:-1\" \/>\n<link rel=\"canonical\" href=\"https:\/\/fecha.gr\/es\/inicio\/\" \/>\n<meta property=\"og:locale\" content=\"es_ES\" \/>\n<meta property=\"og:type\" content=\"article\" \/>\n<meta property=\"og:title\" content=\"FeCHA \u2013 Festival de Cine Hispan\u00f3fono de Atenas 2017\" \/>\n<meta property=\"og:description\" content=\"FeCHA \u2013 Festival de Cine Hispan\u00f3fono de Atenas 2017. 8-15 de junio 2017. Cine al aire libre Lais (Iera Odos 48, Metro estaci\u00f3n Keramikos)\" \/>\n<meta property=\"og:url\" content=\"https:\/\/fecha.gr\/es\/inicio\/\" \/>\n<meta property=\"og:site_name\" content=\"FeCHA - Festival de Cine Hispan\u00f3fono de Atenas \/ Hispanic Film Festival of Athens\" \/>\n<meta property=\"article:modified_time\" content=\"2018-05-08T17:32:04+00:00\" \/>\n<meta property=\"og:image\" content=\"https:\/\/fecha.gr\/wp-content\/uploads\/2016\/05\/fecha-eye.png\" \/>\n\t<meta property=\"og:image:width\" content=\"450\" \/>\n\t<meta property=\"og:image:height\" content=\"526\" \/>\n\t<meta property=\"og:image:type\" content=\"image\/png\" \/>\n<meta name=\"twitter:card\" content=\"summary_large_image\" \/>\n<script type=\"application\/ld+json\" class=\"yoast-schema-graph\">{\"@context\":\"https:\\\/\\\/schema.org\",\"@graph\":[{\"@type\":\"WebPage\",\"@id\":\"https:\\\/\\\/fecha.gr\\\/es\\\/inicio\\\/\",\"url\":\"https:\\\/\\\/fecha.gr\\\/es\\\/inicio\\\/\",\"name\":\"inicio - FeCHA - Festival de Cine Hispan\u00f3fono de Atenas \\\/ Hispanic Film Festival of Athens\",\"isPartOf\":{\"@id\":\"https:\\\/\\\/fecha.gr\\\/#website\"},\"primaryImageOfPage\":{\"@id\":\"https:\\\/\\\/fecha.gr\\\/es\\\/inicio\\\/#primaryimage\"},\"image\":{\"@id\":\"https:\\\/\\\/fecha.gr\\\/es\\\/inicio\\\/#primaryimage\"},\"thumbnailUrl\":\"https:\\\/\\\/fecha.gr\\\/wp-content\\\/uploads\\\/2016\\\/05\\\/fecha-eye.png\",\"datePublished\":\"2017-05-01T07:38:36+00:00\",\"dateModified\":\"2018-05-08T17:32:04+00:00\",\"description\":\"FeCHA Festival de Cine Hispan\u00f3fono de Atenas 2018 31 de mayo - 6 de junio 2018 Cine al aire libre Elinis Cinemax\",\"breadcrumb\":{\"@id\":\"https:\\\/\\\/fecha.gr\\\/es\\\/inicio\\\/#breadcrumb\"},\"inLanguage\":\"es\",\"potentialAction\":[{\"@type\":\"ReadAction\",\"target\":[\"https:\\\/\\\/fecha.gr\\\/es\\\/inicio\\\/\"]}]},{\"@type\":\"ImageObject\",\"inLanguage\":\"es\",\"@id\":\"https:\\\/\\\/fecha.gr\\\/es\\\/inicio\\\/#primaryimage\",\"url\":\"https:\\\/\\\/fecha.gr\\\/wp-content\\\/uploads\\\/2016\\\/05\\\/fecha-eye.png\",\"contentUrl\":\"https:\\\/\\\/fecha.gr\\\/wp-content\\\/uploads\\\/2016\\\/05\\\/fecha-eye.png\",\"width\":450,\"height\":526},{\"@type\":\"BreadcrumbList\",\"@id\":\"https:\\\/\\\/fecha.gr\\\/es\\\/inicio\\\/#breadcrumb\",\"itemListElement\":[{\"@type\":\"ListItem\",\"position\":1,\"name\":\"Home\",\"item\":\"https:\\\/\\\/fecha.gr\\\/es\\\/coming-soon\\\/\"},{\"@type\":\"ListItem\",\"position\":2,\"name\":\"inicio\"}]},{\"@type\":\"WebSite\",\"@id\":\"https:\\\/\\\/fecha.gr\\\/#website\",\"url\":\"https:\\\/\\\/fecha.gr\\\/\",\"name\":\"FeCHA - Festival de Cine Hispan\u00f3fono de Atenas \\\/ Hispanic Film Festival of Athens\",\"description\":\"\",\"publisher\":{\"@id\":\"https:\\\/\\\/fecha.gr\\\/#organization\"},\"potentialAction\":[{\"@type\":\"SearchAction\",\"target\":{\"@type\":\"EntryPoint\",\"urlTemplate\":\"https:\\\/\\\/fecha.gr\\\/?s={search_term_string}\"},\"query-input\":{\"@type\":\"PropertyValueSpecification\",\"valueRequired\":true,\"valueName\":\"search_term_string\"}}],\"inLanguage\":\"es\"},{\"@type\":\"Organization\",\"@id\":\"https:\\\/\\\/fecha.gr\\\/#organization\",\"name\":\"FeCHA - Festival de Cine Hispan\u00f3fono de Atenas\",\"url\":\"https:\\\/\\\/fecha.gr\\\/\",\"logo\":{\"@type\":\"ImageObject\",\"inLanguage\":\"es\",\"@id\":\"https:\\\/\\\/fecha.gr\\\/#\\\/schema\\\/logo\\\/image\\\/\",\"url\":\"https:\\\/\\\/fecha.gr\\\/wp-content\\\/uploads\\\/2016\\\/05\\\/favicon-fecha.png\",\"contentUrl\":\"https:\\\/\\\/fecha.gr\\\/wp-content\\\/uploads\\\/2016\\\/05\\\/favicon-fecha.png\",\"width\":1000,\"height\":1000,\"caption\":\"FeCHA - Festival de Cine Hispan\u00f3fono de Atenas\"},\"image\":{\"@id\":\"https:\\\/\\\/fecha.gr\\\/#\\\/schema\\\/logo\\\/image\\\/\"}}]}<\/script>\n<!-- \/ Yoast SEO plugin. -->","yoast_head_json":{"title":"inicio - FeCHA - Festival de Cine Hispan\u00f3fono de Atenas \/ Hispanic Film Festival of Athens","description":"FeCHA Festival de Cine Hispan\u00f3fono de Atenas 2018 31 de mayo - 6 de junio 2018 Cine al aire libre Elinis Cinemax","robots":{"index":"index","follow":"follow","max-snippet":"max-snippet:-1","max-image-preview":"max-image-preview:large","max-video-preview":"max-video-preview:-1"},"canonical":"https:\/\/fecha.gr\/es\/inicio\/","og_locale":"es_ES","og_type":"article","og_title":"FeCHA \u2013 Festival de Cine Hispan\u00f3fono de Atenas 2017","og_description":"FeCHA \u2013 Festival de Cine Hispan\u00f3fono de Atenas 2017. 8-15 de junio 2017. Cine al aire libre Lais (Iera Odos 48, Metro estaci\u00f3n Keramikos)","og_url":"https:\/\/fecha.gr\/es\/inicio\/","og_site_name":"FeCHA - Festival de Cine Hispan\u00f3fono de Atenas \/ Hispanic Film Festival of Athens","article_modified_time":"2018-05-08T17:32:04+00:00","og_image":[{"width":450,"height":526,"url":"https:\/\/fecha.gr\/wp-content\/uploads\/2016\/05\/fecha-eye.png","type":"image\/png"}],"twitter_card":"summary_large_image","schema":{"@context":"https:\/\/schema.org","@graph":[{"@type":"WebPage","@id":"https:\/\/fecha.gr\/es\/inicio\/","url":"https:\/\/fecha.gr\/es\/inicio\/","name":"inicio - FeCHA - Festival de Cine Hispan\u00f3fono de Atenas \/ Hispanic Film Festival of Athens","isPartOf":{"@id":"https:\/\/fecha.gr\/#website"},"primaryImageOfPage":{"@id":"https:\/\/fecha.gr\/es\/inicio\/#primaryimage"},"image":{"@id":"https:\/\/fecha.gr\/es\/inicio\/#primaryimage"},"thumbnailUrl":"https:\/\/fecha.gr\/wp-content\/uploads\/2016\/05\/fecha-eye.png","datePublished":"2017-05-01T07:38:36+00:00","dateModified":"2018-05-08T17:32:04+00:00","description":"FeCHA Festival de Cine Hispan\u00f3fono de Atenas 2018 31 de mayo - 6 de junio 2018 Cine al aire libre Elinis Cinemax","breadcrumb":{"@id":"https:\/\/fecha.gr\/es\/inicio\/#breadcrumb"},"inLanguage":"es","potentialAction":[{"@type":"ReadAction","target":["https:\/\/fecha.gr\/es\/inicio\/"]}]},{"@type":"ImageObject","inLanguage":"es","@id":"https:\/\/fecha.gr\/es\/inicio\/#primaryimage","url":"https:\/\/fecha.gr\/wp-content\/uploads\/2016\/05\/fecha-eye.png","contentUrl":"https:\/\/fecha.gr\/wp-content\/uploads\/2016\/05\/fecha-eye.png","width":450,"height":526},{"@type":"BreadcrumbList","@id":"https:\/\/fecha.gr\/es\/inicio\/#breadcrumb","itemListElement":[{"@type":"ListItem","position":1,"name":"Home","item":"https:\/\/fecha.gr\/es\/coming-soon\/"},{"@type":"ListItem","position":2,"name":"inicio"}]},{"@type":"WebSite","@id":"https:\/\/fecha.gr\/#website","url":"https:\/\/fecha.gr\/","name":"FeCHA - Festival de Cine Hispan\u00f3fono de Atenas \/ Hispanic Film Festival of Athens","description":"","publisher":{"@id":"https:\/\/fecha.gr\/#organization"},"potentialAction":[{"@type":"SearchAction","target":{"@type":"EntryPoint","urlTemplate":"https:\/\/fecha.gr\/?s={search_term_string}"},"query-input":{"@type":"PropertyValueSpecification","valueRequired":true,"valueName":"search_term_string"}}],"inLanguage":"es"},{"@type":"Organization","@id":"https:\/\/fecha.gr\/#organization","name":"FeCHA - Festival de Cine Hispan\u00f3fono de Atenas","url":"https:\/\/fecha.gr\/","logo":{"@type":"ImageObject","inLanguage":"es","@id":"https:\/\/fecha.gr\/#\/schema\/logo\/image\/","url":"https:\/\/fecha.gr\/wp-content\/uploads\/2016\/05\/favicon-fecha.png","contentUrl":"https:\/\/fecha.gr\/wp-content\/uploads\/2016\/05\/favicon-fecha.png","width":1000,"height":1000,"caption":"FeCHA - Festival de Cine Hispan\u00f3fono de Atenas"},"image":{"@id":"https:\/\/fecha.gr\/#\/schema\/logo\/image\/"}}]}},"_links":{"self":[{"href":"https:\/\/fecha.gr\/es\/wp-json\/wp\/v2\/pages\/951","targetHints":{"allow":["GET"]}}],"collection":[{"href":"https:\/\/fecha.gr\/es\/wp-json\/wp\/v2\/pages"}],"about":[{"href":"https:\/\/fecha.gr\/es\/wp-json\/wp\/v2\/types\/page"}],"author":[{"embeddable":true,"href":"https:\/\/fecha.gr\/es\/wp-json\/wp\/v2\/users\/1"}],"replies":[{"embeddable":true,"href":"https:\/\/fecha.gr\/es\/wp-json\/wp\/v2\/comments?post=951"}],"version-history":[{"count":0,"href":"https:\/\/fecha.gr\/es\/wp-json\/wp\/v2\/pages\/951\/revisions"}],"wp:featuredmedia":[{"embeddable":true,"href":"https:\/\/fecha.gr\/es\/wp-json\/wp\/v2\/media\/721"}],"wp:attachment":[{"href":"https:\/\/fecha.gr\/es\/wp-json\/wp\/v2\/media?parent=951"}],"curies":[{"name":"wp","href":"https:\/\/api.w.org\/{rel}","templated":true}]}}