
{"id":6775,"date":"2024-04-22T18:47:47","date_gmt":"2024-04-22T15:47:47","guid":{"rendered":"https:\/\/fecha.gr\/programa-actividades-paralelas-2024\/"},"modified":"2024-05-23T09:45:14","modified_gmt":"2024-05-23T06:45:14","slug":"programa-actividades-paralelas-2024","status":"publish","type":"page","link":"https:\/\/fecha.gr\/es\/programa-actividades-paralelas-2024\/","title":{"rendered":"Programa Actividades Paralelas 2024"},"content":{"rendered":"\n<p><em>Todas las pel\u00edculas se proyectan con subt\u00edtulos en griego<\/em><\/p>\n\n<h3 class=\"wp-block-heading\">lunes 27 de mayo &#8211; Con entrada gratuita<\/h3>\n\n<p><strong>Unio\u0301n Heleno-Americana<br\/>(22 c\/ Massalias, Atenas)<\/strong><\/p>\n\n<p><strong>18:30<\/strong><\/p>\n\n<p><strong><a href=\"https:\/\/fecha.gr\/es\/6592\/cortometrajes-cortofecha-2024-27-de-mayo\/\">Cortometrajes \u00abcortoFeCHA\u00bb (Duraci\u00f3n 80\u2019)<\/a><\/strong><\/p>\n\n<p><strong>LA MELOD\u00cdA TORRENCIAL<\/strong><br\/>Jos\u00e9 Luis Saturno, M\u00e9xico, 2022, 7\u2019<\/p>\n\n<figure class=\"wp-block-image size-medium\"><img loading=\"lazy\" decoding=\"async\" width=\"300\" height=\"169\" src=\"https:\/\/fecha.gr\/wp-content\/uploads\/2024\/04\/melodiatorrencial1-300x169.jpg\" alt=\"\" class=\"wp-image-6267\" srcset=\"https:\/\/fecha.gr\/wp-content\/uploads\/2024\/04\/melodiatorrencial1-300x169.jpg 300w, https:\/\/fecha.gr\/wp-content\/uploads\/2024\/04\/melodiatorrencial1-1024x576.jpg 1024w, https:\/\/fecha.gr\/wp-content\/uploads\/2024\/04\/melodiatorrencial1-1536x864.jpg 1536w, https:\/\/fecha.gr\/wp-content\/uploads\/2024\/04\/melodiatorrencial1.jpg 1920w\" sizes=\"auto, (max-width: 300px) 100vw, 300px\" \/><\/figure>\n\n<p>Un pueblo en plena sequ\u00eda conf\u00eda su destino a un m\u00fasico errante que tiene el poder de atraer lluvia con la m\u00fasica de su acorde\u00f3n.<\/p>\n\n<p><strong>VALENT\u00cdN, 1989<\/strong><br\/>David Hebrero, Espa\u00f1a, 2023, 23\u2019<\/p>\n\n<figure class=\"wp-block-image size-medium\"><img loading=\"lazy\" decoding=\"async\" width=\"300\" height=\"162\" src=\"https:\/\/fecha.gr\/wp-content\/uploads\/2024\/04\/valentin1989-1-300x162.jpg\" alt=\"\" class=\"wp-image-6270\" srcset=\"https:\/\/fecha.gr\/wp-content\/uploads\/2024\/04\/valentin1989-1-300x162.jpg 300w, https:\/\/fecha.gr\/wp-content\/uploads\/2024\/04\/valentin1989-1-1024x553.jpg 1024w, https:\/\/fecha.gr\/wp-content\/uploads\/2024\/04\/valentin1989-1-1536x829.jpg 1536w, https:\/\/fecha.gr\/wp-content\/uploads\/2024\/04\/valentin1989-1.jpg 2000w\" sizes=\"auto, (max-width: 300px) 100vw, 300px\" \/><\/figure>\n\n<p>Isabel se despierta para descubrir que su madre ha desaparecido misteriosamente y que hoy, justo hoy en el D\u00eda de San Valent\u00edn, su adolescencia va a terminar bruscamente.<\/p>\n\n<p><strong>REGRESO AL ARMARIO<\/strong><br\/>Gerald B. Fillmore, Espa\u00f1a, 2023, 10\u2019<\/p>\n\n<figure class=\"wp-block-image size-medium\"><img loading=\"lazy\" decoding=\"async\" width=\"300\" height=\"162\" src=\"https:\/\/fecha.gr\/wp-content\/uploads\/2024\/04\/regreso-al-armario1-300x162.jpg\" alt=\"\" class=\"wp-image-6255\" srcset=\"https:\/\/fecha.gr\/wp-content\/uploads\/2024\/04\/regreso-al-armario1-300x162.jpg 300w, https:\/\/fecha.gr\/wp-content\/uploads\/2024\/04\/regreso-al-armario1-1024x554.jpg 1024w, https:\/\/fecha.gr\/wp-content\/uploads\/2024\/04\/regreso-al-armario1-1536x831.jpg 1536w, https:\/\/fecha.gr\/wp-content\/uploads\/2024\/04\/regreso-al-armario1-2048x1108.jpg 2048w\" sizes=\"auto, (max-width: 300px) 100vw, 300px\" \/><\/figure>\n\n<p>Tras diez a\u00f1os viviendo juntos, Sebasti\u00e1n va a decirle la verdad a Luc\u00eda sobre su orientaci\u00f3n sexual. El pobre lleva a\u00f1os escondi\u00e9ndose por miedo a que no le acepten pero por fin se ha decidido a contarle a Luc\u00eda la verdad: Sebasti\u00e1n es heterosexual. Ha llegado la hora de salir del armario, bueno, entrar.<\/p>\n\n<p><strong>CUENTAS DIVINAS<\/strong><br\/>Eul\u00e0lia Ramon, Espa\u00f1a, 2022, 12\u2019<\/p>\n\n<figure class=\"wp-block-image size-medium\"><img loading=\"lazy\" decoding=\"async\" width=\"300\" height=\"188\" src=\"https:\/\/fecha.gr\/wp-content\/uploads\/2024\/04\/cuentas-divinas-1-300x188.jpg\" alt=\"\" class=\"wp-image-6264\" srcset=\"https:\/\/fecha.gr\/wp-content\/uploads\/2024\/04\/cuentas-divinas-1-300x188.jpg 300w, https:\/\/fecha.gr\/wp-content\/uploads\/2024\/04\/cuentas-divinas-1-1024x640.jpg 1024w, https:\/\/fecha.gr\/wp-content\/uploads\/2024\/04\/cuentas-divinas-1-1536x960.jpg 1536w, https:\/\/fecha.gr\/wp-content\/uploads\/2024\/04\/cuentas-divinas-1-2048x1280.jpg 2048w\" sizes=\"auto, (max-width: 300px) 100vw, 300px\" \/><\/figure>\n\n<p>M\u00f3nica es una mujer normal con una vida normal en un lugar cualquiera de cualquiera de estos tiempos modernos.<br\/>Sin embargo, un buen d\u00eda, por un detalle sin importancia que podr\u00eda haberse solucionado como cualquier otra desavenencia previa, mata a su marido. Descubre as\u00ed el crimen como sustituto de los ansiol\u00edticos, la liberaci\u00f3n de todo moralismo.<\/p>\n\n<p><strong>AZAI<\/strong><br\/>Sara Jael Galvis Vera, Colombia, 2023, 18\u2019<\/p>\n\n<figure class=\"wp-block-image size-medium\"><img loading=\"lazy\" decoding=\"async\" width=\"300\" height=\"158\" src=\"https:\/\/fecha.gr\/wp-content\/uploads\/2024\/04\/azai1-300x158.jpg\" alt=\"\" class=\"wp-image-6261\" srcset=\"https:\/\/fecha.gr\/wp-content\/uploads\/2024\/04\/azai1-300x158.jpg 300w, https:\/\/fecha.gr\/wp-content\/uploads\/2024\/04\/azai1-1024x540.jpg 1024w, https:\/\/fecha.gr\/wp-content\/uploads\/2024\/04\/azai1-1536x810.jpg 1536w, https:\/\/fecha.gr\/wp-content\/uploads\/2024\/04\/azai1-2048x1080.jpg 2048w\" sizes=\"auto, (max-width: 300px) 100vw, 300px\" \/><\/figure>\n\n<p>Mientras pasan unas vacaciones en la finca de su familia, Azai, una adolescente introspectiva, y su inquieto hermano Antonio, esperan la llegada de sus padres. Antonio busca pasar tiempo con ella, pero \u00e9sta lo evade constantemente ya que le oculta un secreto: sus padres se van a divorciar. Ante la frustraci\u00f3n, Antonio desata una pelea familiar.<\/p>\n\n<p><strong>MALEGRO VERTE<\/strong><br\/>N\u00fcll Garc\u00eda, Espa\u00f1a, 2023, 10\u2019<\/p>\n\n<figure class=\"wp-block-image size-medium\"><img loading=\"lazy\" decoding=\"async\" width=\"300\" height=\"169\" src=\"https:\/\/fecha.gr\/wp-content\/uploads\/2024\/04\/malegro-verte-1-300x169.jpg\" alt=\"\" class=\"wp-image-6249\" srcset=\"https:\/\/fecha.gr\/wp-content\/uploads\/2024\/04\/malegro-verte-1-300x169.jpg 300w, https:\/\/fecha.gr\/wp-content\/uploads\/2024\/04\/malegro-verte-1-1024x576.jpg 1024w, https:\/\/fecha.gr\/wp-content\/uploads\/2024\/04\/malegro-verte-1-1536x864.jpg 1536w, https:\/\/fecha.gr\/wp-content\/uploads\/2024\/04\/malegro-verte-1-2048x1152.jpg 2048w\" sizes=\"auto, (max-width: 300px) 100vw, 300px\" \/><\/figure>\n\n<p>Dos amigas de la adolescencia se encuentran veinte a\u00f1os despu\u00e9s en los ba\u00f1os de un centro comercial. Una es una mujer paya empresaria de \u00e9xito y la otra una mujer gitana que vive muy precariamente.<\/p>\n\n<p><strong>20:00<\/strong><\/p>\n\n<p><strong><a href=\"https:\/\/fecha.gr\/es\/6598\/diversidad-2024-proyeccion-de-la-pelicula-la-revuelta-27-de-mayo\/\">LA REVUELTA<\/a><\/strong><br\/>Lucero Gonz\u00e1lez, M\u00e9xico, 2022, 84\u2019<\/p>\n\n<figure class=\"wp-block-image size-medium\"><img loading=\"lazy\" decoding=\"async\" width=\"300\" height=\"169\" src=\"https:\/\/fecha.gr\/wp-content\/uploads\/2024\/04\/la-revuelta1-300x169.jpg\" alt=\"\" class=\"wp-image-6303\" srcset=\"https:\/\/fecha.gr\/wp-content\/uploads\/2024\/04\/la-revuelta1-300x169.jpg 300w, https:\/\/fecha.gr\/wp-content\/uploads\/2024\/04\/la-revuelta1-1024x576.jpg 1024w, https:\/\/fecha.gr\/wp-content\/uploads\/2024\/04\/la-revuelta1-1536x864.jpg 1536w, https:\/\/fecha.gr\/wp-content\/uploads\/2024\/04\/la-revuelta1-2048x1152.jpg 2048w\" sizes=\"auto, (max-width: 300px) 100vw, 300px\" \/><\/figure>\n\n<p>Un viaje para redescubrir la gran apuesta de cincuenta a\u00f1os de vida y activismo feminista de un grupo de mujeres unidas para hacer una revuelta y ver los cambios en las nuevas generaciones.<br\/>En colaboraci\u00f3n con Lesbianas al borde y Embajada de M\u00e9xico<br\/>En el marco del Athens Pride Week<\/p>\n\n<div style=\"height:50px\" aria-hidden=\"true\" class=\"wp-block-spacer\"><\/div>\n\n<h3 class=\"wp-block-heading\">martes 28 de mayo &#8211; Con entrada gratuita<\/h3>\n\n<p><strong>Unio\u0301n Heleno-Americana<br\/>(22 c\/ Massalias, Atenas)<\/strong><\/p>\n\n<p><strong>20:00<\/strong><\/p>\n\n<p><strong><a href=\"https:\/\/fecha.gr\/es\/6618\/proyeccion-del-documental-tito-margot-y-yo-28-de-mayo\/\">TITO, MARGOT Y YO<\/a><\/strong><br\/>Mercedes Arias &#8211; Delfina Vidal, Panam\u00e1 \u2013 Colombia, 2022, 92\u2019<\/p>\n\n<figure class=\"wp-block-image size-medium\"><img loading=\"lazy\" decoding=\"async\" width=\"300\" height=\"146\" src=\"https:\/\/fecha.gr\/wp-content\/uploads\/2024\/04\/tito-margot-y-yo1-300x146.jpg\" alt=\"\" class=\"wp-image-6297\" srcset=\"https:\/\/fecha.gr\/wp-content\/uploads\/2024\/04\/tito-margot-y-yo1-300x146.jpg 300w, https:\/\/fecha.gr\/wp-content\/uploads\/2024\/04\/tito-margot-y-yo1-1024x499.jpg 1024w, https:\/\/fecha.gr\/wp-content\/uploads\/2024\/04\/tito-margot-y-yo1.jpg 1366w\" sizes=\"auto, (max-width: 300px) 100vw, 300px\" \/><\/figure>\n\n<p>El filme que representar\u00e1 a Panam\u00e1 en las Premios \u00d3scar.<br\/>Un retrato cinematogr\u00e1fico de la gran historia de amor entre el diplom\u00e1tico paname\u00f1o Tito Arias y su esposa, la famosa bailarina Dame Margot Fonteyn, que se relata a trav\u00e9s de entrevistas, metraje encontrado, cartas, fotograf\u00edas y emotivas secuencias de baile.<br\/>En colaboraci\u00f3n con la Embajada de Panam\u00e1<\/p>\n\n<div style=\"height:50px\" aria-hidden=\"true\" class=\"wp-block-spacer\"><\/div>\n\n<h3 class=\"wp-block-heading\">mi\u00e9rcoles 29 de mayo &#8211; Con entrada gratuita<\/h3>\n\n<p><strong>Terraza del Instituto Cervantes<br\/>(Skoufa 31, Atenas)<\/strong><\/p>\n\n<p><strong>21:00<\/strong><\/p>\n\n<p><strong><a href=\"https:\/\/fecha.gr\/es\/6612\/homenaje-al-director-peruano-roberto-bonilla-29-de-mayo\/\">Homenaje al director peruano Roberto Bonilla<\/a><br\/>En colaboraci\u00f3n con la Embajada de Per\u00fa<\/strong><\/p>\n\n<p>Roberto Bonilla es un destacado director y guionista que realiz\u00f3 cortometrajes documentales, de animaci\u00f3n y de ficci\u00f3n. Su obra cinematogr\u00e1fica escenifica lo que fue hacer cine en el Per\u00fa entre los a\u00f1os ochenta y noventa, y constituyen un aporte significativo al acervo audiovisual y la historia del cine peruano.<\/p>\n\n<figure class=\"wp-block-image size-medium\"><img loading=\"lazy\" decoding=\"async\" width=\"300\" height=\"195\" src=\"https:\/\/fecha.gr\/wp-content\/uploads\/2024\/04\/el-tercer-sueno-300x195.jpg\" alt=\"\" class=\"wp-image-6279\" srcset=\"https:\/\/fecha.gr\/wp-content\/uploads\/2024\/04\/el-tercer-sueno-300x195.jpg 300w, https:\/\/fecha.gr\/wp-content\/uploads\/2024\/04\/el-tercer-sueno-1024x664.jpg 1024w, https:\/\/fecha.gr\/wp-content\/uploads\/2024\/04\/el-tercer-sueno-1536x997.jpg 1536w, https:\/\/fecha.gr\/wp-content\/uploads\/2024\/04\/el-tercer-sueno-2048x1329.jpg 2048w\" sizes=\"auto, (max-width: 300px) 100vw, 300px\" \/><\/figure>\n\n<p><strong>ES AMADOR (1979, 12\u2019)<\/strong><br\/>Al ritmo de viol\u00edn y caj\u00f3n, el documental muestra parte de la vida del m\u00fasico y zapateador afro-peruano Amador Ballumbrosio, conocido por sus amigos como Champita.<\/p>\n\n<p><strong>CA\u00d1A BRAVA, CA\u00d1A DULCE (1980, 13\u2019)<\/strong><br\/>Sobre la narraci\u00f3n po\u00e9tica \u201cHay Si, Santiago Paisi\u201d, de Cesar Calvo, un regador del norte peruano siembra la ca\u00f1a brava y cosecha la ca\u00f1a dulce.<\/p>\n\n<p><strong>LAZEROS (1990, 10\u2019)<\/strong><br\/>En \u00dacupe, Chiclayo, hab\u00eda la afici\u00f3n de los jinetes de salir a la captura de burros salvajes que bajaban de la quebrada de la sierra al llano de la costa, en busca de pasto fresco. El Maestro Urita, es el encargado de hacer los lazos de cuero; la patrulla esta comandada por, Jaime Rivas, el mejor Lazerote, y Segundo Rivera, el m\u00e1s r\u00e1pido amarrador del mundo.<\/p>\n\n<p><strong>EL TERCER SUE\u00d1O (1987, 10\u2019)<\/strong><br\/>En una playa desierta, dos caballeros del siglo XVII se enfrentan a duelo, por el honor de una bella mujer del siglo XX.<\/p>\n\n<p><strong>AL TOQUE DE QUEDA (1987, 9\u2019)<\/strong><br\/>Cortometraje animado que narra, en tono de comedia, las aventuras y desventuras de un personaje que es acribillado en el toque de queda, instalado para detener la ola de violencia que convulsiona el pa\u00eds por parte del grupo terrorista Sendero Luminoso.<\/p>\n\n<p><strong>PM L\u00f3pez (1999, 16\u2019)<\/strong><br\/>Cortometraje que con humor negro grafica la vida vista como un reality de televisi\u00f3n.<\/p>\n","protected":false},"excerpt":{"rendered":"<p>Todas las pel\u00edculas se proyectan con subt\u00edtulos en griego lunes 27 de mayo &#8211; Con entrada gratuita Unio\u0301n Heleno-Americana(22 c\/ Massalias, Atenas) 18:30 Cortometrajes \u00abcortoFeCHA\u00bb (Duraci\u00f3n 80\u2019) LA MELOD\u00cdA TORRENCIALJos\u00e9 Luis Saturno, M\u00e9xico, 2022, 7\u2019 Un pueblo en plena sequ\u00eda conf\u00eda su destino a un m\u00fasico errante que tiene el poder de atraer lluvia con la m\u00fasica de su acorde\u00f3n.&hellip;<\/p>\n","protected":false},"author":2,"featured_media":0,"parent":0,"menu_order":0,"comment_status":"closed","ping_status":"closed","template":"","meta":{"powered_cache_disable_cache":false,"footnotes":""},"class_list":["post-6775","page","type-page","status-publish","hentry","no-post-thumbnail"],"yoast_head":"<!-- This site is optimized with the Yoast SEO plugin v27.4 - https:\/\/yoast.com\/product\/yoast-seo-wordpress\/ -->\n<title>Programa Actividades Paralelas 2024 - FeCHA - Festival de Cine Hispan\u00f3fono de Atenas \/ Hispanic Film Festival of Athens<\/title>\n<meta name=\"robots\" content=\"index, follow, max-snippet:-1, max-image-preview:large, max-video-preview:-1\" \/>\n<link rel=\"canonical\" href=\"https:\/\/fecha.gr\/es\/programa-actividades-paralelas-2024\/\" \/>\n<meta property=\"og:locale\" content=\"es_ES\" \/>\n<meta property=\"og:type\" content=\"article\" \/>\n<meta property=\"og:title\" content=\"Programa Actividades Paralelas 2024 - FeCHA - Festival de Cine Hispan\u00f3fono de Atenas \/ Hispanic Film Festival of Athens\" \/>\n<meta property=\"og:description\" content=\"Todas las pel\u00edculas se proyectan con subt\u00edtulos en griego lunes 27 de mayo &#8211; Con entrada gratuita Unio\u0301n Heleno-Americana(22 c\/ Massalias, Atenas) 18:30 Cortometrajes \u00abcortoFeCHA\u00bb (Duraci\u00f3n 80\u2019) LA MELOD\u00cdA TORRENCIALJos\u00e9 Luis Saturno, M\u00e9xico, 2022, 7\u2019 Un pueblo en plena sequ\u00eda conf\u00eda su destino a un m\u00fasico errante que tiene el poder de atraer lluvia con la m\u00fasica de su acorde\u00f3n.&hellip;\" \/>\n<meta property=\"og:url\" content=\"https:\/\/fecha.gr\/es\/programa-actividades-paralelas-2024\/\" \/>\n<meta property=\"og:site_name\" content=\"FeCHA - Festival de Cine Hispan\u00f3fono de Atenas \/ Hispanic Film Festival of Athens\" \/>\n<meta property=\"article:modified_time\" content=\"2024-05-23T06:45:14+00:00\" \/>\n<meta property=\"og:image\" content=\"https:\/\/fecha.gr\/wp-content\/uploads\/2024\/04\/melodiatorrencial1-300x169.jpg\" \/>\n<meta name=\"twitter:card\" content=\"summary_large_image\" \/>\n<script type=\"application\/ld+json\" class=\"yoast-schema-graph\">{\"@context\":\"https:\\\/\\\/schema.org\",\"@graph\":[{\"@type\":\"WebPage\",\"@id\":\"https:\\\/\\\/fecha.gr\\\/es\\\/programa-actividades-paralelas-2024\\\/\",\"url\":\"https:\\\/\\\/fecha.gr\\\/es\\\/programa-actividades-paralelas-2024\\\/\",\"name\":\"Programa Actividades Paralelas 2024 - FeCHA - Festival de Cine Hispan\u00f3fono de Atenas \\\/ Hispanic Film Festival of Athens\",\"isPartOf\":{\"@id\":\"https:\\\/\\\/fecha.gr\\\/#website\"},\"primaryImageOfPage\":{\"@id\":\"https:\\\/\\\/fecha.gr\\\/es\\\/programa-actividades-paralelas-2024\\\/#primaryimage\"},\"image\":{\"@id\":\"https:\\\/\\\/fecha.gr\\\/es\\\/programa-actividades-paralelas-2024\\\/#primaryimage\"},\"thumbnailUrl\":\"https:\\\/\\\/fecha.gr\\\/wp-content\\\/uploads\\\/2024\\\/04\\\/melodiatorrencial1-300x169.jpg\",\"datePublished\":\"2024-04-22T15:47:47+00:00\",\"dateModified\":\"2024-05-23T06:45:14+00:00\",\"breadcrumb\":{\"@id\":\"https:\\\/\\\/fecha.gr\\\/es\\\/programa-actividades-paralelas-2024\\\/#breadcrumb\"},\"inLanguage\":\"es\",\"potentialAction\":[{\"@type\":\"ReadAction\",\"target\":[\"https:\\\/\\\/fecha.gr\\\/es\\\/programa-actividades-paralelas-2024\\\/\"]}]},{\"@type\":\"ImageObject\",\"inLanguage\":\"es\",\"@id\":\"https:\\\/\\\/fecha.gr\\\/es\\\/programa-actividades-paralelas-2024\\\/#primaryimage\",\"url\":\"https:\\\/\\\/fecha.gr\\\/wp-content\\\/uploads\\\/2024\\\/04\\\/melodiatorrencial1-300x169.jpg\",\"contentUrl\":\"https:\\\/\\\/fecha.gr\\\/wp-content\\\/uploads\\\/2024\\\/04\\\/melodiatorrencial1-300x169.jpg\"},{\"@type\":\"BreadcrumbList\",\"@id\":\"https:\\\/\\\/fecha.gr\\\/es\\\/programa-actividades-paralelas-2024\\\/#breadcrumb\",\"itemListElement\":[{\"@type\":\"ListItem\",\"position\":1,\"name\":\"Home\",\"item\":\"https:\\\/\\\/fecha.gr\\\/es\\\/coming-soon\\\/\"},{\"@type\":\"ListItem\",\"position\":2,\"name\":\"Programa Actividades Paralelas 2024\"}]},{\"@type\":\"WebSite\",\"@id\":\"https:\\\/\\\/fecha.gr\\\/#website\",\"url\":\"https:\\\/\\\/fecha.gr\\\/\",\"name\":\"FeCHA - Festival de Cine Hispan\u00f3fono de Atenas \\\/ Hispanic Film Festival of Athens\",\"description\":\"\",\"publisher\":{\"@id\":\"https:\\\/\\\/fecha.gr\\\/#organization\"},\"potentialAction\":[{\"@type\":\"SearchAction\",\"target\":{\"@type\":\"EntryPoint\",\"urlTemplate\":\"https:\\\/\\\/fecha.gr\\\/?s={search_term_string}\"},\"query-input\":{\"@type\":\"PropertyValueSpecification\",\"valueRequired\":true,\"valueName\":\"search_term_string\"}}],\"inLanguage\":\"es\"},{\"@type\":\"Organization\",\"@id\":\"https:\\\/\\\/fecha.gr\\\/#organization\",\"name\":\"FeCHA - Festival de Cine Hispan\u00f3fono de Atenas\",\"url\":\"https:\\\/\\\/fecha.gr\\\/\",\"logo\":{\"@type\":\"ImageObject\",\"inLanguage\":\"es\",\"@id\":\"https:\\\/\\\/fecha.gr\\\/#\\\/schema\\\/logo\\\/image\\\/\",\"url\":\"https:\\\/\\\/fecha.gr\\\/wp-content\\\/uploads\\\/2016\\\/05\\\/favicon-fecha.png\",\"contentUrl\":\"https:\\\/\\\/fecha.gr\\\/wp-content\\\/uploads\\\/2016\\\/05\\\/favicon-fecha.png\",\"width\":1000,\"height\":1000,\"caption\":\"FeCHA - Festival de Cine Hispan\u00f3fono de Atenas\"},\"image\":{\"@id\":\"https:\\\/\\\/fecha.gr\\\/#\\\/schema\\\/logo\\\/image\\\/\"}}]}<\/script>\n<!-- \/ Yoast SEO plugin. -->","yoast_head_json":{"title":"Programa Actividades Paralelas 2024 - FeCHA - Festival de Cine Hispan\u00f3fono de Atenas \/ Hispanic Film Festival of Athens","robots":{"index":"index","follow":"follow","max-snippet":"max-snippet:-1","max-image-preview":"max-image-preview:large","max-video-preview":"max-video-preview:-1"},"canonical":"https:\/\/fecha.gr\/es\/programa-actividades-paralelas-2024\/","og_locale":"es_ES","og_type":"article","og_title":"Programa Actividades Paralelas 2024 - FeCHA - Festival de Cine Hispan\u00f3fono de Atenas \/ Hispanic Film Festival of Athens","og_description":"Todas las pel\u00edculas se proyectan con subt\u00edtulos en griego lunes 27 de mayo &#8211; Con entrada gratuita Unio\u0301n Heleno-Americana(22 c\/ Massalias, Atenas) 18:30 Cortometrajes \u00abcortoFeCHA\u00bb (Duraci\u00f3n 80\u2019) LA MELOD\u00cdA TORRENCIALJos\u00e9 Luis Saturno, M\u00e9xico, 2022, 7\u2019 Un pueblo en plena sequ\u00eda conf\u00eda su destino a un m\u00fasico errante que tiene el poder de atraer lluvia con la m\u00fasica de su acorde\u00f3n.&hellip;","og_url":"https:\/\/fecha.gr\/es\/programa-actividades-paralelas-2024\/","og_site_name":"FeCHA - Festival de Cine Hispan\u00f3fono de Atenas \/ Hispanic Film Festival of Athens","article_modified_time":"2024-05-23T06:45:14+00:00","og_image":[{"url":"https:\/\/fecha.gr\/wp-content\/uploads\/2024\/04\/melodiatorrencial1-300x169.jpg","type":"","width":"","height":""}],"twitter_card":"summary_large_image","schema":{"@context":"https:\/\/schema.org","@graph":[{"@type":"WebPage","@id":"https:\/\/fecha.gr\/es\/programa-actividades-paralelas-2024\/","url":"https:\/\/fecha.gr\/es\/programa-actividades-paralelas-2024\/","name":"Programa Actividades Paralelas 2024 - FeCHA - Festival de Cine Hispan\u00f3fono de Atenas \/ Hispanic Film Festival of Athens","isPartOf":{"@id":"https:\/\/fecha.gr\/#website"},"primaryImageOfPage":{"@id":"https:\/\/fecha.gr\/es\/programa-actividades-paralelas-2024\/#primaryimage"},"image":{"@id":"https:\/\/fecha.gr\/es\/programa-actividades-paralelas-2024\/#primaryimage"},"thumbnailUrl":"https:\/\/fecha.gr\/wp-content\/uploads\/2024\/04\/melodiatorrencial1-300x169.jpg","datePublished":"2024-04-22T15:47:47+00:00","dateModified":"2024-05-23T06:45:14+00:00","breadcrumb":{"@id":"https:\/\/fecha.gr\/es\/programa-actividades-paralelas-2024\/#breadcrumb"},"inLanguage":"es","potentialAction":[{"@type":"ReadAction","target":["https:\/\/fecha.gr\/es\/programa-actividades-paralelas-2024\/"]}]},{"@type":"ImageObject","inLanguage":"es","@id":"https:\/\/fecha.gr\/es\/programa-actividades-paralelas-2024\/#primaryimage","url":"https:\/\/fecha.gr\/wp-content\/uploads\/2024\/04\/melodiatorrencial1-300x169.jpg","contentUrl":"https:\/\/fecha.gr\/wp-content\/uploads\/2024\/04\/melodiatorrencial1-300x169.jpg"},{"@type":"BreadcrumbList","@id":"https:\/\/fecha.gr\/es\/programa-actividades-paralelas-2024\/#breadcrumb","itemListElement":[{"@type":"ListItem","position":1,"name":"Home","item":"https:\/\/fecha.gr\/es\/coming-soon\/"},{"@type":"ListItem","position":2,"name":"Programa Actividades Paralelas 2024"}]},{"@type":"WebSite","@id":"https:\/\/fecha.gr\/#website","url":"https:\/\/fecha.gr\/","name":"FeCHA - Festival de Cine Hispan\u00f3fono de Atenas \/ Hispanic Film Festival of Athens","description":"","publisher":{"@id":"https:\/\/fecha.gr\/#organization"},"potentialAction":[{"@type":"SearchAction","target":{"@type":"EntryPoint","urlTemplate":"https:\/\/fecha.gr\/?s={search_term_string}"},"query-input":{"@type":"PropertyValueSpecification","valueRequired":true,"valueName":"search_term_string"}}],"inLanguage":"es"},{"@type":"Organization","@id":"https:\/\/fecha.gr\/#organization","name":"FeCHA - Festival de Cine Hispan\u00f3fono de Atenas","url":"https:\/\/fecha.gr\/","logo":{"@type":"ImageObject","inLanguage":"es","@id":"https:\/\/fecha.gr\/#\/schema\/logo\/image\/","url":"https:\/\/fecha.gr\/wp-content\/uploads\/2016\/05\/favicon-fecha.png","contentUrl":"https:\/\/fecha.gr\/wp-content\/uploads\/2016\/05\/favicon-fecha.png","width":1000,"height":1000,"caption":"FeCHA - Festival de Cine Hispan\u00f3fono de Atenas"},"image":{"@id":"https:\/\/fecha.gr\/#\/schema\/logo\/image\/"}}]}},"_links":{"self":[{"href":"https:\/\/fecha.gr\/es\/wp-json\/wp\/v2\/pages\/6775","targetHints":{"allow":["GET"]}}],"collection":[{"href":"https:\/\/fecha.gr\/es\/wp-json\/wp\/v2\/pages"}],"about":[{"href":"https:\/\/fecha.gr\/es\/wp-json\/wp\/v2\/types\/page"}],"author":[{"embeddable":true,"href":"https:\/\/fecha.gr\/es\/wp-json\/wp\/v2\/users\/2"}],"replies":[{"embeddable":true,"href":"https:\/\/fecha.gr\/es\/wp-json\/wp\/v2\/comments?post=6775"}],"version-history":[{"count":0,"href":"https:\/\/fecha.gr\/es\/wp-json\/wp\/v2\/pages\/6775\/revisions"}],"wp:attachment":[{"href":"https:\/\/fecha.gr\/es\/wp-json\/wp\/v2\/media?parent=6775"}],"curies":[{"name":"wp","href":"https:\/\/api.w.org\/{rel}","templated":true}]}}