
{"id":573,"date":"2016-04-21T20:29:47","date_gmt":"2016-04-21T17:29:47","guid":{"rendered":"http:\/\/fecha.gr\/es\/?page_id=573"},"modified":"2016-05-31T02:02:15","modified_gmt":"2016-05-30T23:02:15","slug":"patrocinadores-2016","status":"publish","type":"page","link":"https:\/\/fecha.gr\/es\/patrocinadores-2016\/","title":{"rendered":"Patrocinadores 2016"},"content":{"rendered":"<div style=\"text-align: center;\">\n<h3>Bajo los auspicios y la cooperaci\u00f3n<\/h3>\n<p><a href=\"http:\/\/www.visitgreece.gr\"><img loading=\"lazy\" decoding=\"async\" class=\"alignnone wp-image-788 size-full\" src=\"https:\/\/fecha.gr\/wp-content\/uploads\/2016\/05\/eot-150x150.jpg\" alt=\"EOT 150x150\" width=\"150\" height=\"150\" \/><\/a><\/p>\n<p><a href=\"https:\/\/www.facebook.com\/embespate\/?fref=ts\"><img loading=\"lazy\" decoding=\"async\" class=\"alignnone size-full wp-image-791\" src=\"https:\/\/fecha.gr\/wp-content\/uploads\/2016\/05\/spain.png\" alt=\"spain\" width=\"290\" height=\"100\" \/><\/a>\u00a0\u00a0<a href=\"http:\/\/atenas.cervantes.es\/gr\/default.shtm\"><img loading=\"lazy\" decoding=\"async\" class=\"alignnone size-full wp-image-782\" src=\"https:\/\/fecha.gr\/wp-content\/uploads\/2016\/05\/cervantes.png\" alt=\"cervantes\" width=\"299\" height=\"100\" \/><\/a><\/p>\n<p><img loading=\"lazy\" decoding=\"async\" class=\"alignnone wp-image-784\" src=\"https:\/\/fecha.gr\/wp-content\/uploads\/2016\/05\/colombia-embajada-italia.jpg\" alt=\"COLOMBIA - Embajada-Italia\" width=\"228\" height=\"70\" srcset=\"https:\/\/fecha.gr\/wp-content\/uploads\/2016\/05\/colombia-embajada-italia.jpg 326w, https:\/\/fecha.gr\/wp-content\/uploads\/2016\/05\/colombia-embajada-italia-300x92.jpg 300w\" sizes=\"auto, (max-width: 228px) 100vw, 228px\" \/><img loading=\"lazy\" decoding=\"async\" class=\"alignnone wp-image-785\" src=\"https:\/\/fecha.gr\/wp-content\/uploads\/2016\/05\/colombia-logo1.jpg\" alt=\"colombia - logo1\" width=\"290\" height=\"70\" srcset=\"https:\/\/fecha.gr\/wp-content\/uploads\/2016\/05\/colombia-logo1.jpg 414w, https:\/\/fecha.gr\/wp-content\/uploads\/2016\/05\/colombia-logo1-300x72.jpg 300w\" sizes=\"auto, (max-width: 290px) 100vw, 290px\" \/>\u00a0\u00a0<img loading=\"lazy\" decoding=\"async\" class=\"alignnone wp-image-781\" src=\"https:\/\/fecha.gr\/wp-content\/uploads\/2016\/05\/argentina-egrec_03.png\" alt=\"Argentina - EGREC_03\" width=\"219\" height=\"70\" \/><\/p>\n<p><img loading=\"lazy\" decoding=\"async\" class=\"alignnone size-full wp-image-789\" src=\"https:\/\/fecha.gr\/wp-content\/uploads\/2016\/05\/mexico-logotipo-realzado-jpg.jpg\" alt=\"Mexico - logotipo realzado jpg\" width=\"109\" height=\"120\" \/>\u00a0\u00a0<img loading=\"lazy\" decoding=\"async\" class=\"alignnone size-full wp-image-783\" src=\"https:\/\/fecha.gr\/wp-content\/uploads\/2016\/05\/chile.jpg\" alt=\"chile\" width=\"115\" height=\"100\" \/>\u00a0\u00a0<img loading=\"lazy\" decoding=\"async\" class=\"alignnone size-full wp-image-831\" src=\"https:\/\/fecha.gr\/wp-content\/uploads\/2016\/04\/ecuadornew.jpg\" alt=\"ecuadorNEW\" width=\"64\" height=\"100\" \/>\u00a0\u00a0<img loading=\"lazy\" decoding=\"async\" class=\"alignnone wp-image-787\" src=\"https:\/\/fecha.gr\/wp-content\/uploads\/2016\/05\/embajada-del-peru-en-la-republica-helenica.png\" alt=\"Embajada del Per\u00fa en la Rep\u00fablica Hel\u00e9nica\" width=\"100\" height=\"100\" \/>\u00a0\u00a0<img loading=\"lazy\" decoding=\"async\" class=\"alignnone size-full wp-image-794\" src=\"https:\/\/fecha.gr\/wp-content\/uploads\/2016\/05\/uruguay.png\" alt=\"uruguay\" width=\"79\" height=\"100\" \/>\u00a0<img loading=\"lazy\" decoding=\"async\" class=\"alignnone wp-image-898\" src=\"https:\/\/fecha.gr\/wp-content\/uploads\/2016\/04\/escudo.jpg\" alt=\"escudo\" width=\"78\" height=\"101\" \/>\u00a0<img loading=\"lazy\" decoding=\"async\" class=\"alignnone size-full wp-image-832\" src=\"https:\/\/fecha.gr\/wp-content\/uploads\/2016\/04\/tainiothiki-logo-eng-edditable-and-outlined.jpg\" alt=\"Tainiothiki Logo ENG edditable and outlined\" width=\"44\" height=\"100\" \/>\u00a0\u00a0<a href=\"http:\/\/www.lea-festival.com\/\"><img loading=\"lazy\" decoding=\"async\" class=\"alignnone wp-image-907\" src=\"https:\/\/fecha.gr\/wp-content\/uploads\/2016\/04\/lea.png\" alt=\"lea\" width=\"52\" height=\"100\" \/><\/a><\/p>\n<p><a href=\"http:\/\/www.spentzosfilm.gr\/\"><img loading=\"lazy\" decoding=\"async\" class=\"alignnone size-full wp-image-792\" src=\"https:\/\/fecha.gr\/wp-content\/uploads\/2016\/05\/spentzos_n_final.jpg\" alt=\"SPENTZOS_N_FINAL\" width=\"170\" height=\"120\" \/><\/a>\u00a0 \u00a0\u00a0<a href=\"http:\/\/www.tanweer.gr\/home-1-en\/\"><img loading=\"lazy\" decoding=\"async\" class=\"alignnone wp-image-793\" src=\"https:\/\/fecha.gr\/wp-content\/uploads\/2016\/05\/tanweer.png\" alt=\"tanweer\" width=\"167\" height=\"100\" \/><\/a>\u00a0 \u00a0 \u00a0<a href=\"https:\/\/www.facebook.com\/SevenFilmsGreece\/\"><img loading=\"lazy\" decoding=\"async\" class=\"alignnone wp-image-790\" src=\"https:\/\/fecha.gr\/wp-content\/uploads\/2016\/05\/seven-logo2.jpg\" alt=\"SEVEN-FILMS-LOGO\" width=\"281\" height=\"75\" srcset=\"https:\/\/fecha.gr\/wp-content\/uploads\/2016\/05\/seven-logo2.jpg 450w, https:\/\/fecha.gr\/wp-content\/uploads\/2016\/05\/seven-logo2-300x80.jpg 300w\" sizes=\"auto, (max-width: 281px) 100vw, 281px\" \/><\/a><\/p>\n<p>&nbsp;<\/p>\n<h3>Patrocinadores<\/h3>\n<p><img loading=\"lazy\" decoding=\"async\" class=\"alignnone wp-image-797\" src=\"https:\/\/fecha.gr\/wp-content\/uploads\/2016\/05\/fc-sol-logo-cotton-white-backgr.png\" alt=\"FC Sol logo Cotton White backgr\" width=\"107\" height=\"120\" \/>\u00a0\u00a0<a href=\"https:\/\/www.facebook.com\/omexicanosathens\/?fref=ts\"><img loading=\"lazy\" decoding=\"async\" class=\"alignnone wp-image-798\" src=\"https:\/\/fecha.gr\/wp-content\/uploads\/2016\/05\/mexikanos-mex-karta-final.png\" alt=\"MEXIKANOS - MEX-KARTA-final\" width=\"186\" height=\"120\" \/><\/a>\u00a0<img loading=\"lazy\" decoding=\"async\" class=\"alignnone wp-image-833\" src=\"https:\/\/fecha.gr\/wp-content\/uploads\/2016\/04\/carroten_logo-cmyk-1.jpg\" alt=\"CARROTEN_LOGO [CMYK]-1\" width=\"160\" height=\"120\" \/>\u00a0<img loading=\"lazy\" decoding=\"async\" class=\"alignnone wp-image-834\" src=\"https:\/\/fecha.gr\/wp-content\/uploads\/2016\/04\/logo-banderas-1.jpg\" alt=\"logo BANDERAS-1\" width=\"258\" height=\"120\" srcset=\"https:\/\/fecha.gr\/wp-content\/uploads\/2016\/04\/logo-banderas-1.jpg 323w, https:\/\/fecha.gr\/wp-content\/uploads\/2016\/04\/logo-banderas-1-300x139.jpg 300w\" sizes=\"auto, (max-width: 258px) 100vw, 258px\" \/><\/p>\n<p>&nbsp;<\/p>\n<h3>Medios Patrocinadores<\/h3>\n<p>&nbsp;<\/p>\n<p><a href=\"http:\/\/www.ert.gr\/\"><img loading=\"lazy\" decoding=\"async\" class=\"alignnone wp-image-811\" src=\"https:\/\/fecha.gr\/wp-content\/uploads\/2016\/05\/ert-logotypo.jpg\" alt=\"\u03b5\u03c1\u03c4-\u03bb\u03bf\u03b3\u03cc\u03c4\u03c5\u03c0\u03bf\" width=\"150\" height=\"100\" \/><\/a> <a href=\"http:\/\/webradio.ert.gr\/proto\/\"><img loading=\"lazy\" decoding=\"async\" class=\"alignnone wp-image-809\" src=\"https:\/\/fecha.gr\/wp-content\/uploads\/2016\/05\/prwto.jpg\" alt=\"prwto\" width=\"239\" height=\"80\" \/><\/a>\u00a0<a href=\"http:\/\/webradio.ert.gr\/deftero\/\"><img loading=\"lazy\" decoding=\"async\" class=\"alignnone wp-image-801\" src=\"https:\/\/fecha.gr\/wp-content\/uploads\/2016\/05\/deutero.jpg\" alt=\"deutero\" width=\"126\" height=\"80\" \/><\/a>\u00a0<img loading=\"lazy\" decoding=\"async\" class=\"alignnone wp-image-804\" src=\"https:\/\/fecha.gr\/wp-content\/uploads\/2016\/05\/kosmos.jpg\" alt=\"kosmos\" width=\"290\" height=\"62\" srcset=\"https:\/\/fecha.gr\/wp-content\/uploads\/2016\/05\/kosmos.jpg 468w, https:\/\/fecha.gr\/wp-content\/uploads\/2016\/05\/kosmos-300x64.jpg 300w\" sizes=\"auto, (max-width: 290px) 100vw, 290px\" \/><\/p>\n<p><a href=\"http:\/\/www.athinorama.gr\/\"><img loading=\"lazy\" decoding=\"async\" class=\"alignnone size-full wp-image-817\" src=\"https:\/\/fecha.gr\/wp-content\/uploads\/2016\/05\/logo-athinoramagr-athinorama-1.jpg\" alt=\"logo athinoramagr \u03b1\u03b8\u03b7\u03bd\u03bf\u03c1\u03b1\u03bc\u03b1\" width=\"184\" height=\"130\" \/><\/a>\u00a0\u00a0<a href=\"http:\/\/www.efsyn.gr\/\"><img loading=\"lazy\" decoding=\"async\" class=\"alignnone wp-image-808\" src=\"https:\/\/fecha.gr\/wp-content\/uploads\/2016\/05\/new-logo-efsyn.jpg\" alt=\"NEW LOGO\" width=\"368\" height=\"60\" srcset=\"https:\/\/fecha.gr\/wp-content\/uploads\/2016\/05\/new-logo-efsyn.jpg 614w, https:\/\/fecha.gr\/wp-content\/uploads\/2016\/05\/new-logo-efsyn-300x49.jpg 300w\" sizes=\"auto, (max-width: 368px) 100vw, 368px\" \/><\/a>\u00a0\u00a0<a href=\"http:\/\/avmag.gr\/\"><img loading=\"lazy\" decoding=\"async\" class=\"alignnone wp-image-799\" src=\"https:\/\/fecha.gr\/wp-content\/uploads\/2016\/05\/antivirus-logo.png\" alt=\"antivirus-logo\" width=\"250\" height=\"63\" srcset=\"https:\/\/fecha.gr\/wp-content\/uploads\/2016\/05\/antivirus-logo.png 395w, https:\/\/fecha.gr\/wp-content\/uploads\/2016\/05\/antivirus-logo-300x76.png 300w\" sizes=\"auto, (max-width: 250px) 100vw, 250px\" \/><\/a><\/p>\n<p><a href=\"http:\/\/www.culturenow.gr\/\"><img loading=\"lazy\" decoding=\"async\" class=\"alignnone size-full wp-image-806\" src=\"https:\/\/fecha.gr\/wp-content\/uploads\/2016\/05\/logo_culturenowgr.jpg\" alt=\"logo_CULTURENOWGR\" width=\"174\" height=\"100\" \/><\/a>\u00a0\u00a0<a href=\"http:\/\/www.toradiofono.gr\/\"><img loading=\"lazy\" decoding=\"async\" class=\"alignnone size-full wp-image-810\" src=\"https:\/\/fecha.gr\/wp-content\/uploads\/2016\/05\/to_radiofono_logo.jpg\" alt=\"to_radiofono_logo\" width=\"120\" height=\"120\" \/><\/a>\u00a0\u00a0<a href=\"http:\/\/freecinema.gr\/\"><img loading=\"lazy\" decoding=\"async\" class=\"alignnone wp-image-802\" src=\"https:\/\/fecha.gr\/wp-content\/uploads\/2016\/05\/freecinema_logo_2_lines.jpg\" alt=\"freecinema_logo_2_lines\" width=\"250\" height=\"69\" srcset=\"https:\/\/fecha.gr\/wp-content\/uploads\/2016\/05\/freecinema_logo_2_lines.jpg 361w, https:\/\/fecha.gr\/wp-content\/uploads\/2016\/05\/freecinema_logo_2_lines-300x83.jpg 300w\" sizes=\"auto, (max-width: 250px) 100vw, 250px\" \/><\/a>\u00a0<a href=\"http:\/\/cinefreaks.gr\/\"><img loading=\"lazy\" decoding=\"async\" class=\"alignnone wp-image-800\" src=\"https:\/\/fecha.gr\/wp-content\/uploads\/2016\/05\/cinefreaks.png\" alt=\"cinefreaks\" width=\"250\" height=\"82\" srcset=\"https:\/\/fecha.gr\/wp-content\/uploads\/2016\/05\/cinefreaks.png 306w, https:\/\/fecha.gr\/wp-content\/uploads\/2016\/05\/cinefreaks-300x98.png 300w\" sizes=\"auto, (max-width: 250px) 100vw, 250px\" \/><\/a><\/p>\n<p><a href=\"http:\/\/cinepivates.gr\/\"><img loading=\"lazy\" decoding=\"async\" class=\"alignnone size-full wp-image-807\" src=\"https:\/\/fecha.gr\/wp-content\/uploads\/2016\/05\/logo-cinepivates2.jpg\" alt=\"logo-cinepivates2\" width=\"179\" height=\"100\" \/><\/a>\u00a0<a href=\"http:\/\/www.ispania.gr\/\"><img loading=\"lazy\" decoding=\"async\" class=\"alignnone wp-image-803\" src=\"https:\/\/fecha.gr\/wp-content\/uploads\/2016\/05\/ispaniagr-white.png\" alt=\"ispaniagr white\" width=\"212\" height=\"80\" \/><\/a>\u00a0<img loading=\"lazy\" decoding=\"async\" class=\"alignnone wp-image-882\" src=\"https:\/\/fecha.gr\/wp-content\/uploads\/2016\/04\/logo_positive_web.jpg\" alt=\"thetiki foni\" width=\"227\" height=\"80\" srcset=\"https:\/\/fecha.gr\/wp-content\/uploads\/2016\/04\/logo_positive_web.jpg 850w, https:\/\/fecha.gr\/wp-content\/uploads\/2016\/04\/logo_positive_web-300x106.jpg 300w\" sizes=\"auto, (max-width: 227px) 100vw, 227px\" \/><\/p>\n<h3>Organizaci\u00f3n<\/h3>\n<p><a href=\"http:\/\/mooviereel.co.uk\/\"><img loading=\"lazy\" decoding=\"async\" class=\"alignnone wp-image-823\" src=\"https:\/\/fecha.gr\/wp-content\/uploads\/2016\/04\/mooviereel-preview11.jpg\" alt=\"MOOVIEREEL-PREVIEW11\" width=\"209\" height=\"80\" srcset=\"https:\/\/fecha.gr\/wp-content\/uploads\/2016\/04\/mooviereel-preview11.jpg 465w, https:\/\/fecha.gr\/wp-content\/uploads\/2016\/04\/mooviereel-preview11-300x115.jpg 300w\" sizes=\"auto, (max-width: 209px) 100vw, 209px\" \/><\/a><\/p>\n<p>&nbsp;<\/p>\n<p>&nbsp;<\/p>\n<\/div>\n","protected":false},"excerpt":{"rendered":"<p>Bajo los auspicios y la cooperaci\u00f3n \u00a0\u00a0 \u00a0\u00a0 \u00a0\u00a0\u00a0\u00a0\u00a0\u00a0\u00a0\u00a0\u00a0\u00a0\u00a0\u00a0 \u00a0 \u00a0\u00a0\u00a0 \u00a0 \u00a0 &nbsp; Patrocinadores \u00a0\u00a0\u00a0\u00a0 &nbsp; Medios Patrocinadores &nbsp; \u00a0\u00a0 \u00a0\u00a0\u00a0\u00a0 \u00a0\u00a0\u00a0\u00a0\u00a0 \u00a0\u00a0 Organizaci\u00f3n &nbsp; &nbsp;<\/p>\n","protected":false},"author":2,"featured_media":0,"parent":0,"menu_order":0,"comment_status":"closed","ping_status":"closed","template":"","meta":{"powered_cache_disable_cache":false,"footnotes":""},"class_list":["post-573","page","type-page","status-publish","hentry","no-post-thumbnail"],"yoast_head":"<!-- This site is optimized with the Yoast SEO plugin v27.3 - https:\/\/yoast.com\/product\/yoast-seo-wordpress\/ -->\n<title>Patrocinadores 2016 - FeCHA - Festival de Cine Hispan\u00f3fono de Atenas \/ Hispanic Film Festival of Athens<\/title>\n<meta name=\"robots\" content=\"index, follow, max-snippet:-1, max-image-preview:large, max-video-preview:-1\" \/>\n<link rel=\"canonical\" href=\"https:\/\/fecha.gr\/es\/patrocinadores-2016\/\" \/>\n<meta property=\"og:locale\" content=\"es_ES\" \/>\n<meta property=\"og:type\" content=\"article\" \/>\n<meta property=\"og:title\" content=\"Patrocinadores 2016 - FeCHA - Festival de Cine Hispan\u00f3fono de Atenas \/ Hispanic Film Festival of Athens\" \/>\n<meta property=\"og:description\" content=\"Bajo los auspicios y la cooperaci\u00f3n \u00a0\u00a0 \u00a0\u00a0 \u00a0\u00a0\u00a0\u00a0\u00a0\u00a0\u00a0\u00a0\u00a0\u00a0\u00a0\u00a0 \u00a0 \u00a0\u00a0\u00a0 \u00a0 \u00a0 &nbsp; Patrocinadores \u00a0\u00a0\u00a0\u00a0 &nbsp; Medios Patrocinadores &nbsp; \u00a0\u00a0 \u00a0\u00a0\u00a0\u00a0 \u00a0\u00a0\u00a0\u00a0\u00a0 \u00a0\u00a0 Organizaci\u00f3n &nbsp; &nbsp;\" \/>\n<meta property=\"og:url\" content=\"https:\/\/fecha.gr\/es\/patrocinadores-2016\/\" \/>\n<meta property=\"og:site_name\" content=\"FeCHA - Festival de Cine Hispan\u00f3fono de Atenas \/ Hispanic Film Festival of Athens\" \/>\n<meta property=\"article:modified_time\" content=\"2016-05-30T23:02:15+00:00\" \/>\n<meta property=\"og:image\" content=\"https:\/\/fecha.gr\/wp-content\/uploads\/2016\/05\/eot-150x150.jpg\" \/>\n<meta name=\"twitter:card\" content=\"summary_large_image\" \/>\n<script type=\"application\/ld+json\" class=\"yoast-schema-graph\">{\"@context\":\"https:\\\/\\\/schema.org\",\"@graph\":[{\"@type\":\"WebPage\",\"@id\":\"https:\\\/\\\/fecha.gr\\\/es\\\/patrocinadores-2016\\\/\",\"url\":\"https:\\\/\\\/fecha.gr\\\/es\\\/patrocinadores-2016\\\/\",\"name\":\"Patrocinadores 2016 - FeCHA - Festival de Cine Hispan\u00f3fono de Atenas \\\/ Hispanic Film Festival of Athens\",\"isPartOf\":{\"@id\":\"https:\\\/\\\/fecha.gr\\\/#website\"},\"primaryImageOfPage\":{\"@id\":\"https:\\\/\\\/fecha.gr\\\/es\\\/patrocinadores-2016\\\/#primaryimage\"},\"image\":{\"@id\":\"https:\\\/\\\/fecha.gr\\\/es\\\/patrocinadores-2016\\\/#primaryimage\"},\"thumbnailUrl\":\"https:\\\/\\\/fecha.gr\\\/wp-content\\\/uploads\\\/2016\\\/05\\\/eot-150x150.jpg\",\"datePublished\":\"2016-04-21T17:29:47+00:00\",\"dateModified\":\"2016-05-30T23:02:15+00:00\",\"breadcrumb\":{\"@id\":\"https:\\\/\\\/fecha.gr\\\/es\\\/patrocinadores-2016\\\/#breadcrumb\"},\"inLanguage\":\"es\",\"potentialAction\":[{\"@type\":\"ReadAction\",\"target\":[\"https:\\\/\\\/fecha.gr\\\/es\\\/patrocinadores-2016\\\/\"]}]},{\"@type\":\"ImageObject\",\"inLanguage\":\"es\",\"@id\":\"https:\\\/\\\/fecha.gr\\\/es\\\/patrocinadores-2016\\\/#primaryimage\",\"url\":\"https:\\\/\\\/fecha.gr\\\/wp-content\\\/uploads\\\/2016\\\/05\\\/eot-150x150.jpg\",\"contentUrl\":\"https:\\\/\\\/fecha.gr\\\/wp-content\\\/uploads\\\/2016\\\/05\\\/eot-150x150.jpg\"},{\"@type\":\"BreadcrumbList\",\"@id\":\"https:\\\/\\\/fecha.gr\\\/es\\\/patrocinadores-2016\\\/#breadcrumb\",\"itemListElement\":[{\"@type\":\"ListItem\",\"position\":1,\"name\":\"Home\",\"item\":\"https:\\\/\\\/fecha.gr\\\/es\\\/coming-soon\\\/\"},{\"@type\":\"ListItem\",\"position\":2,\"name\":\"Patrocinadores 2016\"}]},{\"@type\":\"WebSite\",\"@id\":\"https:\\\/\\\/fecha.gr\\\/#website\",\"url\":\"https:\\\/\\\/fecha.gr\\\/\",\"name\":\"FeCHA - Festival de Cine Hispan\u00f3fono de Atenas \\\/ Hispanic Film Festival of Athens\",\"description\":\"\",\"publisher\":{\"@id\":\"https:\\\/\\\/fecha.gr\\\/#organization\"},\"potentialAction\":[{\"@type\":\"SearchAction\",\"target\":{\"@type\":\"EntryPoint\",\"urlTemplate\":\"https:\\\/\\\/fecha.gr\\\/?s={search_term_string}\"},\"query-input\":{\"@type\":\"PropertyValueSpecification\",\"valueRequired\":true,\"valueName\":\"search_term_string\"}}],\"inLanguage\":\"es\"},{\"@type\":\"Organization\",\"@id\":\"https:\\\/\\\/fecha.gr\\\/#organization\",\"name\":\"FeCHA - Festival de Cine Hispan\u00f3fono de Atenas\",\"url\":\"https:\\\/\\\/fecha.gr\\\/\",\"logo\":{\"@type\":\"ImageObject\",\"inLanguage\":\"es\",\"@id\":\"https:\\\/\\\/fecha.gr\\\/#\\\/schema\\\/logo\\\/image\\\/\",\"url\":\"https:\\\/\\\/fecha.gr\\\/wp-content\\\/uploads\\\/2016\\\/05\\\/favicon-fecha.png\",\"contentUrl\":\"https:\\\/\\\/fecha.gr\\\/wp-content\\\/uploads\\\/2016\\\/05\\\/favicon-fecha.png\",\"width\":1000,\"height\":1000,\"caption\":\"FeCHA - Festival de Cine Hispan\u00f3fono de Atenas\"},\"image\":{\"@id\":\"https:\\\/\\\/fecha.gr\\\/#\\\/schema\\\/logo\\\/image\\\/\"}}]}<\/script>\n<!-- \/ Yoast SEO plugin. -->","yoast_head_json":{"title":"Patrocinadores 2016 - FeCHA - Festival de Cine Hispan\u00f3fono de Atenas \/ Hispanic Film Festival of Athens","robots":{"index":"index","follow":"follow","max-snippet":"max-snippet:-1","max-image-preview":"max-image-preview:large","max-video-preview":"max-video-preview:-1"},"canonical":"https:\/\/fecha.gr\/es\/patrocinadores-2016\/","og_locale":"es_ES","og_type":"article","og_title":"Patrocinadores 2016 - FeCHA - Festival de Cine Hispan\u00f3fono de Atenas \/ Hispanic Film Festival of Athens","og_description":"Bajo los auspicios y la cooperaci\u00f3n \u00a0\u00a0 \u00a0\u00a0 \u00a0\u00a0\u00a0\u00a0\u00a0\u00a0\u00a0\u00a0\u00a0\u00a0\u00a0\u00a0 \u00a0 \u00a0\u00a0\u00a0 \u00a0 \u00a0 &nbsp; Patrocinadores \u00a0\u00a0\u00a0\u00a0 &nbsp; Medios Patrocinadores &nbsp; \u00a0\u00a0 \u00a0\u00a0\u00a0\u00a0 \u00a0\u00a0\u00a0\u00a0\u00a0 \u00a0\u00a0 Organizaci\u00f3n &nbsp; &nbsp;","og_url":"https:\/\/fecha.gr\/es\/patrocinadores-2016\/","og_site_name":"FeCHA - Festival de Cine Hispan\u00f3fono de Atenas \/ Hispanic Film Festival of Athens","article_modified_time":"2016-05-30T23:02:15+00:00","og_image":[{"url":"https:\/\/fecha.gr\/wp-content\/uploads\/2016\/05\/eot-150x150.jpg","type":"","width":"","height":""}],"twitter_card":"summary_large_image","schema":{"@context":"https:\/\/schema.org","@graph":[{"@type":"WebPage","@id":"https:\/\/fecha.gr\/es\/patrocinadores-2016\/","url":"https:\/\/fecha.gr\/es\/patrocinadores-2016\/","name":"Patrocinadores 2016 - FeCHA - Festival de Cine Hispan\u00f3fono de Atenas \/ Hispanic Film Festival of Athens","isPartOf":{"@id":"https:\/\/fecha.gr\/#website"},"primaryImageOfPage":{"@id":"https:\/\/fecha.gr\/es\/patrocinadores-2016\/#primaryimage"},"image":{"@id":"https:\/\/fecha.gr\/es\/patrocinadores-2016\/#primaryimage"},"thumbnailUrl":"https:\/\/fecha.gr\/wp-content\/uploads\/2016\/05\/eot-150x150.jpg","datePublished":"2016-04-21T17:29:47+00:00","dateModified":"2016-05-30T23:02:15+00:00","breadcrumb":{"@id":"https:\/\/fecha.gr\/es\/patrocinadores-2016\/#breadcrumb"},"inLanguage":"es","potentialAction":[{"@type":"ReadAction","target":["https:\/\/fecha.gr\/es\/patrocinadores-2016\/"]}]},{"@type":"ImageObject","inLanguage":"es","@id":"https:\/\/fecha.gr\/es\/patrocinadores-2016\/#primaryimage","url":"https:\/\/fecha.gr\/wp-content\/uploads\/2016\/05\/eot-150x150.jpg","contentUrl":"https:\/\/fecha.gr\/wp-content\/uploads\/2016\/05\/eot-150x150.jpg"},{"@type":"BreadcrumbList","@id":"https:\/\/fecha.gr\/es\/patrocinadores-2016\/#breadcrumb","itemListElement":[{"@type":"ListItem","position":1,"name":"Home","item":"https:\/\/fecha.gr\/es\/coming-soon\/"},{"@type":"ListItem","position":2,"name":"Patrocinadores 2016"}]},{"@type":"WebSite","@id":"https:\/\/fecha.gr\/#website","url":"https:\/\/fecha.gr\/","name":"FeCHA - Festival de Cine Hispan\u00f3fono de Atenas \/ Hispanic Film Festival of Athens","description":"","publisher":{"@id":"https:\/\/fecha.gr\/#organization"},"potentialAction":[{"@type":"SearchAction","target":{"@type":"EntryPoint","urlTemplate":"https:\/\/fecha.gr\/?s={search_term_string}"},"query-input":{"@type":"PropertyValueSpecification","valueRequired":true,"valueName":"search_term_string"}}],"inLanguage":"es"},{"@type":"Organization","@id":"https:\/\/fecha.gr\/#organization","name":"FeCHA - Festival de Cine Hispan\u00f3fono de Atenas","url":"https:\/\/fecha.gr\/","logo":{"@type":"ImageObject","inLanguage":"es","@id":"https:\/\/fecha.gr\/#\/schema\/logo\/image\/","url":"https:\/\/fecha.gr\/wp-content\/uploads\/2016\/05\/favicon-fecha.png","contentUrl":"https:\/\/fecha.gr\/wp-content\/uploads\/2016\/05\/favicon-fecha.png","width":1000,"height":1000,"caption":"FeCHA - Festival de Cine Hispan\u00f3fono de Atenas"},"image":{"@id":"https:\/\/fecha.gr\/#\/schema\/logo\/image\/"}}]}},"_links":{"self":[{"href":"https:\/\/fecha.gr\/es\/wp-json\/wp\/v2\/pages\/573","targetHints":{"allow":["GET"]}}],"collection":[{"href":"https:\/\/fecha.gr\/es\/wp-json\/wp\/v2\/pages"}],"about":[{"href":"https:\/\/fecha.gr\/es\/wp-json\/wp\/v2\/types\/page"}],"author":[{"embeddable":true,"href":"https:\/\/fecha.gr\/es\/wp-json\/wp\/v2\/users\/2"}],"replies":[{"embeddable":true,"href":"https:\/\/fecha.gr\/es\/wp-json\/wp\/v2\/comments?post=573"}],"version-history":[{"count":0,"href":"https:\/\/fecha.gr\/es\/wp-json\/wp\/v2\/pages\/573\/revisions"}],"wp:attachment":[{"href":"https:\/\/fecha.gr\/es\/wp-json\/wp\/v2\/media?parent=573"}],"curies":[{"name":"wp","href":"https:\/\/api.w.org\/{rel}","templated":true}]}}