
{"id":4293,"date":"2021-06-10T17:55:09","date_gmt":"2021-06-10T14:55:09","guid":{"rendered":"https:\/\/fecha.gr\/programa-2021\/"},"modified":"2021-07-05T18:32:03","modified_gmt":"2021-07-05T15:32:03","slug":"programa-2021","status":"publish","type":"page","link":"https:\/\/fecha.gr\/es\/programa-2021\/","title":{"rendered":"Programa 2021"},"content":{"rendered":"\n<p><strong>Cine al aire libre Elinis Cinemax&#13;\n<\/strong>(Ave. Kifissias 29, Metro Ampelokipi)<\/p>\n\n<h2 class=\"wp-block-heading\">jueves 24 de junio<\/h2>\n\n<p><strong>21.00<\/strong>&#13;\n<strong><a href=\"https:\/\/fecha.gr\/es\/3959\/sin-senas-particulares\/\" target=\"_blank\" rel=\"noreferrer noopener\">Sin Se\u00f1as Particulares (Fernanda Valadez, M\u00e9xico\/ Espan\u0303a, 2020, 95\u2019)<\/a><\/strong><\/p>\n\n<figure class=\"wp-block-image size-medium\"><img loading=\"lazy\" decoding=\"async\" width=\"300\" height=\"169\" src=\"https:\/\/fecha.gr\/wp-content\/uploads\/2021\/06\/200724-3-1100-300x169.jpg\" alt=\"\" class=\"wp-image-3953\" srcset=\"https:\/\/fecha.gr\/wp-content\/uploads\/2021\/06\/200724-3-1100-300x169.jpg 300w, https:\/\/fecha.gr\/wp-content\/uploads\/2021\/06\/200724-3-1100-1024x576.jpg 1024w, https:\/\/fecha.gr\/wp-content\/uploads\/2021\/06\/200724-3-1100.jpg 1100w\" sizes=\"auto, (max-width: 300px) 100vw, 300px\" \/><\/figure>\n<p>Magdalena se aventura en un viaje en busca de su hijo, el cual desapareci\u00f3 en la ruta hacia la frontera de Estados Unidos. Viajando a trav\u00e9s de los pueblos y paisajes desolados del M\u00e9xico de hoy ella conoce a Miguel, un joven recientemente deportado que est\u00e1 tratando de regresar a su hogar.<\/p>\n\n<p><strong>23.00<\/strong>&#13;\n<strong><a href=\"https:\/\/fecha.gr\/es\/3921\/tu-me-manques\/\" target=\"_blank\" rel=\"noreferrer noopener\">Tu me manques (Rodrigo Bellott, Bolivia\/Estados Unidos, 2019, 105\u2019)<\/a><\/strong><\/p>\n\n<figure class=\"wp-block-image size-medium\"><img loading=\"lazy\" decoding=\"async\" width=\"300\" height=\"150\" src=\"https:\/\/fecha.gr\/wp-content\/uploads\/2021\/06\/tumemanques-300x150.jpg\" alt=\"\" class=\"wp-image-4198\" srcset=\"https:\/\/fecha.gr\/wp-content\/uploads\/2021\/06\/tumemanques-300x150.jpg 300w, https:\/\/fecha.gr\/wp-content\/uploads\/2021\/06\/tumemanques-1024x513.jpg 1024w, https:\/\/fecha.gr\/wp-content\/uploads\/2021\/06\/tumemanques-1536x769.jpg 1536w, https:\/\/fecha.gr\/wp-content\/uploads\/2021\/06\/tumemanques.jpg 1538w\" sizes=\"auto, (max-width: 300px) 100vw, 300px\" \/><\/figure>\n<p>Jorge, un padre tradicional boliviano, recibe noticias del suicidio de su hijo Gabriel. Semanas despu\u00e9s de la tragedia encuentra la computadora port\u00e1til de su hijo, donde descubre que ten\u00eda una relaci\u00f3n amorosa con Sebasti\u00e1n, otro joven compatriota que vive en la ciudad de Nueva York, donde su hijo estudiaba.<\/p>\n\n<h2 class=\"wp-block-heading\">viernes 25 de junio<\/h2>\n\n<p><strong>21.00<\/strong>&#13;\n<strong><a href=\"https:\/\/fecha.gr\/es\/3948\/la-lista-de-los-deseos\/\" target=\"_blank\" rel=\"noreferrer noopener\">La Lista De Los Deseos (\u00c1lvaro D\u00edaz Lorenzo, Espa\u00f1a, 2020, 101\u2019)<\/a><\/strong><\/p>\n\n<figure class=\"wp-block-image size-medium\"><img loading=\"lazy\" decoding=\"async\" width=\"300\" height=\"147\" src=\"https:\/\/fecha.gr\/wp-content\/uploads\/2021\/06\/la-lista-de-los-deseos-1592288351-300x147.jpg\" alt=\"\" class=\"wp-image-4194\" srcset=\"https:\/\/fecha.gr\/wp-content\/uploads\/2021\/06\/la-lista-de-los-deseos-1592288351-300x147.jpg 300w, https:\/\/fecha.gr\/wp-content\/uploads\/2021\/06\/la-lista-de-los-deseos-1592288351-1024x503.jpg 1024w, https:\/\/fecha.gr\/wp-content\/uploads\/2021\/06\/la-lista-de-los-deseos-1592288351-1536x754.jpg 1536w, https:\/\/fecha.gr\/wp-content\/uploads\/2021\/06\/la-lista-de-los-deseos-1592288351-2048x1006.jpg 2048w\" sizes=\"auto, (max-width: 300px) 100vw, 300px\" \/><\/figure>\n<p>Eva y Carmen se encuentran durante una sesi\u00f3n de quimioterapia para tratar sus diagn\u00f3sticos de c\u00e1ncer mamario. Carmen, que ya hab\u00eda pasado por esa misma situaci\u00f3n tres veces antes, motiva a Eva para crear una lista de tres cosas que siempre ha querido hacer, pero nunca se atrevi\u00f3.<\/p>\n\n<p><strong>23.10<\/strong>&#13;\n<strong><a href=\"https:\/\/fecha.gr\/es\/3939\/7-raons-per-fugir\/\" target=\"_blank\" rel=\"noreferrer noopener\">7 Raons per Fugir (Gerard Quinto, Esteve Soler, David Torras, Espa\u00f1a, 2019, 75\u2019)<\/a><\/strong><\/p>\n\n<figure class=\"wp-block-image size-medium\"><img loading=\"lazy\" decoding=\"async\" width=\"300\" height=\"126\" src=\"https:\/\/fecha.gr\/wp-content\/uploads\/2021\/06\/7rph-compromiso-3-300x126.jpg\" alt=\"\" class=\"wp-image-3935\" srcset=\"https:\/\/fecha.gr\/wp-content\/uploads\/2021\/06\/7rph-compromiso-3-300x126.jpg 300w, https:\/\/fecha.gr\/wp-content\/uploads\/2021\/06\/7rph-compromiso-3-1024x429.jpg 1024w, https:\/\/fecha.gr\/wp-content\/uploads\/2021\/06\/7rph-compromiso-3-1536x644.jpg 1536w, https:\/\/fecha.gr\/wp-content\/uploads\/2021\/06\/7rph-compromiso-3.jpg 2048w\" sizes=\"auto, (max-width: 300px) 100vw, 300px\" \/><\/figure>\n<p>Un matrimonio que intenta &#8216;abortar&#8217; a su hijo adulto. Una pareja a la que se le presenta el tercer mundo en casa. Una escalera de vecinos que no recuerdan que va despu\u00e9s del seis&#8230; Siete visiones surrealistas de una sociedad que no progresa.<\/p>\n\n<h2 class=\"wp-block-heading\">sa\u0301bado 26 de junio<\/h2>\n\n<p><strong>21.00&#13;\n<a href=\"https:\/\/fecha.gr\/es\/4006\/sentimental\/\" target=\"_blank\" rel=\"noreferrer noopener\">Sentimental (Cesc Gay, Espa\u00f1a, 2020, 82\u2019)<\/a><\/strong><\/p>\n\n<figure class=\"wp-block-image size-medium\"><img loading=\"lazy\" decoding=\"async\" width=\"300\" height=\"167\" src=\"https:\/\/fecha.gr\/wp-content\/uploads\/2021\/06\/5ef0b075ac3b0-300x167.jpg\" alt=\"\" class=\"wp-image-3998\" srcset=\"https:\/\/fecha.gr\/wp-content\/uploads\/2021\/06\/5ef0b075ac3b0-300x167.jpg 300w, https:\/\/fecha.gr\/wp-content\/uploads\/2021\/06\/5ef0b075ac3b0-1024x569.jpg 1024w, https:\/\/fecha.gr\/wp-content\/uploads\/2021\/06\/5ef0b075ac3b0.jpg 1440w\" sizes=\"auto, (max-width: 300px) 100vw, 300px\" \/><\/figure>\n<p>Julio y Ana hace m\u00e1s de quince a\u00f1os que est\u00e1n juntos. Forman una pareja que ya no se mira ni se toca, y que ha hecho del combate diario la esencia de su relaci\u00f3n. Esta noche Ana ha invitado a casa a sus vecinos del piso de arriba, Salva y Laura, una pareja m\u00e1s joven que ellos, amable y simp\u00e1tica, pero cuyos \u201cruidos\u201d se han convertido en una molestia para Julio y Ana&#8230; \u00bfo quiz\u00e1s en un est\u00edmulo?<\/p>\n\n<p><strong>23.00&#13;\n<a href=\"https:\/\/fecha.gr\/es\/3993\/no-mataras\/\" target=\"_blank\" rel=\"noreferrer noopener\">No Matar\u00e1s (David Victori, Espa\u00f1a, 2020, 92\u2019)<\/a><\/strong><\/p>\n\n<figure class=\"wp-block-image size-medium\"><img loading=\"lazy\" decoding=\"async\" width=\"300\" height=\"200\" src=\"https:\/\/fecha.gr\/wp-content\/uploads\/2021\/06\/nomataras-mariocasas-2-1561113393-300x200.jpg\" alt=\"\" class=\"wp-image-3989\" srcset=\"https:\/\/fecha.gr\/wp-content\/uploads\/2021\/06\/nomataras-mariocasas-2-1561113393-300x200.jpg 300w, https:\/\/fecha.gr\/wp-content\/uploads\/2021\/06\/nomataras-mariocasas-2-1561113393-1024x682.jpg 1024w, https:\/\/fecha.gr\/wp-content\/uploads\/2021\/06\/nomataras-mariocasas-2-1561113393-1536x1024.jpg 1536w, https:\/\/fecha.gr\/wp-content\/uploads\/2021\/06\/nomataras-mariocasas-2-1561113393.jpg 1772w\" sizes=\"auto, (max-width: 300px) 100vw, 300px\" \/><\/figure>\n<p>Dani, un buen chico que durante los \u00faltimos a\u00f1os de su vida se ha dedicado exclusivamente a cuidar de su padre enfermo, decide retomar su vida tras la muerte de \u00e9ste. Justo cuando ha decidido emprender un largo viaje, conoce a Mila, una chica tan inquietante y sensual como inestable, que convertir\u00e1 esa noche en una aut\u00e9ntica pesadilla. Las consecuencias de este encuentro llevar\u00e1n a Dani hasta tal extremo que se plantear\u00e1 cosas que jam\u00e1s habr\u00eda podido imaginar.<\/p>\n\n<h2 class=\"wp-block-heading\">domingo 27 de junio<\/h2>\n\n<p><strong>21.00&#13;\n<a href=\"https:\/\/fecha.gr\/es\/3930\/la-noche-magica\/\" target=\"_blank\" rel=\"noreferrer noopener\">La Noche M\u00e1gica (Gast\u00f3n Portal, Argentina\/Uruguay, 2021, 93\u2019)<\/a><\/strong><\/p>\n\n<figure class=\"wp-block-image size-medium\"><img loading=\"lazy\" decoding=\"async\" width=\"300\" height=\"142\" src=\"https:\/\/fecha.gr\/wp-content\/uploads\/2021\/06\/unnamed-11-300x142.jpg\" alt=\"\" class=\"wp-image-3926\" srcset=\"https:\/\/fecha.gr\/wp-content\/uploads\/2021\/06\/unnamed-11-300x142.jpg 300w, https:\/\/fecha.gr\/wp-content\/uploads\/2021\/06\/unnamed-11.jpg 512w\" sizes=\"auto, (max-width: 300px) 100vw, 300px\" \/><\/figure>\n<p>24 de diciembre. Todo parece silencioso y tranquilo en esta casa de San Isidro donde vive un matrimonio con su peque\u00f1a hija. Pero en la v\u00edspera de Navidad un ladr\u00f3n (Diego Peretti) entrar\u00e1 a robar a la casa. Lo que no sabe es que la peque\u00f1a lo confundir\u00e1 con Pap\u00e1 Noel y le pedir\u00e1 cumplir su lista de deseos navide\u00f1os.<\/p>\n\n<p><strong>23.00<\/strong>&#13;\n<strong><a href=\"https:\/\/fecha.gr\/3961\/glyke-moy-matador\/\" target=\"_blank\" rel=\"noreferrer noopener\">Tengo miedo torero (Rodrigo Sep\u00falveda, Chile\/Argentina\/M\u00e9xico, 2020, 93\u2019)<\/a><\/strong><\/p>\n\n<figure class=\"wp-block-image size-medium\"><img loading=\"lazy\" decoding=\"async\" width=\"300\" height=\"180\" src=\"https:\/\/fecha.gr\/wp-content\/uploads\/2021\/06\/unnamed-12-300x180.jpg\" alt=\"\" class=\"wp-image-3962\" srcset=\"https:\/\/fecha.gr\/wp-content\/uploads\/2021\/06\/unnamed-12-300x180.jpg 300w, https:\/\/fecha.gr\/wp-content\/uploads\/2021\/06\/unnamed-12.jpg 512w\" sizes=\"auto, (max-width: 300px) 100vw, 300px\" \/><\/figure>\n<p>Ambientada a fines de los 80&#8217;s en Santiago de Chile, Tengo miedo torero narra el encuentro entre La Loca del Frente, un viejo travesti de escasos recursos, y Carlos, un guerrillero encubierto de origen mexicano. Una noche, el joven rebelde salva a La Loca de la polic\u00eda y entre ellos florece una especial relaci\u00f3n llena de dolor, justicia y boleros. Carlos le pide a La Loca que guarde unas cajas en su casa, aparentemente llenas de \u00ablibros prohibidos\u00bb, pero lo que ella no sabe es que dentro est\u00e1n las armas para asesinar al dictador Augusto Pinochet.<\/p>\n\n<h2 class=\"wp-block-heading\">lunes 28 de junio<\/h2>\n\n<h2 class=\"wp-block-heading\"><img loading=\"lazy\" decoding=\"async\" width=\"200\" height=\"113\" class=\"wp-image-3901\" style=\"width: 200px;\" src=\"https:\/\/fecha.gr\/wp-content\/uploads\/2021\/06\/peru-bicenterario-logo-fondo-rojo-horizontal.jpg\" alt=\"\" srcset=\"https:\/\/fecha.gr\/wp-content\/uploads\/2021\/06\/peru-bicenterario-logo-fondo-rojo-horizontal.jpg 1920w, https:\/\/fecha.gr\/wp-content\/uploads\/2021\/06\/peru-bicenterario-logo-fondo-rojo-horizontal-300x169.jpg 300w, https:\/\/fecha.gr\/wp-content\/uploads\/2021\/06\/peru-bicenterario-logo-fondo-rojo-horizontal-1024x576.jpg 1024w, https:\/\/fecha.gr\/wp-content\/uploads\/2021\/06\/peru-bicenterario-logo-fondo-rojo-horizontal-1536x864.jpg 1536w\" sizes=\"auto, (max-width: 200px) 100vw, 200px\" \/><\/h2>\n\n<p><strong>21.00<\/strong>&#13;\n<strong><a href=\"https:\/\/fecha.gr\/es\/3907\/la-restauracion\/\" target=\"_blank\" rel=\"noreferrer noopener\">La Restauraci\u00f3n (Alonso Llosa, Per\u00fa, 2020, 91\u2019)<\/a><\/strong><\/p>\n\n<figure class=\"wp-block-image size-medium\"><img loading=\"lazy\" decoding=\"async\" width=\"300\" height=\"166\" src=\"https:\/\/fecha.gr\/wp-content\/uploads\/2021\/06\/la-restauracion-2-300x166.jpg\" alt=\"\" class=\"wp-image-3910\" srcset=\"https:\/\/fecha.gr\/wp-content\/uploads\/2021\/06\/la-restauracion-2-300x166.jpg 300w, https:\/\/fecha.gr\/wp-content\/uploads\/2021\/06\/la-restauracion-2-1024x566.jpg 1024w, https:\/\/fecha.gr\/wp-content\/uploads\/2021\/06\/la-restauracion-2-1536x849.jpg 1536w, https:\/\/fecha.gr\/wp-content\/uploads\/2021\/06\/la-restauracion-2.jpg 1600w\" sizes=\"auto, (max-width: 300px) 100vw, 300px\" \/><\/figure>\n<p>Tato, un carism\u00e1tico e inmaduro hombre de 50 a\u00f1os, lo ha perdido todo. Ahora vive con tres empleados dom\u00e9sticos y su exc\u00e9ntrica madre, Rosa, quien lo humilla cada vez que puede con la esperanza de mantenerlo dentro de su decr\u00e9pita mansi\u00f3n. Desesperado por obtener independencia econ\u00f3mica, Tato vende la casa sin el consentimiento de su madre. Para hacerle creer que ella a\u00fan vive dentro de su viejo cuarto, Tato la coloca en un espacio vagamente similar para crear la ilusi\u00f3n que la casa est\u00e1 siendo restaurada por su valor hist\u00f3rico.<\/p>\n\n<p><strong>23.00&#13;\n<a href=\"https:\/\/fecha.gr\/es\/3898\/cancion-sin-nombre\/\" target=\"_blank\" rel=\"noreferrer noopener\">Canci\u00f3n sin nombre (Melina Le\u00f3n, Per\u00fa\/Espa\u00f1a\/Estados Unidos\/ Chile, 2019, 97\u2019)<\/a><\/strong><\/p>\n\n<figure class=\"wp-block-image size-medium\"><img loading=\"lazy\" decoding=\"async\" width=\"300\" height=\"169\" src=\"https:\/\/fecha.gr\/wp-content\/uploads\/2021\/06\/tragudi-horis-onoma-tenia-lifo-300x169.jpg\" alt=\"\" class=\"wp-image-3892\" srcset=\"https:\/\/fecha.gr\/wp-content\/uploads\/2021\/06\/tragudi-horis-onoma-tenia-lifo-300x169.jpg 300w, https:\/\/fecha.gr\/wp-content\/uploads\/2021\/06\/tragudi-horis-onoma-tenia-lifo-1024x577.jpg 1024w, https:\/\/fecha.gr\/wp-content\/uploads\/2021\/06\/tragudi-horis-onoma-tenia-lifo.jpg 1296w\" sizes=\"auto, (max-width: 300px) 100vw, 300px\" \/><\/figure>\n<p>Peru, 1988. Georgina es una joven de los Andes, cuya hija reci\u00e9n nacida es robada en una cl\u00ednica de salud falsa. Su b\u00fasqueda desesperada de la ni\u00f1a la lleva a la sede de un importante peri\u00f3dico donde conoce a Pedro Campos, un periodista solitario que se encarga de la investigaci\u00f3n. <\/p>\n\n<h2 class=\"wp-block-heading\">martes 29 de junio<\/h2>\n\n<p><strong>21.00&#13;\n<a href=\"https:\/\/fecha.gr\/es\/3986\/el-cuento-de-las-comadrejas\/\" target=\"_blank\" rel=\"noreferrer noopener\">El Cuento De Las Comadrejas (Juan Jos\u00e9 Campanella, Argentina\/Espa\u00f1a, 2018, 129\u2019)<\/a><\/strong><\/p>\n\n<figure class=\"wp-block-image size-medium\"><img loading=\"lazy\" decoding=\"async\" width=\"300\" height=\"169\" src=\"https:\/\/fecha.gr\/wp-content\/uploads\/2021\/06\/comadrejas-1-300x169.jpg\" alt=\"\" class=\"wp-image-4169\" srcset=\"https:\/\/fecha.gr\/wp-content\/uploads\/2021\/06\/comadrejas-1-300x169.jpg 300w, https:\/\/fecha.gr\/wp-content\/uploads\/2021\/06\/comadrejas-1-1024x576.jpg 1024w, https:\/\/fecha.gr\/wp-content\/uploads\/2021\/06\/comadrejas-1.jpg 1360w\" sizes=\"auto, (max-width: 300px) 100vw, 300px\" \/><\/figure>\n<p>La historia de una bella estrella de la \u00e9poca dorada del cine, un actor en el ocaso de su vida, un escritor cinematogr\u00e1fico frustrado y un viejo director hacen lo imposible por conservar el mundo que han creado en una vieja mansi\u00f3n ante la llegada de dos j\u00f3venes que presentan una amenaza que lo puede poner todo en peligro.<\/p>\n\n<h2 class=\"wp-block-heading\">mie\u0301rcoles 30 de junio<\/h2>\n\n<p><strong>21.00&#13;\n<a href=\"https:\/\/fecha.gr\/es\/3977\/pacto-de-fuga\/\" target=\"_blank\" rel=\"noreferrer noopener\">Pacto de Fuga (David Albala, Chile, 2020, 135\u2019)<\/a><\/strong><\/p>\n\n<figure class=\"wp-block-image size-medium\"><img loading=\"lazy\" decoding=\"async\" width=\"300\" height=\"169\" src=\"https:\/\/fecha.gr\/wp-content\/uploads\/2021\/06\/843522255-1280x720-1-300x169.jpg\" alt=\"\" class=\"wp-image-3971\" srcset=\"https:\/\/fecha.gr\/wp-content\/uploads\/2021\/06\/843522255-1280x720-1-300x169.jpg 300w, https:\/\/fecha.gr\/wp-content\/uploads\/2021\/06\/843522255-1280x720-1-1024x576.jpg 1024w, https:\/\/fecha.gr\/wp-content\/uploads\/2021\/06\/843522255-1280x720-1.jpg 1280w\" sizes=\"auto, (max-width: 300px) 100vw, 300px\" \/><\/figure>\n<p>Trata de la fuga carcelaria de medio centenar de reos de la C\u00e1rcel P\u00fablica de Santiago, planeada y perpetrada por 24 presos que cavaron un t\u00fanel de m\u00e1s de 80 metros de largo, escondiendo 55 toneladas de tierra dentro del penal, lo que les tom\u00f3 m\u00e1s de un a\u00f1o de construcci\u00f3n, utilizando s\u00f3lo un destornillador. <\/p>\n","protected":false},"excerpt":{"rendered":"<p>Cine al aire libre Elinis Cinemax&#13; (Ave. Kifissias 29, Metro Ampelokipi) jueves 24 de junio 21.00&#13; Sin Se\u00f1as Particulares (Fernanda Valadez, M\u00e9xico\/ Espan\u0303a, 2020, 95\u2019) Magdalena se aventura en un viaje en busca de su hijo, el cual desapareci\u00f3 en la ruta hacia la frontera de Estados Unidos. Viajando a trav\u00e9s de los pueblos y paisajes desolados del M\u00e9xico de&hellip;<\/p>\n","protected":false},"author":2,"featured_media":0,"parent":0,"menu_order":0,"comment_status":"closed","ping_status":"closed","template":"","meta":{"powered_cache_disable_cache":false,"footnotes":""},"class_list":["post-4293","page","type-page","status-publish","hentry","no-post-thumbnail"],"yoast_head":"<!-- This site is optimized with the Yoast SEO plugin v27.4 - https:\/\/yoast.com\/product\/yoast-seo-wordpress\/ -->\n<title>Programa 2021 - FeCHA - Festival de Cine Hispan\u00f3fono de Atenas \/ Hispanic Film Festival of Athens<\/title>\n<meta name=\"robots\" content=\"index, follow, max-snippet:-1, max-image-preview:large, max-video-preview:-1\" \/>\n<link rel=\"canonical\" href=\"https:\/\/fecha.gr\/es\/programa-2021\/\" \/>\n<meta property=\"og:locale\" content=\"es_ES\" \/>\n<meta property=\"og:type\" content=\"article\" \/>\n<meta property=\"og:title\" content=\"Programa 2021 - FeCHA - Festival de Cine Hispan\u00f3fono de Atenas \/ Hispanic Film Festival of Athens\" \/>\n<meta property=\"og:description\" content=\"Cine al aire libre Elinis Cinemax&#013; (Ave. Kifissias 29, Metro Ampelokipi) jueves 24 de junio 21.00&#013; Sin Se\u00f1as Particulares (Fernanda Valadez, M\u00e9xico\/ Espan\u0303a, 2020, 95\u2019) Magdalena se aventura en un viaje en busca de su hijo, el cual desapareci\u00f3 en la ruta hacia la frontera de Estados Unidos. Viajando a trav\u00e9s de los pueblos y paisajes desolados del M\u00e9xico de&hellip;\" \/>\n<meta property=\"og:url\" content=\"https:\/\/fecha.gr\/es\/programa-2021\/\" \/>\n<meta property=\"og:site_name\" content=\"FeCHA - Festival de Cine Hispan\u00f3fono de Atenas \/ Hispanic Film Festival of Athens\" \/>\n<meta property=\"article:modified_time\" content=\"2021-07-05T15:32:03+00:00\" \/>\n<meta property=\"og:image\" content=\"https:\/\/fecha.gr\/wp-content\/uploads\/2021\/06\/200724-3-1100-300x169.jpg\" \/>\n<meta name=\"twitter:card\" content=\"summary_large_image\" \/>\n<script type=\"application\/ld+json\" class=\"yoast-schema-graph\">{\"@context\":\"https:\\\/\\\/schema.org\",\"@graph\":[{\"@type\":\"WebPage\",\"@id\":\"https:\\\/\\\/fecha.gr\\\/es\\\/programa-2021\\\/\",\"url\":\"https:\\\/\\\/fecha.gr\\\/es\\\/programa-2021\\\/\",\"name\":\"Programa 2021 - FeCHA - Festival de Cine Hispan\u00f3fono de Atenas \\\/ Hispanic Film Festival of Athens\",\"isPartOf\":{\"@id\":\"https:\\\/\\\/fecha.gr\\\/#website\"},\"primaryImageOfPage\":{\"@id\":\"https:\\\/\\\/fecha.gr\\\/es\\\/programa-2021\\\/#primaryimage\"},\"image\":{\"@id\":\"https:\\\/\\\/fecha.gr\\\/es\\\/programa-2021\\\/#primaryimage\"},\"thumbnailUrl\":\"https:\\\/\\\/fecha.gr\\\/wp-content\\\/uploads\\\/2021\\\/06\\\/200724-3-1100-300x169.jpg\",\"datePublished\":\"2021-06-10T14:55:09+00:00\",\"dateModified\":\"2021-07-05T15:32:03+00:00\",\"breadcrumb\":{\"@id\":\"https:\\\/\\\/fecha.gr\\\/es\\\/programa-2021\\\/#breadcrumb\"},\"inLanguage\":\"es\",\"potentialAction\":[{\"@type\":\"ReadAction\",\"target\":[\"https:\\\/\\\/fecha.gr\\\/es\\\/programa-2021\\\/\"]}]},{\"@type\":\"ImageObject\",\"inLanguage\":\"es\",\"@id\":\"https:\\\/\\\/fecha.gr\\\/es\\\/programa-2021\\\/#primaryimage\",\"url\":\"https:\\\/\\\/fecha.gr\\\/wp-content\\\/uploads\\\/2021\\\/06\\\/200724-3-1100-300x169.jpg\",\"contentUrl\":\"https:\\\/\\\/fecha.gr\\\/wp-content\\\/uploads\\\/2021\\\/06\\\/200724-3-1100-300x169.jpg\"},{\"@type\":\"BreadcrumbList\",\"@id\":\"https:\\\/\\\/fecha.gr\\\/es\\\/programa-2021\\\/#breadcrumb\",\"itemListElement\":[{\"@type\":\"ListItem\",\"position\":1,\"name\":\"Home\",\"item\":\"https:\\\/\\\/fecha.gr\\\/es\\\/coming-soon\\\/\"},{\"@type\":\"ListItem\",\"position\":2,\"name\":\"Programa 2021\"}]},{\"@type\":\"WebSite\",\"@id\":\"https:\\\/\\\/fecha.gr\\\/#website\",\"url\":\"https:\\\/\\\/fecha.gr\\\/\",\"name\":\"FeCHA - Festival de Cine Hispan\u00f3fono de Atenas \\\/ Hispanic Film Festival of Athens\",\"description\":\"\",\"publisher\":{\"@id\":\"https:\\\/\\\/fecha.gr\\\/#organization\"},\"potentialAction\":[{\"@type\":\"SearchAction\",\"target\":{\"@type\":\"EntryPoint\",\"urlTemplate\":\"https:\\\/\\\/fecha.gr\\\/?s={search_term_string}\"},\"query-input\":{\"@type\":\"PropertyValueSpecification\",\"valueRequired\":true,\"valueName\":\"search_term_string\"}}],\"inLanguage\":\"es\"},{\"@type\":\"Organization\",\"@id\":\"https:\\\/\\\/fecha.gr\\\/#organization\",\"name\":\"FeCHA - Festival de Cine Hispan\u00f3fono de Atenas\",\"url\":\"https:\\\/\\\/fecha.gr\\\/\",\"logo\":{\"@type\":\"ImageObject\",\"inLanguage\":\"es\",\"@id\":\"https:\\\/\\\/fecha.gr\\\/#\\\/schema\\\/logo\\\/image\\\/\",\"url\":\"https:\\\/\\\/fecha.gr\\\/wp-content\\\/uploads\\\/2016\\\/05\\\/favicon-fecha.png\",\"contentUrl\":\"https:\\\/\\\/fecha.gr\\\/wp-content\\\/uploads\\\/2016\\\/05\\\/favicon-fecha.png\",\"width\":1000,\"height\":1000,\"caption\":\"FeCHA - Festival de Cine Hispan\u00f3fono de Atenas\"},\"image\":{\"@id\":\"https:\\\/\\\/fecha.gr\\\/#\\\/schema\\\/logo\\\/image\\\/\"}}]}<\/script>\n<!-- \/ Yoast SEO plugin. -->","yoast_head_json":{"title":"Programa 2021 - FeCHA - Festival de Cine Hispan\u00f3fono de Atenas \/ Hispanic Film Festival of Athens","robots":{"index":"index","follow":"follow","max-snippet":"max-snippet:-1","max-image-preview":"max-image-preview:large","max-video-preview":"max-video-preview:-1"},"canonical":"https:\/\/fecha.gr\/es\/programa-2021\/","og_locale":"es_ES","og_type":"article","og_title":"Programa 2021 - FeCHA - Festival de Cine Hispan\u00f3fono de Atenas \/ Hispanic Film Festival of Athens","og_description":"Cine al aire libre Elinis Cinemax&#13; (Ave. Kifissias 29, Metro Ampelokipi) jueves 24 de junio 21.00&#13; Sin Se\u00f1as Particulares (Fernanda Valadez, M\u00e9xico\/ Espan\u0303a, 2020, 95\u2019) Magdalena se aventura en un viaje en busca de su hijo, el cual desapareci\u00f3 en la ruta hacia la frontera de Estados Unidos. Viajando a trav\u00e9s de los pueblos y paisajes desolados del M\u00e9xico de&hellip;","og_url":"https:\/\/fecha.gr\/es\/programa-2021\/","og_site_name":"FeCHA - Festival de Cine Hispan\u00f3fono de Atenas \/ Hispanic Film Festival of Athens","article_modified_time":"2021-07-05T15:32:03+00:00","og_image":[{"url":"https:\/\/fecha.gr\/wp-content\/uploads\/2021\/06\/200724-3-1100-300x169.jpg","type":"","width":"","height":""}],"twitter_card":"summary_large_image","schema":{"@context":"https:\/\/schema.org","@graph":[{"@type":"WebPage","@id":"https:\/\/fecha.gr\/es\/programa-2021\/","url":"https:\/\/fecha.gr\/es\/programa-2021\/","name":"Programa 2021 - FeCHA - Festival de Cine Hispan\u00f3fono de Atenas \/ Hispanic Film Festival of Athens","isPartOf":{"@id":"https:\/\/fecha.gr\/#website"},"primaryImageOfPage":{"@id":"https:\/\/fecha.gr\/es\/programa-2021\/#primaryimage"},"image":{"@id":"https:\/\/fecha.gr\/es\/programa-2021\/#primaryimage"},"thumbnailUrl":"https:\/\/fecha.gr\/wp-content\/uploads\/2021\/06\/200724-3-1100-300x169.jpg","datePublished":"2021-06-10T14:55:09+00:00","dateModified":"2021-07-05T15:32:03+00:00","breadcrumb":{"@id":"https:\/\/fecha.gr\/es\/programa-2021\/#breadcrumb"},"inLanguage":"es","potentialAction":[{"@type":"ReadAction","target":["https:\/\/fecha.gr\/es\/programa-2021\/"]}]},{"@type":"ImageObject","inLanguage":"es","@id":"https:\/\/fecha.gr\/es\/programa-2021\/#primaryimage","url":"https:\/\/fecha.gr\/wp-content\/uploads\/2021\/06\/200724-3-1100-300x169.jpg","contentUrl":"https:\/\/fecha.gr\/wp-content\/uploads\/2021\/06\/200724-3-1100-300x169.jpg"},{"@type":"BreadcrumbList","@id":"https:\/\/fecha.gr\/es\/programa-2021\/#breadcrumb","itemListElement":[{"@type":"ListItem","position":1,"name":"Home","item":"https:\/\/fecha.gr\/es\/coming-soon\/"},{"@type":"ListItem","position":2,"name":"Programa 2021"}]},{"@type":"WebSite","@id":"https:\/\/fecha.gr\/#website","url":"https:\/\/fecha.gr\/","name":"FeCHA - Festival de Cine Hispan\u00f3fono de Atenas \/ Hispanic Film Festival of Athens","description":"","publisher":{"@id":"https:\/\/fecha.gr\/#organization"},"potentialAction":[{"@type":"SearchAction","target":{"@type":"EntryPoint","urlTemplate":"https:\/\/fecha.gr\/?s={search_term_string}"},"query-input":{"@type":"PropertyValueSpecification","valueRequired":true,"valueName":"search_term_string"}}],"inLanguage":"es"},{"@type":"Organization","@id":"https:\/\/fecha.gr\/#organization","name":"FeCHA - Festival de Cine Hispan\u00f3fono de Atenas","url":"https:\/\/fecha.gr\/","logo":{"@type":"ImageObject","inLanguage":"es","@id":"https:\/\/fecha.gr\/#\/schema\/logo\/image\/","url":"https:\/\/fecha.gr\/wp-content\/uploads\/2016\/05\/favicon-fecha.png","contentUrl":"https:\/\/fecha.gr\/wp-content\/uploads\/2016\/05\/favicon-fecha.png","width":1000,"height":1000,"caption":"FeCHA - Festival de Cine Hispan\u00f3fono de Atenas"},"image":{"@id":"https:\/\/fecha.gr\/#\/schema\/logo\/image\/"}}]}},"_links":{"self":[{"href":"https:\/\/fecha.gr\/es\/wp-json\/wp\/v2\/pages\/4293","targetHints":{"allow":["GET"]}}],"collection":[{"href":"https:\/\/fecha.gr\/es\/wp-json\/wp\/v2\/pages"}],"about":[{"href":"https:\/\/fecha.gr\/es\/wp-json\/wp\/v2\/types\/page"}],"author":[{"embeddable":true,"href":"https:\/\/fecha.gr\/es\/wp-json\/wp\/v2\/users\/2"}],"replies":[{"embeddable":true,"href":"https:\/\/fecha.gr\/es\/wp-json\/wp\/v2\/comments?post=4293"}],"version-history":[{"count":0,"href":"https:\/\/fecha.gr\/es\/wp-json\/wp\/v2\/pages\/4293\/revisions"}],"wp:attachment":[{"href":"https:\/\/fecha.gr\/es\/wp-json\/wp\/v2\/media?parent=4293"}],"curies":[{"name":"wp","href":"https:\/\/api.w.org\/{rel}","templated":true}]}}