
{"id":1138,"date":"2017-05-15T22:34:04","date_gmt":"2017-05-15T19:34:04","guid":{"rendered":"http:\/\/fecha.gr\/?page_id=1138\/"},"modified":"2017-05-18T16:50:12","modified_gmt":"2017-05-18T13:50:12","slug":"programa-2017","status":"publish","type":"page","link":"https:\/\/fecha.gr\/es\/programa-2017\/","title":{"rendered":"Programa 2017"},"content":{"rendered":"<h3>jueves 8 de junio 2017<\/h3>\n<h4>21.30<\/h4>\n<p><img loading=\"lazy\" decoding=\"async\" class=\"alignleft size-thumbnail wp-image-1021\" src=\"https:\/\/fecha.gr\/wp-content\/uploads\/2017\/05\/contratiempo1-150x150.jpg\" alt=\"\u039f \u0391\u03cc\u03c1\u03b1\u03c4\u03bf\u03c2 \u0395\u03c0\u03b9\u03c3\u03ba\u03ad\u03c0\u03c4\u03b7\u03c2 \/ Contratiempo\" width=\"150\" height=\"150\" \/> <a href=\"https:\/\/fecha.gr\/es\/1026\/contratiempo\/\" target=\"_blank\" rel=\"noopener noreferrer\"><strong>Contratiempo (Oriol Paulo, Espa\u00f1a, 2016, 104&#8242;)<\/strong> <\/a><\/p>\n<p>Adri\u00e1n Doria, un joven y exitoso empresario, despierta en la habitaci\u00f3n de un hotel junto al cad\u00e1ver de su amante. Acusado de asesinato, decide contratar los servicios de Virginia Goodman, la mejor preparadora de testigos del pa\u00eds. En el transcurso de una noche, asesora y cliente trabajar\u00e1n para encontrar una duda razonable que le libre de la c\u00e1rcel.<\/p>\n<p><em>Premios Gaud\u00ed: Nominada a Mejor montaje<\/em><\/p>\n<p>&nbsp;<\/p>\n<p><em><strong>Fiesta de inauguraci\u00f3n tras la proyecci\u00f3n de la pel\u00edcula \u00a0\u00a0<\/strong><\/em><\/p>\n<h3><\/h3>\n<p>&nbsp;<\/p>\n<h3>viernes 9 de junio 2017<\/h3>\n<h4>21.00<\/h4>\n<p><img loading=\"lazy\" decoding=\"async\" class=\"alignleft size-thumbnail wp-image-971\" src=\"https:\/\/fecha.gr\/wp-content\/uploads\/2017\/05\/puerta-150x150.jpg\" alt=\"puerta abierta fecha\" width=\"150\" height=\"150\" \/><a href=\"https:\/\/fecha.gr\/es\/975\/la-puerta-abierta\/\" target=\"_blank\" rel=\"noopener noreferrer\"><strong>La Puerta Abierta (Marina Seresesky, Espa\u00f1a, 2016, 89&#8242;)\u00a0<\/strong> <\/a><\/p>\n<p>Rosa es una prostituta que hered\u00f3 el oficio de Antonia, su madre, quien ahora se cree Sara Montiel y convierte su vida cotidiana en un infierno. Rosa no sabe ser feliz. O no puede. Pero la llegada inesperada de un nuevo integrante a su particular (y absurda) familia le dar\u00e1 una oportunidad \u00fanica para lograrlo.<\/p>\n<p><em>Premios Goya: Nominada a Mejor actriz y actriz sec.<\/em><\/p>\n<p>&nbsp;<\/p>\n<h4>22.50<\/h4>\n<p><img loading=\"lazy\" decoding=\"async\" class=\"alignleft size-thumbnail wp-image-978\" src=\"https:\/\/fecha.gr\/wp-content\/uploads\/2017\/05\/amparo2-150x150.jpg\" alt=\"El Amparo \u03a6\u03b5\u03c3\u03c4\u03b9\u03b2\u03b1\u03bb \u0399\u03c3\u03c0\u03b1\u03bd\u03bf\u03c6\u03c9\u03bd\u03bf\u03c5\" width=\"150\" height=\"150\" \/><a href=\"https:\/\/fecha.gr\/es\/977\/el-amparo\/\" target=\"_blank\" rel=\"noopener noreferrer\"><strong>El Amparo\u00a0(Rober Calzadilla, Venezuela-Colombia, 2016, 100&#8242;)<\/strong><\/a><\/p>\n<p>A\u00f1o 1988. En el pueblo de El Amparo, en la frontera de Venezuela con Colombia, dos hombres sobreviven a un ataque armado perpetrado en los ca\u00f1os del R\u00edo Arauca, donde 14 de sus compa\u00f1eros mueren en el acto. El ej\u00e9rcito los acusa de guerrilleros y, con intimidaciones, intenta sacarlos de la celda donde son custodiados por un polic\u00eda y por la gente del pueblo, que trata desesperadamente de impedir que se los lleven. Ellos dicen que son simples pescadores, pero las presiones para ceder ante la versi\u00f3n oficial son abrumadoras.<\/p>\n<p><em>Basado en hechos verdaderos<\/em><\/p>\n<p>&nbsp;<\/p>\n<p>&nbsp;<\/p>\n<h3>s\u00e1bado 10 de junio 2017<\/h3>\n<h4>19.15<\/h4>\n<p><img loading=\"lazy\" decoding=\"async\" class=\"alignleft size-thumbnail wp-image-1226\" src=\"https:\/\/fecha.gr\/wp-content\/uploads\/2017\/05\/cafe1-150x150.jpg\" alt=\"\u039a\u03b1\u03c6\u03ad \/ Caf\u00e9\" width=\"150\" height=\"150\" \/><em><strong>***entrada gratuita***<\/strong><\/em><\/p>\n<p><a href=\"https:\/\/fecha.gr\/es\/1228\/cafe\/\" target=\"_blank\" rel=\"noopener noreferrer\"><strong>Caf\u00e9 (Hatuey Viveros Lavielle, M\u00e9xico, 2014, 80&#8242;)<\/strong><\/a><\/p>\n<p>Jorge vive en una comunidad n\u00e1huatl ubicada en la sierra de Puebla. Este a\u00f1o termina de estudiar Derecho y est\u00e1 pensando en su desarrollo profesional, sin embargo, sabe que eso implica dejar atr\u00e1s a su familia y a la comunidad a la que ha tratado de ayudar. Jorge ha decidido esperar a que toda la familia se re\u00fana, en el aniversario luctuoso de su padre, para tomar una decisi\u00f3n.<\/p>\n<p>&nbsp;<\/p>\n<p>&nbsp;<\/p>\n<p><span style=\"font-size: 20px; font-weight: bold;\">21.00<\/span><\/p>\n<p><img loading=\"lazy\" decoding=\"async\" class=\"alignleft size-thumbnail wp-image-1030\" src=\"https:\/\/fecha.gr\/wp-content\/uploads\/2017\/05\/magallanes_still_h_2015a-150x150.jpg\" alt=\"\u039f \u039f\u03b4\u03b7\u03b3\u03cc\u03c2 \/ Magallanes\" width=\"150\" height=\"150\" \/><a href=\"https:\/\/fecha.gr\/es\/1034\/magallanes\/\" target=\"_blank\" rel=\"noopener noreferrer\"><strong>Magallanes\u00a0(Salvador del Solar, Per\u00fa &#8211; Argentina &#8211; Colombia, 2015, 110&#8242;)<\/strong> <\/a><\/p>\n<p>La anodina vida de Magallanes (Dami\u00e1n Alc\u00e1zar) da un vuelco el d\u00eda en que Celina (Magaly Solier), una mujer que conoci\u00f3 en los violentos a\u00f1os en que fue soldado del Ej\u00e9rcito peruano y luchaba contra Sendero Luminoso, se sube a su taxi en plena calle de Lima. Este inesperado reencuentro tras 25 a\u00f1os con el oscuro pasado que los une impulsar\u00e1 a Magallanes a embarcarse en un arriesgado plan para intentar ayudar a Celina a conseguir dinero, y al tiempo encontrar quiz\u00e1 una forma de redimirse por el pasado.<\/p>\n<p><em>Premios Goya: Nominada a mejor pel\u00edcula hispanoamericana<\/em><\/p>\n<p>&nbsp;<\/p>\n<h4>23.00<\/h4>\n<p><img loading=\"lazy\" decoding=\"async\" class=\"alignleft size-thumbnail wp-image-1037\" src=\"https:\/\/fecha.gr\/wp-content\/uploads\/2017\/05\/susana1-150x150.jpg\" alt=\"\u03a3\u03bf\u03c5\u03b6\u03ac\u03bd\u03b1, \u03bc\u03b5 \u03a3\u03ba\u03bf\u03c4\u03ce\u03bd\u03b5\u03b9\u03c2 \/ Me Est\u00e1s Matando, Susana\" width=\"150\" height=\"150\" \/><a href=\"https:\/\/fecha.gr\/es\/1042\/me-estas-matando-susana\/\" target=\"_blank\" rel=\"noopener noreferrer\"><strong>Me Est\u00e1s Matando, Susana\u00a0(Roberto Sneider, M\u00e9xico-Canad\u00e1, 2016, 102&#8242;)<\/strong> <\/a><\/p>\n<p>Eligio, un carism\u00e1tico y mediocre actor de 28 a\u00f1os, vive en la fiesta. Un buen d\u00eda llega a su casa para descubrir que su esposa Susana se ha ido sin explicaci\u00f3n o advertencia. Eligio la busca por todas partes y al hablar con la gente va cayendo en cuenta de que entre ellos las cosas no andaban tan bien como \u00e9l pensaba. Despu\u00e9s de un par de meses, Eligio descubre que Susana ha ido a una universidad en una peque\u00f1a ciudad del centro de los Estados Unidos. Eligio malbarata su auto y se lanza furioso a buscarla. Desde su llegada el impulsivo, idiosincr\u00e1sico y enojado Eligio se enfrenta con la r\u00edgida y discriminadora sociedad de Iowa.<\/p>\n<p><em>Premios Ariel: 6 nomin. incl. mejor pel\u00edcula, director y actor<\/em><\/p>\n<p>&nbsp;<\/p>\n<p>&nbsp;<\/p>\n<h3>domingo 11 de junio 2017<\/h3>\n<h4>21.00<\/h4>\n<p><img loading=\"lazy\" decoding=\"async\" class=\"alignleft size-thumbnail wp-image-1046\" src=\"https:\/\/fecha.gr\/wp-content\/uploads\/2017\/05\/vientos-150x150.jpg\" alt=\"\u039f\u03b9 \u0386\u03bd\u03b5\u03bc\u03bf\u03b9 \u03c4\u03b7\u03c2 \u0391\u03b2\u03ac\u03bd\u03b1\u03c2 \/ Vientos de la Habana\" width=\"150\" height=\"150\" \/><a href=\"https:\/\/fecha.gr\/es\/1051\/vientos-de-la-habana\/\" target=\"_blank\" rel=\"noopener noreferrer\"><strong>Vientos de la Habana\u00a0(F\u00e9lix Viscarret, Espa\u00f1a &#8211; Cuba &#8211; Alemania, 2016, 105&#8242;)<\/strong> <\/a><\/p>\n<p>Mientras los c\u00e1lidos vientos azotan las noches de La Habana, el inspector de polic\u00eda Conde conoce a Karina, una enigm\u00e1tica mujer por la cual se siente profundamente atra\u00eddo. Al mismo tiempo le asignan la investigaci\u00f3n de la violaci\u00f3n y asesinato de Lissette N\u00fa\u00f1ez, una profesora del instituto donde estudi\u00f3 el propio Conde. Al tiempo que la relaci\u00f3n con Karina se hace m\u00e1s intensa, Conde trata de reconstruir la vida oculta de Lissette para poder dar con el asesino. As\u00ed llega tambi\u00e9n a descubrir hasta qu\u00e9 punto ha cambiado la indescifrable y contradictoria ciudad de La Habana.<\/p>\n<p>&nbsp;<\/p>\n<h4>23.00<\/h4>\n<p><img loading=\"lazy\" decoding=\"async\" class=\"alignleft size-thumbnail wp-image-1054\" src=\"https:\/\/fecha.gr\/wp-content\/uploads\/2017\/05\/una-noche-150x150.jpg\" alt=\"\u039c\u03af\u03b1 \u039d\u03cd\u03c7\u03c4\u03b1 \u0391\u03b3\u03ac\u03c0\u03b7\u03c2 \/ Una Noche de Amor\" width=\"150\" height=\"150\" \/><a href=\"https:\/\/fecha.gr\/es\/1058\/una-noche-de-amor\/\" target=\"_blank\" rel=\"noopener noreferrer\"><strong>Una Noche de Amor\u00a0(Hern\u00e1n Guerschuny, Argentina, 2016, 90&#8242;)<\/strong> <\/a><\/p>\n<p>Leonel y Paola est\u00e1n casados hace 12 a\u00f1os y tienen dos hijos. \u00c9l es guionista, ella es psic\u00f3loga y les va bien en sus trabajos. Es una pareja que funciona: aman a sus hijos, sus hijos los aman, comparten gustos y formas de ver la vida. Pero, \u00bfel amor? \u00bfLa diversi\u00f3n? \u00bfLa pasi\u00f3n? Esta noche deciden salir solos y los chicos se quedan a dormir en la casa de la madre de Leo.<\/p>\n<p>&nbsp;<\/p>\n<p>&nbsp;<\/p>\n<p>&nbsp;<\/p>\n<h3>lunes 12 de junio 2017<\/h3>\n<h4>21.00<\/h4>\n<p><img loading=\"lazy\" decoding=\"async\" class=\"alignleft size-thumbnail wp-image-1073\" src=\"https:\/\/fecha.gr\/wp-content\/uploads\/2017\/05\/el-pastor_lm_photofilm6-ok1-150x150.jpg\" alt=\"\u039f \u0392\u03bf\u03c3\u03ba\u03cc\u03c2 \/ El Pastor\" width=\"150\" height=\"150\" \/><a href=\"https:\/\/fecha.gr\/es\/1077\/el-pastor\/\" target=\"_blank\" rel=\"noopener noreferrer\"><strong>El Pastor\u00a0(Jonathan Cenzual Burley, Espa\u00f1a, 2016, 98&#8242;)<\/strong> <\/a><\/p>\n<p>Anselmo es un pastor de mediana edad que vive de forma modesta junto con su perro Pillo y sus ovejas en una casa de un pueblo situado en el interior de Espa\u00f1a. Una constructora trata de comprar su terreno para construir un centro comercial, pero Anselmo se niega constantemente. Sin embargo, las ansias de dinero de sus vecinos confrontar\u00e1n con los ideales del pastor y propiciar\u00e1n un inevitable y violento final.<\/p>\n<p>&nbsp;<\/p>\n<h4>23.00<\/h4>\n<p><img loading=\"lazy\" decoding=\"async\" class=\"alignleft size-thumbnail wp-image-1080\" src=\"https:\/\/fecha.gr\/wp-content\/uploads\/2017\/05\/jesus1-150x150.jpg\" alt=\"\u03a7\u03b5\u03c3\u03bf\u03cd\u03c2 \/ Jes\u00fas\" width=\"150\" height=\"150\" \/><a href=\"https:\/\/fecha.gr\/es\/1086\/jesus\/\" target=\"_blank\" rel=\"noopener noreferrer\"><strong>Jes\u00fas (Fernando Guzzoni, Chile &#8211; Francia &#8211; Alemania &#8211; Grecia &#8211; Colombia, 2016, 87&#8242;)<\/strong><\/a><\/p>\n<p>Jes\u00fas est\u00e1 en busca de su identidad, baila en un grupo coreano, dibuja animaciones y cultiva un look similar. Vive junto a su padre, quien trabaja lejos de casa. Una noche, Jes\u00fas se ve envuelto en un crimen con otros tres j\u00f3venes. La polic\u00eda no los descubre y los medios comienzan a cubrir la noticia. El joven, en p\u00e1nico y sinti\u00e9ndose culpable, decide contarle a su padre; sin embargo, mantener el secreto comenzar\u00e1 a ser cada vez m\u00e1s complicado.<\/p>\n<p>&nbsp;<\/p>\n<p>&nbsp;<\/p>\n<h3>martes 13 de junio 2017<\/h3>\n<h4>21.30<\/h4>\n<p><em><strong><img loading=\"lazy\" decoding=\"async\" class=\"alignleft size-thumbnail wp-image-1233\" src=\"https:\/\/fecha.gr\/wp-content\/uploads\/2017\/05\/la-madriguera-1-150x150.jpg\" alt=\"The Writer's Burrow \/ La Madriguera\" width=\"150\" height=\"150\" \/>***entrada gratuita***<\/strong><\/em><\/p>\n<p><a href=\"https:\/\/fecha.gr\/es\/1235\/la-madriguera\/\" target=\"_blank\" rel=\"noopener noreferrer\"><strong>La Madriguera (Kurro Gonz\u00e1lez, Espa\u00f1a, 2016, 92&#8242;)<\/strong><\/a><\/p>\n<p>Carlos es un escritor de \u00e9xito que est\u00e1 encerrado en su casa, no puede acabar su siguiente novela, est\u00e1 bloqueado. Debido a un tr\u00e1gico suceso ha perdido toda la inspiraci\u00f3n. La editorial le insiste para que cumpla con su contrato. Carlos es incapaz de salir de esta situaci\u00f3n por s\u00ed solo, y su editor decide enviarle a Caterina, una joven ayudante que conoce y admira todo su trabajo. La presencia de Caterina hace que Carlos recupere algo de orden en su vida, realizando verdaderos esfuerzos para superar los miedos que lo paralizan, llevando a cabo rutinas que lo ayuden a concentrarse. Pese a ello, Carlos sigue siendo incapaz de salir de su casa, ve en Caterina la \u00fanica oportunidad de acabar la novela y no est\u00e1 dispuesto a perderla. Carlos empieza a construir la madriguera, de la que Caterina intentar\u00e1 escapar a toda costa.<\/p>\n<p>&nbsp;<\/p>\n<p>&nbsp;<\/p>\n<h3>mi\u00e9rcoles<span style=\"font-size: 24px; font-weight: bold;\"> 14 de junio 2017<\/span><\/h3>\n<h4>21.00<\/h4>\n<p><img loading=\"lazy\" decoding=\"async\" class=\"alignleft size-thumbnail wp-image-1089\" src=\"https:\/\/fecha.gr\/wp-content\/uploads\/2017\/05\/alba2-150x150.jpg\" alt=\"\u0386\u03bb\u03bc\u03c0\u03b1 \/ Alba\" width=\"150\" height=\"150\" \/><a href=\"https:\/\/fecha.gr\/es\/1093\/alba\/\" target=\"_blank\" rel=\"noopener noreferrer\"><strong>Alba (Ana Cristina Barrag\u00e1n, Ecuador &#8211; M\u00e9xico &#8211; Grecia, 2016, 96&#8242;)<\/strong> <\/a><\/p>\n<p>Alba, una ni\u00f1a de 11 a\u00f1os, debe ir a vivir con su padre, Igor, debido a la enfermedad de su madre. Igor es un hombre obsesivo y solitario, a quien ella apenas conoce, que despu\u00e9s de separarse de la familia se encerr\u00f3 en una casa peque\u00f1a. La convivencia para Alba es casi insoportable; su padre le recuerda todo aquello que la acompleja de s\u00ed misma.<\/p>\n<p>&nbsp;<\/p>\n<p>&nbsp;<\/p>\n<h4>22.50<\/h4>\n<p><strong><img loading=\"lazy\" decoding=\"async\" class=\"alignleft size-thumbnail wp-image-923\" src=\"https:\/\/fecha.gr\/wp-content\/uploads\/2017\/04\/mi-gran-noche-001-150x150.jpg\" alt=\"mi gran noche \/ \u03b7 \u03bc\u03b5\u03b3\u03b1\u03bb\u03b7 \u03bc\u03bf\u03c5 \u03bd\u03c5\u03c7\u03c4\u03b1\" width=\"150\" height=\"150\" \/><a href=\"https:\/\/fecha.gr\/es\/920\/mi-gran-noche\/\" target=\"_blank\" rel=\"noopener noreferrer\">Mi Gran Noche (\u00c1lex de la Iglesia, Espa\u00f1a, 2015, 100&#8242;)<\/a><\/strong><\/p>\n<p>A Jos\u00e9 lo env\u00eda la ETT a un pabell\u00f3n industrial de las afueras de Madrid para trabajar en la grabaci\u00f3n de una gala especial de Nochevieja. Cientos de figurantes como \u00e9l llevan semana y media encerrados y desesperados mientras fingen celebrar con alegr\u00eda la falsa venida del A\u00f1o Nuevo. Alphonso, la estrella musical, es capaz de todo para asegurarse que su actuaci\u00f3n tendr\u00e1 la m\u00e1xima audiencia. Adanne, su antagonista, joven cantante latino, es acosado por las fans que quieren chantajearle. Los presentadores del programa se odian y compiten entre s\u00ed para ganarse la confianza del productor. Pero lo que nadie sabe es que la vida de Alphonso corre peligro.<\/p>\n<p>&nbsp;<\/p>\n<p>&nbsp;<\/p>\n<h3>jueves 15 de junio 2016<\/h3>\n<h4>21.00<\/h4>\n<p><img loading=\"lazy\" decoding=\"async\" class=\"alignleft size-thumbnail wp-image-1097\" src=\"https:\/\/fecha.gr\/wp-content\/uploads\/2017\/05\/tiera11-150x150.jpg\" alt=\"\u0397 \u0393\u03b7 \u03ba\u03b1\u03b9 \u03b7 \u03a3\u03ba\u03b9\u03ac \/ La Tierra y la Sombra\" width=\"150\" height=\"150\" \/><a href=\"https:\/\/fecha.gr\/es\/1101\/la-tierra-y-la-sombra\/\" target=\"_blank\" rel=\"noopener noreferrer\"><strong>La Tierra y la Sombra\u00a0(C\u00e9sar Acevedo, Colombia &#8211; Chile &#8211; Brasil &#8211; Pa\u00edses Bajos &#8211; Francia, 2015, 97&#8242;)<\/strong><\/a><\/p>\n<p>Alfonso es un viejo campesino que retorna despu\u00e9s de 17 a\u00f1os al hogar que abandon\u00f3 debido a que su \u00fanico hijo padece una grave enfermedad. Al llegar a la regi\u00f3n descubre que todo lo que alguna vez conoci\u00f3 ya no existe y que su familia est\u00e1 a punto de ser desplazada por una amenaza invisible que recorre los vastos laberintos de la ca\u00f1a de az\u00facar llen\u00e1ndolo todo con signos de destrucci\u00f3n y muerte. Ante este dif\u00edcil panorama, Alfonso har\u00e1 todo lo posible por acercarse a ellos antes de que sea demasiado tarde y luchara por salvar lo poco que queda de su pasado, aunque eso implique sacrificar toda huella de su existencia.<\/p>\n<p>&nbsp;<\/p>\n<h4>23.00<\/h4>\n<p><strong><img loading=\"lazy\" decoding=\"async\" class=\"alignleft size-thumbnail wp-image-1135\" src=\"https:\/\/fecha.gr\/wp-content\/uploads\/2017\/05\/koblic11-150x150.jpg\" alt=\"\" width=\"150\" height=\"150\" \/><a href=\"https:\/\/fecha.gr\/es\/940\/koblic\/\" target=\"_blank\" rel=\"noopener noreferrer\">K\u00f3blic\u00a0(Sebastian Borensztein, Argentina, 2016, 92&#8242;)<\/a><\/strong><\/p>\n<p>Durante la dictadura militar argentina (finales de los 70), el ex capit\u00e1n de la Armada Tom\u00e1s K\u00f3blic (Ricardo Dar\u00edn) particip\u00f3 en \u201clos vuelos de la muerte\u201d, denominados as\u00ed porque se arrojaban vivos al mar a los detenidos-desaparecidos. Cuando abandona la Armada, K\u00f3blic se refugia en Colonia Helena, donde impera la ley del comisario Velarde ( \u00d3scar Mart\u00ednez), un delincuente con uniforme policial, l\u00edder de una banda que se dedica al robo de ganado y que tiene oscuros v\u00ednculos con jerarcas militares.<\/p>\n","protected":false},"excerpt":{"rendered":"<p>jueves 8 de junio 2017 21.30 Contratiempo (Oriol Paulo, Espa\u00f1a, 2016, 104&#8242;) Adri\u00e1n Doria, un joven y exitoso empresario, despierta en la habitaci\u00f3n de un hotel junto al cad\u00e1ver de su amante. Acusado de asesinato, decide contratar los servicios de Virginia Goodman, la mejor preparadora de testigos del pa\u00eds. En el transcurso de una noche, asesora y cliente trabajar\u00e1n para&hellip;<\/p>\n","protected":false},"author":2,"featured_media":0,"parent":0,"menu_order":0,"comment_status":"closed","ping_status":"closed","template":"","meta":{"powered_cache_disable_cache":false,"footnotes":""},"class_list":["post-1138","page","type-page","status-publish","hentry","no-post-thumbnail"],"yoast_head":"<!-- This site is optimized with the Yoast SEO plugin v27.3 - https:\/\/yoast.com\/product\/yoast-seo-wordpress\/ -->\n<title>Programa 2017 - FeCHA - Festival de Cine Hispan\u00f3fono de Atenas \/ Hispanic Film Festival of Athens<\/title>\n<meta name=\"robots\" content=\"index, follow, max-snippet:-1, max-image-preview:large, max-video-preview:-1\" \/>\n<link rel=\"canonical\" href=\"https:\/\/fecha.gr\/es\/programa-2017\/\" \/>\n<meta property=\"og:locale\" content=\"es_ES\" \/>\n<meta property=\"og:type\" content=\"article\" \/>\n<meta property=\"og:title\" content=\"Programa 2017 - FeCHA - Festival de Cine Hispan\u00f3fono de Atenas \/ Hispanic Film Festival of Athens\" \/>\n<meta property=\"og:description\" content=\"jueves 8 de junio 2017 21.30 Contratiempo (Oriol Paulo, Espa\u00f1a, 2016, 104&#8242;) Adri\u00e1n Doria, un joven y exitoso empresario, despierta en la habitaci\u00f3n de un hotel junto al cad\u00e1ver de su amante. Acusado de asesinato, decide contratar los servicios de Virginia Goodman, la mejor preparadora de testigos del pa\u00eds. En el transcurso de una noche, asesora y cliente trabajar\u00e1n para&hellip;\" \/>\n<meta property=\"og:url\" content=\"https:\/\/fecha.gr\/es\/programa-2017\/\" \/>\n<meta property=\"og:site_name\" content=\"FeCHA - Festival de Cine Hispan\u00f3fono de Atenas \/ Hispanic Film Festival of Athens\" \/>\n<meta property=\"article:modified_time\" content=\"2017-05-18T13:50:12+00:00\" \/>\n<meta property=\"og:image\" content=\"https:\/\/fecha.gr\/wp-content\/uploads\/2017\/05\/contratiempo1-150x150.jpg\" \/>\n<meta name=\"twitter:card\" content=\"summary_large_image\" \/>\n<script type=\"application\/ld+json\" class=\"yoast-schema-graph\">{\"@context\":\"https:\\\/\\\/schema.org\",\"@graph\":[{\"@type\":\"WebPage\",\"@id\":\"https:\\\/\\\/fecha.gr\\\/es\\\/programa-2017\\\/\",\"url\":\"https:\\\/\\\/fecha.gr\\\/es\\\/programa-2017\\\/\",\"name\":\"Programa 2017 - FeCHA - Festival de Cine Hispan\u00f3fono de Atenas \\\/ Hispanic Film Festival of Athens\",\"isPartOf\":{\"@id\":\"https:\\\/\\\/fecha.gr\\\/#website\"},\"primaryImageOfPage\":{\"@id\":\"https:\\\/\\\/fecha.gr\\\/es\\\/programa-2017\\\/#primaryimage\"},\"image\":{\"@id\":\"https:\\\/\\\/fecha.gr\\\/es\\\/programa-2017\\\/#primaryimage\"},\"thumbnailUrl\":\"https:\\\/\\\/fecha.gr\\\/wp-content\\\/uploads\\\/2017\\\/05\\\/contratiempo1-150x150.jpg\",\"datePublished\":\"2017-05-15T19:34:04+00:00\",\"dateModified\":\"2017-05-18T13:50:12+00:00\",\"breadcrumb\":{\"@id\":\"https:\\\/\\\/fecha.gr\\\/es\\\/programa-2017\\\/#breadcrumb\"},\"inLanguage\":\"es\",\"potentialAction\":[{\"@type\":\"ReadAction\",\"target\":[\"https:\\\/\\\/fecha.gr\\\/es\\\/programa-2017\\\/\"]}]},{\"@type\":\"ImageObject\",\"inLanguage\":\"es\",\"@id\":\"https:\\\/\\\/fecha.gr\\\/es\\\/programa-2017\\\/#primaryimage\",\"url\":\"https:\\\/\\\/fecha.gr\\\/wp-content\\\/uploads\\\/2017\\\/05\\\/contratiempo1-150x150.jpg\",\"contentUrl\":\"https:\\\/\\\/fecha.gr\\\/wp-content\\\/uploads\\\/2017\\\/05\\\/contratiempo1-150x150.jpg\"},{\"@type\":\"BreadcrumbList\",\"@id\":\"https:\\\/\\\/fecha.gr\\\/es\\\/programa-2017\\\/#breadcrumb\",\"itemListElement\":[{\"@type\":\"ListItem\",\"position\":1,\"name\":\"Home\",\"item\":\"https:\\\/\\\/fecha.gr\\\/es\\\/coming-soon\\\/\"},{\"@type\":\"ListItem\",\"position\":2,\"name\":\"Programa 2017\"}]},{\"@type\":\"WebSite\",\"@id\":\"https:\\\/\\\/fecha.gr\\\/#website\",\"url\":\"https:\\\/\\\/fecha.gr\\\/\",\"name\":\"FeCHA - Festival de Cine Hispan\u00f3fono de Atenas \\\/ Hispanic Film Festival of Athens\",\"description\":\"\",\"publisher\":{\"@id\":\"https:\\\/\\\/fecha.gr\\\/#organization\"},\"potentialAction\":[{\"@type\":\"SearchAction\",\"target\":{\"@type\":\"EntryPoint\",\"urlTemplate\":\"https:\\\/\\\/fecha.gr\\\/?s={search_term_string}\"},\"query-input\":{\"@type\":\"PropertyValueSpecification\",\"valueRequired\":true,\"valueName\":\"search_term_string\"}}],\"inLanguage\":\"es\"},{\"@type\":\"Organization\",\"@id\":\"https:\\\/\\\/fecha.gr\\\/#organization\",\"name\":\"FeCHA - Festival de Cine Hispan\u00f3fono de Atenas\",\"url\":\"https:\\\/\\\/fecha.gr\\\/\",\"logo\":{\"@type\":\"ImageObject\",\"inLanguage\":\"es\",\"@id\":\"https:\\\/\\\/fecha.gr\\\/#\\\/schema\\\/logo\\\/image\\\/\",\"url\":\"https:\\\/\\\/fecha.gr\\\/wp-content\\\/uploads\\\/2016\\\/05\\\/favicon-fecha.png\",\"contentUrl\":\"https:\\\/\\\/fecha.gr\\\/wp-content\\\/uploads\\\/2016\\\/05\\\/favicon-fecha.png\",\"width\":1000,\"height\":1000,\"caption\":\"FeCHA - Festival de Cine Hispan\u00f3fono de Atenas\"},\"image\":{\"@id\":\"https:\\\/\\\/fecha.gr\\\/#\\\/schema\\\/logo\\\/image\\\/\"}}]}<\/script>\n<!-- \/ Yoast SEO plugin. -->","yoast_head_json":{"title":"Programa 2017 - FeCHA - Festival de Cine Hispan\u00f3fono de Atenas \/ Hispanic Film Festival of Athens","robots":{"index":"index","follow":"follow","max-snippet":"max-snippet:-1","max-image-preview":"max-image-preview:large","max-video-preview":"max-video-preview:-1"},"canonical":"https:\/\/fecha.gr\/es\/programa-2017\/","og_locale":"es_ES","og_type":"article","og_title":"Programa 2017 - FeCHA - Festival de Cine Hispan\u00f3fono de Atenas \/ Hispanic Film Festival of Athens","og_description":"jueves 8 de junio 2017 21.30 Contratiempo (Oriol Paulo, Espa\u00f1a, 2016, 104&#8242;) Adri\u00e1n Doria, un joven y exitoso empresario, despierta en la habitaci\u00f3n de un hotel junto al cad\u00e1ver de su amante. Acusado de asesinato, decide contratar los servicios de Virginia Goodman, la mejor preparadora de testigos del pa\u00eds. En el transcurso de una noche, asesora y cliente trabajar\u00e1n para&hellip;","og_url":"https:\/\/fecha.gr\/es\/programa-2017\/","og_site_name":"FeCHA - Festival de Cine Hispan\u00f3fono de Atenas \/ Hispanic Film Festival of Athens","article_modified_time":"2017-05-18T13:50:12+00:00","og_image":[{"url":"https:\/\/fecha.gr\/wp-content\/uploads\/2017\/05\/contratiempo1-150x150.jpg","type":"","width":"","height":""}],"twitter_card":"summary_large_image","schema":{"@context":"https:\/\/schema.org","@graph":[{"@type":"WebPage","@id":"https:\/\/fecha.gr\/es\/programa-2017\/","url":"https:\/\/fecha.gr\/es\/programa-2017\/","name":"Programa 2017 - FeCHA - Festival de Cine Hispan\u00f3fono de Atenas \/ Hispanic Film Festival of Athens","isPartOf":{"@id":"https:\/\/fecha.gr\/#website"},"primaryImageOfPage":{"@id":"https:\/\/fecha.gr\/es\/programa-2017\/#primaryimage"},"image":{"@id":"https:\/\/fecha.gr\/es\/programa-2017\/#primaryimage"},"thumbnailUrl":"https:\/\/fecha.gr\/wp-content\/uploads\/2017\/05\/contratiempo1-150x150.jpg","datePublished":"2017-05-15T19:34:04+00:00","dateModified":"2017-05-18T13:50:12+00:00","breadcrumb":{"@id":"https:\/\/fecha.gr\/es\/programa-2017\/#breadcrumb"},"inLanguage":"es","potentialAction":[{"@type":"ReadAction","target":["https:\/\/fecha.gr\/es\/programa-2017\/"]}]},{"@type":"ImageObject","inLanguage":"es","@id":"https:\/\/fecha.gr\/es\/programa-2017\/#primaryimage","url":"https:\/\/fecha.gr\/wp-content\/uploads\/2017\/05\/contratiempo1-150x150.jpg","contentUrl":"https:\/\/fecha.gr\/wp-content\/uploads\/2017\/05\/contratiempo1-150x150.jpg"},{"@type":"BreadcrumbList","@id":"https:\/\/fecha.gr\/es\/programa-2017\/#breadcrumb","itemListElement":[{"@type":"ListItem","position":1,"name":"Home","item":"https:\/\/fecha.gr\/es\/coming-soon\/"},{"@type":"ListItem","position":2,"name":"Programa 2017"}]},{"@type":"WebSite","@id":"https:\/\/fecha.gr\/#website","url":"https:\/\/fecha.gr\/","name":"FeCHA - Festival de Cine Hispan\u00f3fono de Atenas \/ Hispanic Film Festival of Athens","description":"","publisher":{"@id":"https:\/\/fecha.gr\/#organization"},"potentialAction":[{"@type":"SearchAction","target":{"@type":"EntryPoint","urlTemplate":"https:\/\/fecha.gr\/?s={search_term_string}"},"query-input":{"@type":"PropertyValueSpecification","valueRequired":true,"valueName":"search_term_string"}}],"inLanguage":"es"},{"@type":"Organization","@id":"https:\/\/fecha.gr\/#organization","name":"FeCHA - Festival de Cine Hispan\u00f3fono de Atenas","url":"https:\/\/fecha.gr\/","logo":{"@type":"ImageObject","inLanguage":"es","@id":"https:\/\/fecha.gr\/#\/schema\/logo\/image\/","url":"https:\/\/fecha.gr\/wp-content\/uploads\/2016\/05\/favicon-fecha.png","contentUrl":"https:\/\/fecha.gr\/wp-content\/uploads\/2016\/05\/favicon-fecha.png","width":1000,"height":1000,"caption":"FeCHA - Festival de Cine Hispan\u00f3fono de Atenas"},"image":{"@id":"https:\/\/fecha.gr\/#\/schema\/logo\/image\/"}}]}},"_links":{"self":[{"href":"https:\/\/fecha.gr\/es\/wp-json\/wp\/v2\/pages\/1138","targetHints":{"allow":["GET"]}}],"collection":[{"href":"https:\/\/fecha.gr\/es\/wp-json\/wp\/v2\/pages"}],"about":[{"href":"https:\/\/fecha.gr\/es\/wp-json\/wp\/v2\/types\/page"}],"author":[{"embeddable":true,"href":"https:\/\/fecha.gr\/es\/wp-json\/wp\/v2\/users\/2"}],"replies":[{"embeddable":true,"href":"https:\/\/fecha.gr\/es\/wp-json\/wp\/v2\/comments?post=1138"}],"version-history":[{"count":0,"href":"https:\/\/fecha.gr\/es\/wp-json\/wp\/v2\/pages\/1138\/revisions"}],"wp:attachment":[{"href":"https:\/\/fecha.gr\/es\/wp-json\/wp\/v2\/media?parent=1138"}],"curies":[{"name":"wp","href":"https:\/\/api.w.org\/{rel}","templated":true}]}}