
{"id":542,"date":"2016-04-21T19:02:49","date_gmt":"2016-04-21T16:02:49","guid":{"rendered":"http:\/\/fecha.gr\/en\/?page_id=542"},"modified":"2017-05-19T23:40:40","modified_gmt":"2017-05-19T20:40:40","slug":"schedule","status":"publish","type":"page","link":"https:\/\/fecha.gr\/en\/schedule\/","title":{"rendered":"Schedule"},"content":{"rendered":"<h1 style=\"border: 25px solid #85181c;padding: 25px;margin: 25px; text-align:center;\"><a href=\"https:\/\/fecha.gr\/en\/schedule-2017\/\">Check out here the full schedule of the FeCHA Hispanic Film Festival 2017<\/a><\/h1>\n<h2>THURSDAY 2nd JUNE 2016<\/h2>\n<h3>21.30<\/h3>\n<p><a href=\"https:\/\/fecha.gr\/658\/trouman-truman\/\"><strong><img loading=\"lazy\" decoding=\"async\" class=\"alignleft size-thumbnail wp-image-652\" src=\"https:\/\/fecha.gr\/wp-content\/uploads\/2016\/05\/web-1truman-150x150.jpg\" alt=\"Truman \u03c4\u03b1\u03b9\u03bd\u03af\u03b1 \u03c4\u03bf\u03c5 Cesc Gay FeCHA \u03a6\u03b5\u03c3\u03c4\u03b9\u03b2\u03ac\u03bb \u0399\u03c3\u03c0\u03b1\u03bd\u03cc\u03c6\u03c9\u03bd\u03bf\u03c5 \u039a\u03b9\u03bd\u03b7\u03bc\u03b1\u03c4\u03bf\u03b3\u03c1\u03ac\u03c6\u03bf\u03c5\" width=\"150\" height=\"150\" \/><\/strong><\/a><a href=\"https:\/\/fecha.gr\/en\/656\/truman\/\"><strong>TRUMAN (Cesc Gay, Spain, 2015, 108&#8242;)<\/strong><\/a><\/p>\n<p>Spanish comedy with 5 Goya Awards (Best Film, Director, Script, Leading and Supporting Actor).\u00a0Juli\u00e1n receives an unexpected visit from his friend Tom\u00e1s, who lives in Canada. For four intense days, the two men, accompanied by Juli\u00e1n\u2019s faithful dog, Truman, will share emotional and surprising moments prompted by Juli\u00e1n\u2019s complicated situation.<\/p>\n<p><em><strong>An opening ceremony will take place sponsored by the restaurant &#8220;The Mexican&#8221; and beer by Sol.<\/strong><\/em><\/p>\n<p>&nbsp;<\/p>\n<h2>FRIDAY 3rd JUNE 2016<\/h2>\n<h2>21.00<\/h2>\n<p><a href=\"https:\/\/fecha.gr\/469\/syberifora\/\"><strong><img loading=\"lazy\" decoding=\"async\" class=\"alignleft size-thumbnail wp-image-470\" src=\"https:\/\/fecha.gr\/wp-content\/uploads\/2016\/04\/conductastillweb-150x150.jpg\" alt=\"Conducta \/ Behaviour \/ \u03a3\u03c5\u03bc\u03c0\u03b5\u03c1\u03b9\u03c6\u03bf\u03c1\u03ac\" width=\"150\" height=\"150\" \/><\/strong><\/a><a href=\"https:\/\/fecha.gr\/en\/476\/behavior-conducta\/\"><strong>BEHAVIOR\u00a0\/ CONDUCTA (Ernesto Daranas, Cuba, 2014, 110&#8242;)<\/strong><\/a><\/p>\n<p>Chala is eleven years old and lives alone with his drug addict mother. He trains fighting dogs for a living, and this world of violence sometimes surfaces when he is at school. Carmela is his sixth grade teacher, for whom the boy feels affection and respect. One day she becomes ill and musts give up the school for several months. The new teacher, unable to understand Chala\u2019s behavior, sends him off to a reeducation school.<\/p>\n<p>&nbsp;<\/p>\n<h3>23.00<\/h3>\n<p><a href=\"https:\/\/fecha.gr\/485\/i-megeres-musaranas\/\"><strong><img loading=\"lazy\" decoding=\"async\" class=\"alignleft size-thumbnail wp-image-481\" src=\"https:\/\/fecha.gr\/wp-content\/uploads\/2016\/04\/hwsg4cafspvojr6xv3frb6u2qim-150x150.jpg\" alt=\"Musara\u00f1as \/ Shrew\u2019s Nest \/ \u039f\u03b9 \u039c\u03ad\u03b3\u03b1\u03b9\u03c1\u03b5\u03c2\" width=\"150\" height=\"150\" \/><\/strong><\/a><a href=\"https:\/\/fecha.gr\/en\/483\/shrews-nest-musaranas\/\"><strong>SHREW&#8217;S NEST\u00a0\/ MUSARA\u00d1AS (Juanfer Andr\u00e9s &#8211; Esteban Roel, Spain, 2014, 90&#8242;)<\/strong><\/a><\/p>\n<p>Spain, the 1950s. Montse is no longer a young woman. She lost the blush of youth caring for her little sister, holed up in a sinister apartment in downtown Madrid. Their mother died giving birth to the little one and their father couldn\u2019t handle it. Now, she suffers from agoraphobia and cannot take a single step outside the house. One day her neighbour Carlos is misfortunate enough to stumble down the stairwell and looks for help at the only door he was able to drag himself to.\u00a0Montse takes him in.<\/p>\n<p>&nbsp;<\/p>\n<h2>SATURDAY 4th JUNE 2016<\/h2>\n<h2>21.00<\/h2>\n<p><a href=\"https:\/\/fecha.gr\/588\/pios-klevi-pion-cien-anos-de-perdon\/\"><strong><img loading=\"lazy\" decoding=\"async\" class=\"alignleft size-thumbnail wp-image-589\" src=\"https:\/\/fecha.gr\/wp-content\/uploads\/2016\/04\/cien-anos-de-perdon-peliculaweb-150x150.jpg\" alt=\"\u03a0\u03bf\u03b9\u03cc\u03c2 \u03ba\u03bb\u03ad\u03b2\u03b5\u03b9 \u03c0\u03bf\u03b9\u03cc\u03bd; \/ Cien a\u00f1os de perd\u00f3n\" width=\"150\" height=\"150\" \/><\/strong><\/a><a href=\"https:\/\/fecha.gr\/en\/596\/one-hundred-years-forgiveness-cien-anos-de-perdon\/\"><strong>ONE HUNDRED YEARS OF FORGIVENESS\u00a0\/\u00a0CIEN A\u00d1OS\u00a0DE PERD\u00d3N (Daniel Calparsoro, Spain, 2016, 95&#8242;)<\/strong><\/a><\/p>\n<p>On a torrentially rainy morning in Valencia, six men enter a bank in Valencia shortly after it opens and commence a hold-up. All the leader of the pack, known only as El Uruguayo, wants is to empty as many safes in the vault as possible and escape. But things are about to get complicated, especially when the bank manager reveals a secret that is hidden in one of the safes.<\/p>\n<p>&nbsp;<\/p>\n<h3>22.50<\/h3>\n<p><a href=\"https:\/\/fecha.gr\/623\/apo-makria-desde-alla\/\"><strong><img loading=\"lazy\" decoding=\"async\" class=\"alignleft size-thumbnail wp-image-620\" src=\"https:\/\/fecha.gr\/wp-content\/uploads\/2016\/04\/desde-allaweb-150x150.jpg\" alt=\"Desde All\u00e1 una pel\u00edcula de Lorenzo Vigas\" width=\"150\" height=\"150\" \/><\/strong><\/a><a href=\"https:\/\/fecha.gr\/en\/625\/afar-desde-alla\/\"><strong>FROM AFAR \/ DESDE ALL\u00c1 (Lorenzo Vigas, Venezuela\u00a0&#8211; Mexico, 2015, 93&#8242;)<\/strong><\/a><\/p>\n<p>Wealthy middle-aged Armando (Alfredo Castro) lures young men to his home with money. He doesn\u2019t want to touch, only watch from a strict distance. He also follows an elderly businessman with whom he seems to have had a traumatic relationship. Armando\u2019s first encounter with street thug Elder (Luis Silva) is violent, but this doesn\u2019t discourage the lonely man\u2019s fascination with the tough handsome teenager.<\/p>\n<p>&nbsp;<\/p>\n<p>&nbsp;<\/p>\n<h2>SUNDAY 5th JUNE 2016<\/h2>\n<h2>21.00<\/h2>\n<p><a href=\"https:\/\/fecha.gr\/611\/choris-pedia\/\"><strong><img loading=\"lazy\" decoding=\"async\" class=\"alignleft size-thumbnail wp-image-612\" src=\"https:\/\/fecha.gr\/wp-content\/uploads\/2016\/04\/no-kids-5-150x150.jpg\" alt=\"\u03a7\u03c9\u03c1\u03af\u03c2 \u03a0\u03b1\u03b9\u03b4\u03b9\u03ac \/ Sin Hijos \u03bc\u03b9\u03b1 \u03c4\u03b1\u03b9\u03bd\u03af\u03b1 \u03c4\u03b7\u03c2 \u0386\u03c1\u03b9\u03b5\u03bb \u0393\u03bf\u03c5\u03af\u03bd\u03bf\u03b3\u03ba\u03c1\u03b1\u03bd\u03c4\" width=\"150\" height=\"150\" \/><\/strong><\/a><a href=\"https:\/\/fecha.gr\/en\/615\/no-kids-sin-hijos\/\"><strong>NO KIDS\u00a0\/ SIN HIJOS (Ariel Winograd, Argentina &#8211; Spain, 2015, 90&#8242;)<\/strong><\/a><\/p>\n<p>Gabriel has been separated for four years now. Since then his 8 year old daughter is the center of his life. Completely avoiding getting involved in a new romantic relationship, Gabriel focus all his energy in his daughter and work. This plan gets spoiled when Vicky, a platonic love from his adolescence, now a beautiful and independent woman appears in his life. When romance is about to start, she puts one condition: She would never get involved with a man with children.<\/p>\n<p>&nbsp;<\/p>\n<h3>22.45<\/h3>\n<p><a href=\"https:\/\/fecha.gr\/460\/four-moons-tessera-fengaria\/\"><strong><img loading=\"lazy\" decoding=\"async\" class=\"alignleft size-thumbnail wp-image-510\" src=\"https:\/\/fecha.gr\/wp-content\/uploads\/2016\/04\/fourmoons-150x150.jpeg\" alt=\"Cuatro Lunas - FeCHA - Festival de Cine Hispano de Atenas\" width=\"150\" height=\"150\" \/><\/strong><\/a><a href=\"https:\/\/fecha.gr\/en\/454\/four-moons\/\"><strong>FOUR MOONS\u00a0\/ CUATRO LUNAS (Sergio Tovar Velarde, Mexico, 2013, 110&#8242;)<\/strong><\/a><\/p>\n<p>Four stories of love and heartbreak between men of different generations facing their conflicts and their fears.\u00a0Four stories about love and self-acceptance.<\/p>\n<p>&nbsp;<\/p>\n<p>&nbsp;<\/p>\n<p>&nbsp;<\/p>\n<h2>MONDAY 6th JUNE 2016<\/h2>\n<h2>21.00<\/h2>\n<p><a href=\"https:\/\/fecha.gr\/632\/argia-feriado\/\"><strong><img loading=\"lazy\" decoding=\"async\" class=\"alignleft size-thumbnail wp-image-634\" src=\"https:\/\/fecha.gr\/wp-content\/uploads\/2016\/04\/feriado-erste-liebe-16-rcm0x1920u-150x150.jpg\" alt=\"\u0394\u03b9\u03b1\u03ba\u03bf\u03c0\u03ad\u03c2 \/ Feriado \u03bc\u03b9\u03b1 \u03c4\u03b1\u03b9\u03bd\u03af\u03b1 \u03c4\u03bf\u03c5 \u039d\u03c4\u03b9\u03ad\u03b3\u03ba\u03bf \u0391\u03c1\u03b1\u03bf\u03cd\u03c7\u03bf FeCHA \u03c6\u03b5\u03c3\u03c4\u03b9\u03b2\u03ac\u03bb \u0399\u03c3\u03c0\u03b1\u03bd\u03cc\u03c6\u03c9\u03bd\u03bf\u03c5 \u039a\u03b9\u03bd\u03b7\u03bc\u03b1\u03c4\u03bf\u03b3\u03c1\u03ac\u03c6\u03bf\u03c5\" width=\"150\" height=\"150\" \/><\/strong><\/a><a href=\"https:\/\/fecha.gr\/en\/638\/holiday-feriado\/\"><strong>HOLIDAY \/ FERIADO (Diego Araujo, Ecuador, 2014, 82&#8242;)<\/strong><\/a><\/p>\n<p>Juan Pablo, 16, travels to the remote family hacienda in the Andes, where his uncle, who is involved in a corruption scandal, has taken refuge with his wife and teenage children. It is the carnival holiday of 1999, days before the collapse of Ecuador\u2019s banking system. There, Juan Pablo meets Juano, an enigmatic, self-assured black-metal fan from the nearby pueblo, who opens his eyes to anew, liberating universe.<\/p>\n<p>&nbsp;<\/p>\n<h3>22.30<\/h3>\n<p><a href=\"https:\/\/fecha.gr\/660\/ta-manitaria-los-hongos\/\"><strong><img loading=\"lazy\" decoding=\"async\" class=\"alignleft size-thumbnail wp-image-661\" src=\"https:\/\/fecha.gr\/wp-content\/uploads\/2016\/05\/los-hongos-06-150x150.jpg\" alt=\"\u03a4\u03b1 \u039c\u03b1\u03bd\u03b9\u03c4\u03ac\u03c1\u03b9\u03b1 \/ Los Hongos \u03c4\u03b1\u03b9\u03bd\u03af\u03b1 FeCHA \u03c6\u03b5\u03c3\u03c4\u03b9\u03b2\u03ac\u03bb \u03b9\u03c3\u03c0\u03b1\u03bd\u03cc\u03c6\u03c9\u03bd\u03bf\u03c5 \u03ba\u03b9\u03bd\u03b7\u03bc\u03b1\u03c4\u03bf\u03b3\u03c1\u03ac\u03c6\u03bf\u03c5\" width=\"150\" height=\"150\" \/><\/strong><\/a><a href=\"https:\/\/fecha.gr\/en\/664\/mushrooms-los-hongos\/\"><strong>THE MUSHROOMS\u00a0\/ LOS HONGOS (Oscar Ruiz Navia, Colombia, 2014, 103&#8242;)<\/strong><\/a><\/p>\n<p>Every night after work, RAS paints graffiti onto different walls of his neighbourhood in the east of his city, Cali Colombia. During the day he is a construction worker and the son of Maria, a sweet mulatto woman who migrated to the city from the Pacific Jungle.\u00a0One day RAS loses his job because he steals several cans of paint with which he has been painting a huge mural on the lot next to his house.<\/p>\n<p>&nbsp;<\/p>\n<p>&nbsp;<\/p>\n<h2>TUESDAY 7th JUNE 2016<\/h2>\n<h2>21.00<\/h2>\n<p><a href=\"https:\/\/fecha.gr\/580\/katsikes-den-chanoun-treno-las-ovejas-no-pierden-el-tren\/\"><strong><img loading=\"lazy\" decoding=\"async\" class=\"alignleft size-thumbnail wp-image-708\" src=\"https:\/\/fecha.gr\/wp-content\/uploads\/2016\/04\/weone_foto_galeria_4629full-2rygmc8cdaybvf4r-150x150.jpg\" alt=\"las ovejas\" width=\"150\" height=\"150\" \/><\/strong><\/a><a href=\"https:\/\/fecha.gr\/en\/584\/sidetracked-las-ovejas-no-pierden-el-tren\/\"><strong>SIDETRACKED\u00a0\/ LAS OVEJAS NO PIERDEN EL TREN (\u00c1lvaro Fern\u00e1ndez Armero, Spain, 2014, 103&#8242;)<\/strong><\/a><\/p>\n<p>Luisa and Alberto move out to the country to have their second child in an idyllic spot, even though the price to pay is the most apathetic sex imaginable after six years of marriage.\u00a0Someone who has no intention of setting foot in the countryside is Juan, Alberto\u2019s brother who is going out with Natalia, a young woman twenty years his junior who he sees as a lifesaver despite the crazy things kids her age do.<\/p>\n<p>&nbsp;<\/p>\n<h3>23.00<\/h3>\n<p><a href=\"https:\/\/fecha.gr\/495\/nn\/\"><strong><img loading=\"lazy\" decoding=\"async\" class=\"alignleft size-thumbnail wp-image-451\" src=\"https:\/\/fecha.gr\/wp-content\/uploads\/2016\/04\/nn-sin-identidad-150x150.jpg\" alt=\"NN A film by H\u00e9ctor G\u00e1lvez FeCHA \u0399\u03c3\u03c0\u03b1\u03bd\u03cc\u03c6\u03c9\u03bd\u03bf \u039a\u03b9\u03bd\u03b7\u03bc\u03b1\u03c4\u03bf\u03b3\u03c1\u03b1\u03c6\u03b9\u03ba\u03cc \u03a6\u03b5\u03c3\u03c4\u03b9\u03b2\u03ac\u03bb \u0391\u03b8\u03ae\u03bd\u03b1\u03c2\" width=\"150\" height=\"150\" \/><\/strong><\/a><a href=\"https:\/\/fecha.gr\/en\/448\/nn\/\"><strong>NN (H\u00e9ctor G\u00e1lvez, Peru, 2014, 90&#8242;)<\/strong><\/a><\/p>\n<p>The remains of a male body who had presumably disappeared during the years of political violence in Peru have been exhumed but nobody claims them. Now the only clue to his identification is a picture of a smiling girl found in his shirt. Only a blurred photo, a snapshot of a moment in time and a memory\u2026<\/p>\n<p>NN was Peru\u2019s official entry to compete in the Best Foreign Language Film category at the 87th Academy Awards<\/p>\n<p>&nbsp;<\/p>\n<h2>WEDNESDAY 8th JUNE 2016<\/h2>\n<h3>19.15<\/h3>\n<p><strong><a href=\"https:\/\/fecha.gr\/840\/enochi-tou-amnou-la-culpa-del-cordero\/\"><img loading=\"lazy\" decoding=\"async\" class=\"alignleft size-thumbnail wp-image-841\" src=\"https:\/\/fecha.gr\/wp-content\/uploads\/2016\/05\/la-culpa-del-cordero-150x150.jpg\" alt=\"la-culpa-del-cordero\" width=\"150\" height=\"150\" \/><\/a><a href=\"https:\/\/fecha.gr\/en\/849\/guilt-lamb-la-culpa-del-cordero\/\">THE GUILT OF THE LAMB \/ LA CULPA DEL CORDERO (Gabriel Drak, Uruguay, 2012, 85&#8242;)<\/a><\/strong><\/p>\n<p>Jorge and Elena have been married for 35 years. Just before Jorge&#8217;s recent retirement, the couple will decide to make a serious change in their lives and announce this change to the rest of their family. So they invite their 4 children for a barbecue.\u00a0As time goes by and toasts are made, all the family secrets come to the surface and nothing will ever be the same again.<\/p>\n<p><em><span style=\"text-decoration: underline;\"><strong>Screening at the Greek Film Archive, with free admission.<\/strong><\/span><\/em><\/p>\n<h2>21.00<\/h2>\n<p><strong><img loading=\"lazy\" decoding=\"async\" class=\"alignleft size-thumbnail wp-image-675\" src=\"https:\/\/fecha.gr\/wp-content\/uploads\/2016\/05\/the-clan-150x150.jpg\" alt=\"\u0397 \u03c6\u03b1\u03bc\u03b9\u03bb\u03b9\u03b1 El Clan \u03c4\u03b1\u03b9\u03bd\u03af\u03b1 FeCHA \u03a6\u03b5\u03c3\u03c4\u03b9\u03b2\u03ac\u03bb \u0399\u03c3\u03c0\u03b1\u03bd\u03cc\u03c6\u03c9\u03bd\u03bf\u03c5 \u039a\u03b9\u03bd\u03b7\u03bc\u03b1\u03c4\u03bf\u03b3\u03c1\u03ac\u03c6\u03bf\u03c5\" width=\"150\" height=\"150\" \/><a href=\"https:\/\/fecha.gr\/en\/677\/clan-el-clan\/\">THE CLAN\u00a0\/ EL CLAN (Pablo Trapero, Argentina, 2015, 110&#8242;)<\/a><\/strong><\/p>\n<p>Based on the true story of the Puccio family, this film full of suspense and intrigue takes place in the context of the final years of the Argentine military dictatorship and incipient return to democracy. \u00a0Argentina in the early eighties. Within a typical family home in the traditional neighborhood of San Isidro, a sinister clan makes its living off kidnapping and murder.<\/p>\n<p>OFFICIAL CLOSING FILM<\/p>\n<p>&nbsp;<\/p>\n<h3>23.00<\/h3>\n<p><a href=\"https:\/\/fecha.gr\/671\/sexoualiki-zoi-ton-fyton-vida-sexual-de-las-plantas\/\"><strong><img loading=\"lazy\" decoding=\"async\" class=\"alignleft size-thumbnail wp-image-645\" src=\"https:\/\/fecha.gr\/wp-content\/uploads\/2016\/04\/377678-150x150.jpg\" alt=\"vida sexual de las plantas\" width=\"150\" height=\"150\" \/><\/strong><\/a><a href=\"https:\/\/fecha.gr\/en\/669\/sex-life-plants-vida-sexual-de-las-plantas\/\"><strong>SEX LIFE OF PLANTS\u00a0\/ VIDA SEXUAL DE LAS PLANTAS (Sebasti\u00e1n Brahm, Chile, 2015, 95&#8242;)<\/strong><\/a><\/p>\n<p>After a head injury makes a dimwit stranger out Barbara\u2019s beloved Guille, she ceases to feel desire for him. Nearing 35, and longing for motherhood, she settles with a new partner, while the memory of lost love harrows her.<\/p>\n","protected":false},"excerpt":{"rendered":"<p>Check out here the full schedule of the FeCHA Hispanic Film Festival 2017 THURSDAY 2nd JUNE 2016 21.30 TRUMAN (Cesc Gay, Spain, 2015, 108&#8242;) Spanish comedy with 5 Goya Awards (Best Film, Director, Script, Leading and Supporting Actor).\u00a0Juli\u00e1n receives an unexpected visit from his friend Tom\u00e1s, who lives in Canada. For four intense days, the two men, accompanied by Juli\u00e1n\u2019s&hellip;<\/p>\n","protected":false},"author":2,"featured_media":0,"parent":0,"menu_order":0,"comment_status":"closed","ping_status":"closed","template":"","meta":{"powered_cache_disable_cache":false,"footnotes":""},"class_list":["post-542","page","type-page","status-publish","hentry","no-post-thumbnail"],"yoast_head":"<!-- This site is optimized with the Yoast SEO plugin v27.4 - https:\/\/yoast.com\/product\/yoast-seo-wordpress\/ -->\n<title>Schedule - FeCHA - Festival de Cine Hispan\u00f3fono de Atenas \/ Hispanic Film Festival of Athens<\/title>\n<meta name=\"robots\" content=\"index, follow, max-snippet:-1, max-image-preview:large, max-video-preview:-1\" \/>\n<link rel=\"canonical\" href=\"https:\/\/fecha.gr\/en\/schedule\/\" \/>\n<meta property=\"og:locale\" content=\"en_US\" \/>\n<meta property=\"og:type\" content=\"article\" \/>\n<meta property=\"og:title\" content=\"Schedule - FeCHA - Festival de Cine Hispan\u00f3fono de Atenas \/ Hispanic Film Festival of Athens\" \/>\n<meta property=\"og:description\" content=\"Check out here the full schedule of the FeCHA Hispanic Film Festival 2017 THURSDAY 2nd JUNE 2016 21.30 TRUMAN (Cesc Gay, Spain, 2015, 108&#8242;) Spanish comedy with 5 Goya Awards (Best Film, Director, Script, Leading and Supporting Actor).\u00a0Juli\u00e1n receives an unexpected visit from his friend Tom\u00e1s, who lives in Canada. For four intense days, the two men, accompanied by Juli\u00e1n\u2019s&hellip;\" \/>\n<meta property=\"og:url\" content=\"https:\/\/fecha.gr\/en\/schedule\/\" \/>\n<meta property=\"og:site_name\" content=\"FeCHA - Festival de Cine Hispan\u00f3fono de Atenas \/ Hispanic Film Festival of Athens\" \/>\n<meta property=\"article:modified_time\" content=\"2017-05-19T20:40:40+00:00\" \/>\n<meta property=\"og:image\" content=\"https:\/\/fecha.gr\/wp-content\/uploads\/2016\/05\/web-1truman-150x150.jpg\" \/>\n<meta name=\"twitter:card\" content=\"summary_large_image\" \/>\n<script type=\"application\/ld+json\" class=\"yoast-schema-graph\">{\"@context\":\"https:\\\/\\\/schema.org\",\"@graph\":[{\"@type\":\"WebPage\",\"@id\":\"https:\\\/\\\/fecha.gr\\\/en\\\/schedule\\\/\",\"url\":\"https:\\\/\\\/fecha.gr\\\/en\\\/schedule\\\/\",\"name\":\"Schedule - FeCHA - Festival de Cine Hispan\u00f3fono de Atenas \\\/ Hispanic Film Festival of Athens\",\"isPartOf\":{\"@id\":\"https:\\\/\\\/fecha.gr\\\/#website\"},\"primaryImageOfPage\":{\"@id\":\"https:\\\/\\\/fecha.gr\\\/en\\\/schedule\\\/#primaryimage\"},\"image\":{\"@id\":\"https:\\\/\\\/fecha.gr\\\/en\\\/schedule\\\/#primaryimage\"},\"thumbnailUrl\":\"https:\\\/\\\/fecha.gr\\\/wp-content\\\/uploads\\\/2016\\\/05\\\/web-1truman-150x150.jpg\",\"datePublished\":\"2016-04-21T16:02:49+00:00\",\"dateModified\":\"2017-05-19T20:40:40+00:00\",\"breadcrumb\":{\"@id\":\"https:\\\/\\\/fecha.gr\\\/en\\\/schedule\\\/#breadcrumb\"},\"inLanguage\":\"en-US\",\"potentialAction\":[{\"@type\":\"ReadAction\",\"target\":[\"https:\\\/\\\/fecha.gr\\\/en\\\/schedule\\\/\"]}]},{\"@type\":\"ImageObject\",\"inLanguage\":\"en-US\",\"@id\":\"https:\\\/\\\/fecha.gr\\\/en\\\/schedule\\\/#primaryimage\",\"url\":\"https:\\\/\\\/fecha.gr\\\/wp-content\\\/uploads\\\/2016\\\/05\\\/web-1truman-150x150.jpg\",\"contentUrl\":\"https:\\\/\\\/fecha.gr\\\/wp-content\\\/uploads\\\/2016\\\/05\\\/web-1truman-150x150.jpg\"},{\"@type\":\"BreadcrumbList\",\"@id\":\"https:\\\/\\\/fecha.gr\\\/en\\\/schedule\\\/#breadcrumb\",\"itemListElement\":[{\"@type\":\"ListItem\",\"position\":1,\"name\":\"Home\",\"item\":\"https:\\\/\\\/fecha.gr\\\/en\\\/coming-soon\\\/\"},{\"@type\":\"ListItem\",\"position\":2,\"name\":\"Schedule\"}]},{\"@type\":\"WebSite\",\"@id\":\"https:\\\/\\\/fecha.gr\\\/#website\",\"url\":\"https:\\\/\\\/fecha.gr\\\/\",\"name\":\"FeCHA - Festival de Cine Hispan\u00f3fono de Atenas \\\/ Hispanic Film Festival of Athens\",\"description\":\"\",\"publisher\":{\"@id\":\"https:\\\/\\\/fecha.gr\\\/#organization\"},\"potentialAction\":[{\"@type\":\"SearchAction\",\"target\":{\"@type\":\"EntryPoint\",\"urlTemplate\":\"https:\\\/\\\/fecha.gr\\\/?s={search_term_string}\"},\"query-input\":{\"@type\":\"PropertyValueSpecification\",\"valueRequired\":true,\"valueName\":\"search_term_string\"}}],\"inLanguage\":\"en-US\"},{\"@type\":\"Organization\",\"@id\":\"https:\\\/\\\/fecha.gr\\\/#organization\",\"name\":\"FeCHA - Festival de Cine Hispan\u00f3fono de Atenas\",\"url\":\"https:\\\/\\\/fecha.gr\\\/\",\"logo\":{\"@type\":\"ImageObject\",\"inLanguage\":\"en-US\",\"@id\":\"https:\\\/\\\/fecha.gr\\\/#\\\/schema\\\/logo\\\/image\\\/\",\"url\":\"https:\\\/\\\/fecha.gr\\\/wp-content\\\/uploads\\\/2016\\\/05\\\/favicon-fecha.png\",\"contentUrl\":\"https:\\\/\\\/fecha.gr\\\/wp-content\\\/uploads\\\/2016\\\/05\\\/favicon-fecha.png\",\"width\":1000,\"height\":1000,\"caption\":\"FeCHA - Festival de Cine Hispan\u00f3fono de Atenas\"},\"image\":{\"@id\":\"https:\\\/\\\/fecha.gr\\\/#\\\/schema\\\/logo\\\/image\\\/\"}}]}<\/script>\n<!-- \/ Yoast SEO plugin. -->","yoast_head_json":{"title":"Schedule - FeCHA - Festival de Cine Hispan\u00f3fono de Atenas \/ Hispanic Film Festival of Athens","robots":{"index":"index","follow":"follow","max-snippet":"max-snippet:-1","max-image-preview":"max-image-preview:large","max-video-preview":"max-video-preview:-1"},"canonical":"https:\/\/fecha.gr\/en\/schedule\/","og_locale":"en_US","og_type":"article","og_title":"Schedule - FeCHA - Festival de Cine Hispan\u00f3fono de Atenas \/ Hispanic Film Festival of Athens","og_description":"Check out here the full schedule of the FeCHA Hispanic Film Festival 2017 THURSDAY 2nd JUNE 2016 21.30 TRUMAN (Cesc Gay, Spain, 2015, 108&#8242;) Spanish comedy with 5 Goya Awards (Best Film, Director, Script, Leading and Supporting Actor).\u00a0Juli\u00e1n receives an unexpected visit from his friend Tom\u00e1s, who lives in Canada. For four intense days, the two men, accompanied by Juli\u00e1n\u2019s&hellip;","og_url":"https:\/\/fecha.gr\/en\/schedule\/","og_site_name":"FeCHA - Festival de Cine Hispan\u00f3fono de Atenas \/ Hispanic Film Festival of Athens","article_modified_time":"2017-05-19T20:40:40+00:00","og_image":[{"url":"https:\/\/fecha.gr\/wp-content\/uploads\/2016\/05\/web-1truman-150x150.jpg","type":"","width":"","height":""}],"twitter_card":"summary_large_image","schema":{"@context":"https:\/\/schema.org","@graph":[{"@type":"WebPage","@id":"https:\/\/fecha.gr\/en\/schedule\/","url":"https:\/\/fecha.gr\/en\/schedule\/","name":"Schedule - FeCHA - Festival de Cine Hispan\u00f3fono de Atenas \/ Hispanic Film Festival of Athens","isPartOf":{"@id":"https:\/\/fecha.gr\/#website"},"primaryImageOfPage":{"@id":"https:\/\/fecha.gr\/en\/schedule\/#primaryimage"},"image":{"@id":"https:\/\/fecha.gr\/en\/schedule\/#primaryimage"},"thumbnailUrl":"https:\/\/fecha.gr\/wp-content\/uploads\/2016\/05\/web-1truman-150x150.jpg","datePublished":"2016-04-21T16:02:49+00:00","dateModified":"2017-05-19T20:40:40+00:00","breadcrumb":{"@id":"https:\/\/fecha.gr\/en\/schedule\/#breadcrumb"},"inLanguage":"en-US","potentialAction":[{"@type":"ReadAction","target":["https:\/\/fecha.gr\/en\/schedule\/"]}]},{"@type":"ImageObject","inLanguage":"en-US","@id":"https:\/\/fecha.gr\/en\/schedule\/#primaryimage","url":"https:\/\/fecha.gr\/wp-content\/uploads\/2016\/05\/web-1truman-150x150.jpg","contentUrl":"https:\/\/fecha.gr\/wp-content\/uploads\/2016\/05\/web-1truman-150x150.jpg"},{"@type":"BreadcrumbList","@id":"https:\/\/fecha.gr\/en\/schedule\/#breadcrumb","itemListElement":[{"@type":"ListItem","position":1,"name":"Home","item":"https:\/\/fecha.gr\/en\/coming-soon\/"},{"@type":"ListItem","position":2,"name":"Schedule"}]},{"@type":"WebSite","@id":"https:\/\/fecha.gr\/#website","url":"https:\/\/fecha.gr\/","name":"FeCHA - Festival de Cine Hispan\u00f3fono de Atenas \/ Hispanic Film Festival of Athens","description":"","publisher":{"@id":"https:\/\/fecha.gr\/#organization"},"potentialAction":[{"@type":"SearchAction","target":{"@type":"EntryPoint","urlTemplate":"https:\/\/fecha.gr\/?s={search_term_string}"},"query-input":{"@type":"PropertyValueSpecification","valueRequired":true,"valueName":"search_term_string"}}],"inLanguage":"en-US"},{"@type":"Organization","@id":"https:\/\/fecha.gr\/#organization","name":"FeCHA - Festival de Cine Hispan\u00f3fono de Atenas","url":"https:\/\/fecha.gr\/","logo":{"@type":"ImageObject","inLanguage":"en-US","@id":"https:\/\/fecha.gr\/#\/schema\/logo\/image\/","url":"https:\/\/fecha.gr\/wp-content\/uploads\/2016\/05\/favicon-fecha.png","contentUrl":"https:\/\/fecha.gr\/wp-content\/uploads\/2016\/05\/favicon-fecha.png","width":1000,"height":1000,"caption":"FeCHA - Festival de Cine Hispan\u00f3fono de Atenas"},"image":{"@id":"https:\/\/fecha.gr\/#\/schema\/logo\/image\/"}}]}},"_links":{"self":[{"href":"https:\/\/fecha.gr\/en\/wp-json\/wp\/v2\/pages\/542","targetHints":{"allow":["GET"]}}],"collection":[{"href":"https:\/\/fecha.gr\/en\/wp-json\/wp\/v2\/pages"}],"about":[{"href":"https:\/\/fecha.gr\/en\/wp-json\/wp\/v2\/types\/page"}],"author":[{"embeddable":true,"href":"https:\/\/fecha.gr\/en\/wp-json\/wp\/v2\/users\/2"}],"replies":[{"embeddable":true,"href":"https:\/\/fecha.gr\/en\/wp-json\/wp\/v2\/comments?post=542"}],"version-history":[{"count":0,"href":"https:\/\/fecha.gr\/en\/wp-json\/wp\/v2\/pages\/542\/revisions"}],"wp:attachment":[{"href":"https:\/\/fecha.gr\/en\/wp-json\/wp\/v2\/media?parent=542"}],"curies":[{"name":"wp","href":"https:\/\/api.w.org\/{rel}","templated":true}]}}