
{"id":1618,"date":"2018-05-07T14:40:01","date_gmt":"2018-05-07T11:40:01","guid":{"rendered":"https:\/\/fecha.gr\/?page_id=1618"},"modified":"2018-05-08T21:48:36","modified_gmt":"2018-05-08T18:48:36","slug":"schedule-2018","status":"publish","type":"page","link":"https:\/\/fecha.gr\/en\/schedule-2018\/","title":{"rendered":"Schedule 2018"},"content":{"rendered":"<p><strong>Thursday 31st May<\/strong><\/p>\n<p>&nbsp;<\/p>\n<p><strong>21.30<\/strong><\/p>\n<p>&nbsp;<\/p>\n<p><img loading=\"lazy\" decoding=\"async\" class=\"alignleft size-thumbnail wp-image-1416\" src=\"https:\/\/fecha.gr\/wp-content\/uploads\/2018\/05\/el_aviso_foto4web-150x150.jpg\" alt=\"\" width=\"150\" height=\"150\" \/><a href=\"https:\/\/fecha.gr\/1415\/to-mystiko-tis-petaloydas-el-aviso\/\" target=\"_blank\" rel=\"noopener\"><strong>The Warning \/ El Aviso (Daniel Calparsoro, Spain, 2018, 92&#8242;)<\/strong><\/a><\/p>\n<p>&nbsp;<\/p>\n<p>2008: A man is shot in a convenience store in a seemingly random act of violence. But was it random? As the victim lays in coma, his math-whiz best friend begins to decipher a history of eerily similar events occurring in the same location.<\/p>\n<p>2018: a bullied boy receives an anonymous warning that should he enter that convenience store on his tenth birthday he will surely die.<\/p>\n<p>&nbsp;<\/p>\n<p>&nbsp;<\/p>\n<p><em><strong>A cocktail party with SOL beer &amp; Havana Club after the screening<\/strong><\/em><\/p>\n<p>&nbsp;<\/p>\n<p><strong>Friday 1st June<\/strong><\/p>\n<p>&nbsp;<\/p>\n<p><strong>20.50<\/strong><\/p>\n<p>&nbsp;<\/p>\n<p><strong><img loading=\"lazy\" decoding=\"async\" class=\"alignleft size-thumbnail wp-image-1429\" src=\"https:\/\/fecha.gr\/wp-content\/uploads\/2018\/05\/mascaras1web-150x150.jpg\" alt=\"\" width=\"150\" height=\"150\" \/><a href=\"https:\/\/fecha.gr\/1428\/oi-maskes-tis-avanas-mascaras\/\" target=\"_blank\" rel=\"noopener\">Masks \/ M\u00e1scaras (F\u00e9lix Viscarret, Cuba \u2013 Spain, 2016, 90&#8242;)<\/a><\/strong><\/p>\n<p>&nbsp;<\/p>\n<p><strong>Based on Leonardo Padura&#8217;s best-selling novel<\/strong><br \/>\nCuba:In the scalding summer of Havana, the body of a gay young man and son of a diplomat is found, leading Conde to a world of sexual possibilities.<\/p>\n<p>.<\/p>\n<p>&nbsp;<\/p>\n<p>&nbsp;<\/p>\n<p><em><strong>The director will present the film<\/strong><\/em><\/p>\n<p>&nbsp;<\/p>\n<p><strong>23.00<\/strong><\/p>\n<p>&nbsp;<\/p>\n<p><strong><img loading=\"lazy\" decoding=\"async\" class=\"alignleft size-thumbnail wp-image-1444\" src=\"https:\/\/fecha.gr\/wp-content\/uploads\/2018\/05\/the-motive-web-150x150.jpg\" alt=\"\" width=\"150\" height=\"150\" \/><a href=\"https:\/\/fecha.gr\/1443\/to-kinitro-el-autor\/\" target=\"_blank\" rel=\"noopener\">The Motive \/ El Autor (Manuel Mart\u00edn Cuenca, Spain &#8211; M\u00e9xico, 2017, 112&#8242;)<\/a><\/strong><\/p>\n<p>&nbsp;<\/p>\n<p>\u00c1lvaro gets a divorce from his wife, who is a successful writer, and obsesively decides to write \u201chigh literature,\u201d despite the fact that he is absolutely talentless. Creative writing courses prove fruitless, so he starts writing about events he provokes himself, by framing people of his environment. He is so absorbed by the conspiracy for a murder, that he fails to see who the real victim is\u2026A black comedy that is in its turn based on a book by Javier Cercas (Soldiers of Salamina) draws us into a maelstrom of reflections, which proves that real life is nothing but the most convincing confection.<\/p>\n<p>&nbsp;<\/p>\n<p>&nbsp;<\/p>\n<p><strong>Saturday 2nd June<\/strong><\/p>\n<p>&nbsp;<\/p>\n<p><strong>20.50<\/strong><\/p>\n<p>&nbsp;<\/p>\n<p><strong><img loading=\"lazy\" decoding=\"async\" class=\"alignleft size-thumbnail wp-image-1458\" src=\"https:\/\/fecha.gr\/wp-content\/uploads\/2018\/05\/senor-dame-paciencia-150x150.jpg\" alt=\"\" width=\"150\" height=\"150\" \/><a href=\"https:\/\/fecha.gr\/1457\/kideia-einai-tha-perasei-senor-dame-paciencia\/\" target=\"_blank\" rel=\"noopener\">Lord, Give me Patience \/ Se\u00f1or, dame paciencia (\u00c1lvaro D\u00edaz Lorenzo, Spain. 2017, 91&#8242;)<\/a><\/strong><\/p>\n<p>&nbsp;<\/p>\n<p>That a conservative and traditional man\u2019s life would get turned upside down when his wife accidentally dies is normal. But when he has to take her ashes on a road trip to Cadiz with his entire family then all bets are off!<\/p>\n<p>Going with him are his gay son (whom he hasn\u2019t spoken to in two years), his sons fianc\u00e9 (a hot black basque man), his older daughter and her husband ( a catalan that never picks up the check) and his youngest daughter and her new boyfriend (a radical communist hippie). It will be a life changing trip that would open his eyes and soften his heart.<\/p>\n<p>&nbsp;<\/p>\n<p>&nbsp;<\/p>\n<p><strong>23.00<\/strong><\/p>\n<p><strong><img loading=\"lazy\" decoding=\"async\" class=\"alignleft size-thumbnail wp-image-1470\" src=\"https:\/\/fecha.gr\/wp-content\/uploads\/2018\/05\/secuestro_0324_mg_0210-150x150.jpg\" alt=\"\" width=\"150\" height=\"150\" \/><a href=\"https:\/\/fecha.gr\/1469\/apagogi-secuestro\/\" target=\"_blank\" rel=\"noopener\">Boy Missing \/ Secuestro (Mar Targarona, Spain, 2016, 105&#8242;)<\/a><\/strong><\/p>\n<p>&nbsp;<\/p>\n<p>Patricia de Lucas, a reputable lawyer, sees her life turned into a nightmare when her son V\u00edctor disappears from school without a trace. Hours later, the boy reappears, bruised and clammy with sweat, claiming that a man tried to kidnap him, but that he managed to escape.<\/p>\n<p>The police mobilize and after V\u00edctor identifies him in a line-up, they manage to find the man seemingly responsible. But the proof is insufficient and the presumed kidnapper is set free. That is when Patricia\u2014scared and fearing for her son\u2014decides to do what she\u2019s never done before: take justice into her own hands. But the situation gets out of control and her actions will have unforeseen consequences.<\/p>\n<p>&nbsp;<\/p>\n<p>&nbsp;<\/p>\n<p><strong>Sunday 3rd June<\/strong><\/p>\n<p>&nbsp;<\/p>\n<p><strong>20.50<\/strong><\/p>\n<p>&nbsp;<\/p>\n<p><strong><img loading=\"lazy\" decoding=\"async\" class=\"alignleft size-thumbnail wp-image-1483\" src=\"https:\/\/fecha.gr\/wp-content\/uploads\/2018\/05\/sergio-sergei1-150x150.jpg\" alt=\"\" width=\"150\" height=\"150\" \/><a href=\"https:\/\/fecha.gr\/1479\/serchio-sergkei-sergio-serguei\/\" target=\"_blank\" rel=\"noopener\">Sergio &amp; Sergei \/ Sergio &amp; Sergu\u00e9i (Ernesto Daranas, Cuba \u2013 Spain &#8211; USA, 2017, 93&#8242;)<\/a><\/strong><\/p>\n<p>&nbsp;<\/p>\n<p>It\u2019s 1991, the USSR is gone and the Cold War is over, but one man has yet to find out: on the space station Mir, Sergei, the last Soviet cosmonaut, can see the entire planet but his own country has disappeared. With no funds to bring him back, he\u2019s now circling the Earth 16 times a day, cut adrift from his land and home.<\/p>\n<p>Meanwhile in a crumbling Cuba, the Communist dream is also coming to an end for Sergio, a Marxism philosophy professor and Radio enthusiast. Surviving in Havana now means running a clandestine rum distillery and an illegal cigar factory with his 65-year-old mother.<\/p>\n<p>One fateful night, an exchange of radio frequencies accidentally connects Sergio and Sergei. The two men quickly form an unusual friendship in a world of political uncertainty. When a meteorite suddenly damages the Mir, Sergei asks Sergio to help him get back to Earth. With the help of an American friend having connections at NASA, Sergio designs a plan to rescue Sergei from the icy depths of space. But Sergio doesn\u2019t know that he is under surveillance and that his plan will be watched every step of the way\u2026<\/p>\n<p>&nbsp;<\/p>\n<p>&nbsp;<\/p>\n<p><strong>23.00<\/strong><\/p>\n<p>&nbsp;<\/p>\n<p><strong><img loading=\"lazy\" decoding=\"async\" class=\"alignleft size-thumbnail wp-image-1492\" src=\"https:\/\/fecha.gr\/wp-content\/uploads\/2018\/05\/migas-de-pan-justina-bustos-01-150x150.jpg\" alt=\"\" width=\"150\" height=\"150\" \/><a href=\"https:\/\/fecha.gr\/1497\/psichoyla-migas-de-pan\/\" target=\"_blank\" rel=\"noopener\">Breadcrumbs \/ Migas de Pan (Manane Rodr\u00edguez, Uruguay &#8211; Spain, 2016, 109&#8242;)<\/a><\/strong><\/p>\n<p>&nbsp;<\/p>\n<p>Liliana Pereira is returning to her country. There she will have to con- front a past which meant persecu- tion, imprisonment and the loss of custody of her son.<\/p>\n<p>A victim with other women of systematic violence, Liliana must choose between what her heart demands and what her conscience dictates.<\/p>\n<p>&nbsp;<\/p>\n<p>&nbsp;<\/p>\n<p>&nbsp;<\/p>\n<p><strong>Monday 4th June<\/strong><\/p>\n<p>&nbsp;<\/p>\n<p><strong>20.50<\/strong><\/p>\n<p>&nbsp;<\/p>\n<p><strong><img loading=\"lazy\" decoding=\"async\" class=\"alignleft size-thumbnail wp-image-1604\" src=\"https:\/\/fecha.gr\/wp-content\/uploads\/2018\/05\/gilda-150x150.jpg\" alt=\"\" width=\"150\" height=\"150\" \/><a href=\"https:\/\/fecha.gr\/1569\/gilda-gilda-no-me-arrepiento-de-este-amor\/\" target=\"_blank\" rel=\"noopener\">I am Gilda \/ Gilda, no me arrepiento de este amor (Lorena Mu\u00f1oz, Argentina \u2013 Uruguay, 2016, 116&#8242;)<\/a><\/strong><\/p>\n<p>&nbsp;<\/p>\n<p>I\u2019m Gilda tells the story of Gilda \u2013 the Argentinian singer of the \u201890s who, at 36 years old, died tragically in a car accident during the peak of her career.<\/p>\n<p>Born Myriam Alejandra Bianchi, Gilda rose to success after she previously worked as a teacher and a gardener. From the age of 30, it took her a mere six years to achieve what many musicians never achieve in their whole lives, earning her cultural status as popular as a saint.<\/p>\n<p>Played to perfection by the earnest Natalia Oreiro (whose own vocals are used to replicate Gilda\u2019s in this film), Gilda is painted as a struggling heroine who defied the odds in order to achieve her dreams, even in the face of personal hardship.<\/p>\n<p>A tragic retelling of an enigmatic talent cut down in her prime.<\/p>\n<p>&nbsp;<\/p>\n<p>&nbsp;<\/p>\n<p><strong>23.15<\/strong><\/p>\n<p>&nbsp;<\/p>\n<p><strong><img loading=\"lazy\" decoding=\"async\" class=\"alignleft size-thumbnail wp-image-1605\" src=\"https:\/\/fecha.gr\/wp-content\/uploads\/2018\/05\/andres-and-pedro-front-150x150.jpg\" alt=\"\" width=\"150\" height=\"150\" \/><a href=\"https:\/\/fecha.gr\/1559\/oikogeneia-la-familia\/\" target=\"_blank\" rel=\"noopener\">Family \/ La Familia (Gustavo Rond\u00f3n C\u00f3rdova, Venezuela \u2013 Chile \u2013 Norway, 2017, 82&#8242;)<\/a><\/strong><\/p>\n<p>&nbsp;<\/p>\n<p>Twelve-year-old Pedro roams the streets with his friends, raised by the violent urban atmosphere around him in a working class district of Caracas. After Pedro seriously injures another boy in a rough game of play, single father Andr\u00e9s decides they must flee to hide.<\/p>\n<p>Andr\u00e9s will realize he is a father incapable of controlling his own teenage son, but their situation will bring them closer than they have ever been.<\/p>\n<p>&nbsp;<\/p>\n<p>&nbsp;<\/p>\n<p>&nbsp;<\/p>\n<p><strong>Tuesday 5th June<\/strong><\/p>\n<p>&nbsp;<\/p>\n<p><strong>20.50<\/strong><\/p>\n<p>&nbsp;<\/p>\n<p><strong><img loading=\"lazy\" decoding=\"async\" class=\"alignleft size-thumbnail wp-image-1550\" src=\"https:\/\/fecha.gr\/wp-content\/uploads\/2018\/05\/ultimo-traje-150x150.jpg\" alt=\"\" width=\"150\" height=\"150\" \/><a href=\"https:\/\/fecha.gr\/1549\/to-teleytaio-kostoymi-el-ultimo-traje\/\" target=\"_blank\" rel=\"noopener\">The Last Suit \/ El \u00daltimo Traje (Pablo Solarz, Argentina \u2013 Spain, 2017, 86&#8242;)<\/a><\/strong><\/p>\n<p>&nbsp;<\/p>\n<p>Abraham Bursztein, an 88-year old Jewish tailor, leaves Buenos Aires for Poland, where he will try to find the man who saved him from a ertain death after surviving Auschwitz. Escaping from his family who wanted to put him in a nursing home, against all odds, after more than seven decades with no news from him, Abraham will attempt to find his old friend and fulfil his promise of returning one day to tell him all about the life he had thanks to his courage.<\/p>\n<p>&nbsp;<\/p>\n<p>&nbsp;<\/p>\n<p>&nbsp;<\/p>\n<p><strong>22.50<\/strong><\/p>\n<p>&nbsp;<\/p>\n<p><strong><img loading=\"lazy\" decoding=\"async\" class=\"alignleft size-thumbnail wp-image-1540\" src=\"https:\/\/fecha.gr\/wp-content\/uploads\/2018\/05\/still-5-la-ultima-tarde-credit-rolando-jurado-cinencuentro-150x150.jpg\" alt=\"\" width=\"150\" height=\"150\" \/><a href=\"https:\/\/fecha.gr\/1539\/to-teleytaio-mas-apogeyma-la-ultima-tarde\/\" target=\"_blank\" rel=\"noopener\">One Last Afternoon \/ La \u00daltima Tarde (Joel Calero, Peru, 2016, 81&#8242;)<\/a><\/strong><\/p>\n<p>&nbsp;<\/p>\n<p>After 19 years without seeing each other, two former \u201cguerrilleros\u201d reunite to sign their divorce papers. As they catch up with their lives and revisit their shared romantic and political past, they unveil intimate secrets to finally discover who they truly are and how much their country and convictions still hurt them.<\/p>\n<p>ONE LAST AFTERNOON transcends its time and place, capturing the sentiment of a whole generation, who during the 1970s and \u201980s believed that insurgency.was the path to social justice.<\/p>\n<p>&nbsp;<\/p>\n<p>&nbsp;<\/p>\n<p>&nbsp;<\/p>\n<p><strong>Wednesday 6th June<\/strong><\/p>\n<p>&nbsp;<\/p>\n<p><strong>20.50<\/strong><\/p>\n<p>&nbsp;<\/p>\n<p><strong><img loading=\"lazy\" decoding=\"async\" class=\"alignleft size-thumbnail wp-image-1578\" src=\"https:\/\/fecha.gr\/wp-content\/uploads\/2018\/05\/nieve-negra1-1-150x150.jpg\" alt=\"\" width=\"150\" height=\"150\" \/><a href=\"https:\/\/fecha.gr\/1577\/mayro-chioni-nieve-negra\/\" target=\"_blank\" rel=\"noopener\">Black Snow \/ Nieve Negra (Mart\u00edn Hodara, Argentina \u2013 Spain, 2017, 91&#8242;)<\/a><\/strong><\/p>\n<p>&nbsp;<\/p>\n<p>&nbsp;<\/p>\n<p>&nbsp;<\/p>\n<p>Salvador lives isolated in Patagonia after being falsely accused of murdering his own brother when they were teenagers. Many decades later, his brother Marcos and sister-in-law Laura come to try to convince him to sell the some remote family property.. This encounter in the middle of nowhere will not only rekindle their rivalry but forces their conflicting ideas about victim and murderer, and innocence and guilt, to rise to the surface\u2026 again.<\/p>\n<p>&nbsp;<\/p>\n<p><strong>23.00<\/strong><\/p>\n<p>&nbsp;<\/p>\n<p><strong><img loading=\"lazy\" decoding=\"async\" class=\"alignleft size-thumbnail wp-image-1500\" src=\"https:\/\/fecha.gr\/wp-content\/uploads\/2018\/05\/dragon_0-150x150.jpg\" alt=\"\" width=\"150\" height=\"150\" \/><a href=\"https:\/\/fecha.gr\/1499\/i-amyna-toy-drakoy-la-defensa-del-dragon\/\" target=\"_blank\" rel=\"noopener\">The Dragon&#8217;s Defense \/ La Defensa del Drag\u00f3n (Natalia Santa, Colombia, 2017, 79&#8242;)<\/a><\/strong><\/p>\n<p>&nbsp;<\/p>\n<p>Three friends who grow old spend their time in coffee shops in Bogot\u00e1 and meet regularly at a legendary chess club. No matter how good they are in chess, they fail to make any strategic move when it comes to life decisions.<\/p>\n<p>A young female director manages to capture the mental trace of aging masculinity and, at the same time, draws a nostalgic urban portrait of a multifaceted global city.<\/p>\n<p><em>Special Embassy Screening<\/em><\/p>\n","protected":false},"excerpt":{"rendered":"<p>Thursday 31st May &nbsp; 21.30 &nbsp; The Warning \/ El Aviso (Daniel Calparsoro, Spain, 2018, 92&#8242;) &nbsp; 2008: A man is shot in a convenience store in a seemingly random act of violence. But was it random? As the victim lays in coma, his math-whiz best friend begins to decipher a history of eerily similar events occurring in the same&hellip;<\/p>\n","protected":false},"author":2,"featured_media":0,"parent":0,"menu_order":0,"comment_status":"closed","ping_status":"closed","template":"","meta":{"powered_cache_disable_cache":false,"footnotes":""},"class_list":["post-1618","page","type-page","status-publish","hentry","no-post-thumbnail"],"yoast_head":"<!-- This site is optimized with the Yoast SEO plugin v27.3 - https:\/\/yoast.com\/product\/yoast-seo-wordpress\/ -->\n<title>Schedule 2018 - FeCHA - Festival de Cine Hispan\u00f3fono de Atenas \/ Hispanic Film Festival of Athens<\/title>\n<meta name=\"robots\" content=\"index, follow, max-snippet:-1, max-image-preview:large, max-video-preview:-1\" \/>\n<link rel=\"canonical\" href=\"https:\/\/fecha.gr\/en\/schedule-2018\/\" \/>\n<meta property=\"og:locale\" content=\"en_US\" \/>\n<meta property=\"og:type\" content=\"article\" \/>\n<meta property=\"og:title\" content=\"Schedule 2018 - FeCHA - Festival de Cine Hispan\u00f3fono de Atenas \/ Hispanic Film Festival of Athens\" \/>\n<meta property=\"og:description\" content=\"Thursday 31st May &nbsp; 21.30 &nbsp; The Warning \/ El Aviso (Daniel Calparsoro, Spain, 2018, 92&#8242;) &nbsp; 2008: A man is shot in a convenience store in a seemingly random act of violence. But was it random? As the victim lays in coma, his math-whiz best friend begins to decipher a history of eerily similar events occurring in the same&hellip;\" \/>\n<meta property=\"og:url\" content=\"https:\/\/fecha.gr\/en\/schedule-2018\/\" \/>\n<meta property=\"og:site_name\" content=\"FeCHA - Festival de Cine Hispan\u00f3fono de Atenas \/ Hispanic Film Festival of Athens\" \/>\n<meta property=\"article:modified_time\" content=\"2018-05-08T18:48:36+00:00\" \/>\n<meta property=\"og:image\" content=\"https:\/\/fecha.gr\/wp-content\/uploads\/2018\/05\/el_aviso_foto4web-150x150.jpg\" \/>\n<meta name=\"twitter:card\" content=\"summary_large_image\" \/>\n<script type=\"application\/ld+json\" class=\"yoast-schema-graph\">{\"@context\":\"https:\\\/\\\/schema.org\",\"@graph\":[{\"@type\":\"WebPage\",\"@id\":\"https:\\\/\\\/fecha.gr\\\/en\\\/schedule-2018\\\/\",\"url\":\"https:\\\/\\\/fecha.gr\\\/en\\\/schedule-2018\\\/\",\"name\":\"Schedule 2018 - FeCHA - Festival de Cine Hispan\u00f3fono de Atenas \\\/ Hispanic Film Festival of Athens\",\"isPartOf\":{\"@id\":\"https:\\\/\\\/fecha.gr\\\/#website\"},\"primaryImageOfPage\":{\"@id\":\"https:\\\/\\\/fecha.gr\\\/en\\\/schedule-2018\\\/#primaryimage\"},\"image\":{\"@id\":\"https:\\\/\\\/fecha.gr\\\/en\\\/schedule-2018\\\/#primaryimage\"},\"thumbnailUrl\":\"https:\\\/\\\/fecha.gr\\\/wp-content\\\/uploads\\\/2018\\\/05\\\/el_aviso_foto4web-150x150.jpg\",\"datePublished\":\"2018-05-07T11:40:01+00:00\",\"dateModified\":\"2018-05-08T18:48:36+00:00\",\"breadcrumb\":{\"@id\":\"https:\\\/\\\/fecha.gr\\\/en\\\/schedule-2018\\\/#breadcrumb\"},\"inLanguage\":\"en-US\",\"potentialAction\":[{\"@type\":\"ReadAction\",\"target\":[\"https:\\\/\\\/fecha.gr\\\/en\\\/schedule-2018\\\/\"]}]},{\"@type\":\"ImageObject\",\"inLanguage\":\"en-US\",\"@id\":\"https:\\\/\\\/fecha.gr\\\/en\\\/schedule-2018\\\/#primaryimage\",\"url\":\"https:\\\/\\\/fecha.gr\\\/wp-content\\\/uploads\\\/2018\\\/05\\\/el_aviso_foto4web-150x150.jpg\",\"contentUrl\":\"https:\\\/\\\/fecha.gr\\\/wp-content\\\/uploads\\\/2018\\\/05\\\/el_aviso_foto4web-150x150.jpg\"},{\"@type\":\"BreadcrumbList\",\"@id\":\"https:\\\/\\\/fecha.gr\\\/en\\\/schedule-2018\\\/#breadcrumb\",\"itemListElement\":[{\"@type\":\"ListItem\",\"position\":1,\"name\":\"Home\",\"item\":\"https:\\\/\\\/fecha.gr\\\/en\\\/coming-soon\\\/\"},{\"@type\":\"ListItem\",\"position\":2,\"name\":\"Schedule 2018\"}]},{\"@type\":\"WebSite\",\"@id\":\"https:\\\/\\\/fecha.gr\\\/#website\",\"url\":\"https:\\\/\\\/fecha.gr\\\/\",\"name\":\"FeCHA - Festival de Cine Hispan\u00f3fono de Atenas \\\/ Hispanic Film Festival of Athens\",\"description\":\"\",\"publisher\":{\"@id\":\"https:\\\/\\\/fecha.gr\\\/#organization\"},\"potentialAction\":[{\"@type\":\"SearchAction\",\"target\":{\"@type\":\"EntryPoint\",\"urlTemplate\":\"https:\\\/\\\/fecha.gr\\\/?s={search_term_string}\"},\"query-input\":{\"@type\":\"PropertyValueSpecification\",\"valueRequired\":true,\"valueName\":\"search_term_string\"}}],\"inLanguage\":\"en-US\"},{\"@type\":\"Organization\",\"@id\":\"https:\\\/\\\/fecha.gr\\\/#organization\",\"name\":\"FeCHA - Festival de Cine Hispan\u00f3fono de Atenas\",\"url\":\"https:\\\/\\\/fecha.gr\\\/\",\"logo\":{\"@type\":\"ImageObject\",\"inLanguage\":\"en-US\",\"@id\":\"https:\\\/\\\/fecha.gr\\\/#\\\/schema\\\/logo\\\/image\\\/\",\"url\":\"https:\\\/\\\/fecha.gr\\\/wp-content\\\/uploads\\\/2016\\\/05\\\/favicon-fecha.png\",\"contentUrl\":\"https:\\\/\\\/fecha.gr\\\/wp-content\\\/uploads\\\/2016\\\/05\\\/favicon-fecha.png\",\"width\":1000,\"height\":1000,\"caption\":\"FeCHA - Festival de Cine Hispan\u00f3fono de Atenas\"},\"image\":{\"@id\":\"https:\\\/\\\/fecha.gr\\\/#\\\/schema\\\/logo\\\/image\\\/\"}}]}<\/script>\n<!-- \/ Yoast SEO plugin. -->","yoast_head_json":{"title":"Schedule 2018 - FeCHA - Festival de Cine Hispan\u00f3fono de Atenas \/ Hispanic Film Festival of Athens","robots":{"index":"index","follow":"follow","max-snippet":"max-snippet:-1","max-image-preview":"max-image-preview:large","max-video-preview":"max-video-preview:-1"},"canonical":"https:\/\/fecha.gr\/en\/schedule-2018\/","og_locale":"en_US","og_type":"article","og_title":"Schedule 2018 - FeCHA - Festival de Cine Hispan\u00f3fono de Atenas \/ Hispanic Film Festival of Athens","og_description":"Thursday 31st May &nbsp; 21.30 &nbsp; The Warning \/ El Aviso (Daniel Calparsoro, Spain, 2018, 92&#8242;) &nbsp; 2008: A man is shot in a convenience store in a seemingly random act of violence. But was it random? As the victim lays in coma, his math-whiz best friend begins to decipher a history of eerily similar events occurring in the same&hellip;","og_url":"https:\/\/fecha.gr\/en\/schedule-2018\/","og_site_name":"FeCHA - Festival de Cine Hispan\u00f3fono de Atenas \/ Hispanic Film Festival of Athens","article_modified_time":"2018-05-08T18:48:36+00:00","og_image":[{"url":"https:\/\/fecha.gr\/wp-content\/uploads\/2018\/05\/el_aviso_foto4web-150x150.jpg","type":"","width":"","height":""}],"twitter_card":"summary_large_image","schema":{"@context":"https:\/\/schema.org","@graph":[{"@type":"WebPage","@id":"https:\/\/fecha.gr\/en\/schedule-2018\/","url":"https:\/\/fecha.gr\/en\/schedule-2018\/","name":"Schedule 2018 - FeCHA - Festival de Cine Hispan\u00f3fono de Atenas \/ Hispanic Film Festival of Athens","isPartOf":{"@id":"https:\/\/fecha.gr\/#website"},"primaryImageOfPage":{"@id":"https:\/\/fecha.gr\/en\/schedule-2018\/#primaryimage"},"image":{"@id":"https:\/\/fecha.gr\/en\/schedule-2018\/#primaryimage"},"thumbnailUrl":"https:\/\/fecha.gr\/wp-content\/uploads\/2018\/05\/el_aviso_foto4web-150x150.jpg","datePublished":"2018-05-07T11:40:01+00:00","dateModified":"2018-05-08T18:48:36+00:00","breadcrumb":{"@id":"https:\/\/fecha.gr\/en\/schedule-2018\/#breadcrumb"},"inLanguage":"en-US","potentialAction":[{"@type":"ReadAction","target":["https:\/\/fecha.gr\/en\/schedule-2018\/"]}]},{"@type":"ImageObject","inLanguage":"en-US","@id":"https:\/\/fecha.gr\/en\/schedule-2018\/#primaryimage","url":"https:\/\/fecha.gr\/wp-content\/uploads\/2018\/05\/el_aviso_foto4web-150x150.jpg","contentUrl":"https:\/\/fecha.gr\/wp-content\/uploads\/2018\/05\/el_aviso_foto4web-150x150.jpg"},{"@type":"BreadcrumbList","@id":"https:\/\/fecha.gr\/en\/schedule-2018\/#breadcrumb","itemListElement":[{"@type":"ListItem","position":1,"name":"Home","item":"https:\/\/fecha.gr\/en\/coming-soon\/"},{"@type":"ListItem","position":2,"name":"Schedule 2018"}]},{"@type":"WebSite","@id":"https:\/\/fecha.gr\/#website","url":"https:\/\/fecha.gr\/","name":"FeCHA - Festival de Cine Hispan\u00f3fono de Atenas \/ Hispanic Film Festival of Athens","description":"","publisher":{"@id":"https:\/\/fecha.gr\/#organization"},"potentialAction":[{"@type":"SearchAction","target":{"@type":"EntryPoint","urlTemplate":"https:\/\/fecha.gr\/?s={search_term_string}"},"query-input":{"@type":"PropertyValueSpecification","valueRequired":true,"valueName":"search_term_string"}}],"inLanguage":"en-US"},{"@type":"Organization","@id":"https:\/\/fecha.gr\/#organization","name":"FeCHA - Festival de Cine Hispan\u00f3fono de Atenas","url":"https:\/\/fecha.gr\/","logo":{"@type":"ImageObject","inLanguage":"en-US","@id":"https:\/\/fecha.gr\/#\/schema\/logo\/image\/","url":"https:\/\/fecha.gr\/wp-content\/uploads\/2016\/05\/favicon-fecha.png","contentUrl":"https:\/\/fecha.gr\/wp-content\/uploads\/2016\/05\/favicon-fecha.png","width":1000,"height":1000,"caption":"FeCHA - Festival de Cine Hispan\u00f3fono de Atenas"},"image":{"@id":"https:\/\/fecha.gr\/#\/schema\/logo\/image\/"}}]}},"_links":{"self":[{"href":"https:\/\/fecha.gr\/en\/wp-json\/wp\/v2\/pages\/1618","targetHints":{"allow":["GET"]}}],"collection":[{"href":"https:\/\/fecha.gr\/en\/wp-json\/wp\/v2\/pages"}],"about":[{"href":"https:\/\/fecha.gr\/en\/wp-json\/wp\/v2\/types\/page"}],"author":[{"embeddable":true,"href":"https:\/\/fecha.gr\/en\/wp-json\/wp\/v2\/users\/2"}],"replies":[{"embeddable":true,"href":"https:\/\/fecha.gr\/en\/wp-json\/wp\/v2\/comments?post=1618"}],"version-history":[{"count":0,"href":"https:\/\/fecha.gr\/en\/wp-json\/wp\/v2\/pages\/1618\/revisions"}],"wp:attachment":[{"href":"https:\/\/fecha.gr\/en\/wp-json\/wp\/v2\/media?parent=1618"}],"curies":[{"name":"wp","href":"https:\/\/api.w.org\/{rel}","templated":true}]}}